{"id":16640,"date":"2025-08-06T10:42:08","date_gmt":"2025-08-06T16:42:08","guid":{"rendered":"https:\/\/www.expomanualidades.info\/navidad\/?post_type=product&#038;p=16640"},"modified":"2025-10-16T12:45:44","modified_gmt":"2025-10-16T18:45:44","slug":"crea-tu-propio-cascanueces","status":"publish","type":"product","link":"https:\/\/www.expomanualidades.info\/navidad\/producto\/crea-tu-propio-cascanueces\/","title":{"rendered":"Crea tu propio Cascanueces"},"content":{"rendered":"<div class=\"col-md-6 descripcion\">\n<p><strong>TEMARIO<\/strong><\/p>\n<ol>\n<li style=\"list-style-type: none;\">\n<ol>\n<li>Introducci\u00f3n y breve historia de los Cascanueces.<\/li>\n<li>Armado de la figura<\/li>\n<li>Planeaci\u00f3n de la figura de acuerdo a su personalidad o espacio.<\/li>\n<li>Corte y ensamblado de forma con diferentes pegamentos y adheribles.<\/li>\n<li>Pintado de Cascanueces. Pintura y efectos. Barniz y acabados finales.<\/li>\n<li>Detalles finales.<\/li>\n<li>Colocaci\u00f3n de elementos para personalizaci\u00f3n y decoraci\u00f3n: cabello, botones, etc.<\/li>\n<\/ol>\n<\/li>\n<\/ol>\n<\/div>\n<div class=\"col-md-3 descripcion\">\n<p><strong>MATERIAL INCLUIDO<\/strong><\/p>\n<p>Bolsita con:<\/p>\n<ul>\n<li>Tubos de cart\u00f3n.<\/li>\n<li>Latas.<\/li>\n<li>Piezas de madera.<\/li>\n<li>Elementos para personalizar y decorar: algod\u00f3n, pompones, lentejuelas, cordones, etc.<\/li>\n<\/ul>\n<\/div>\n<div class=\"col-md-3 descripcion\">\n<p><strong>MATERIAL EN PR\u00c9STAMO<\/strong><\/p>\n<ul>\n<li>Tijeras y cutters.<\/li>\n<li>Diferentes pegamentos: silic\u00f3n fr\u00edo, pegamento blanco, pegamento en barra, etc.<\/li>\n<li>Material para pintar: pinceles, vasos, servitoallas, godetes, etc.<\/li>\n<li>Barniz de acabado final.<\/li>\n<\/ul>\n<\/div>\n<div class=\"descripcion\" style=\"clear: both; margin-top: 25px;\"><strong>Imparte: Ver\u00f3nica Villanueva<\/strong><br \/>\nSoy tallerista y dise\u00f1adora. Me dedico a impartir talleres creativos enfocados en el arte y la exploraci\u00f3n manual, adem\u00e1s de ilustrar y dise\u00f1ar para empresas. Me apasiona ense\u00f1ar y acompa\u00f1ar a las personas en sus procesos creativos, promoviendo espacios donde puedan expresarse con libertad y conectar con su imaginaci\u00f3n. Trabajo con diversas t\u00e9cnicas pl\u00e1sticas como la arcilla, la cartoner\u00eda y la pintura sobre distintos soportes.<\/div>\n","protected":false},"excerpt":{"rendered":"<p class=\"tallerFecha\">S\u00e1bado 11 de Octubre<\/p>\n<p class=\"tallerHorario\">Horario: De 9:00 a 13:00 hrs<br \/>\nDuraci\u00f3n: 4 horas<\/p>\n<p class=\"tallerSalon\">Sala de Prensa<\/p>\n<div class=\"descripcion\"><strong>DESCRIPCI\u00d3N Y OBJETIVO<\/strong><br \/>\nEn este taller se les proporcionar\u00e1 herramientas a los asistentes para armar y ensamblar su propio cascanueces con tubos de cart\u00f3n, piezas de madera y latas para posteriormente darle vida con pintura. Se les compartir\u00e1n gu\u00edas impresas de esta figura y su significado, adem\u00e1s del asesoramiento en el proceso, como referencia o inspiraci\u00f3n.Cada asistente se ir\u00e1 a casa con un Cascanueces que haga juego con su personalidad, gusto, o su hogar, as\u00ed como con los conocimientos necesarios para poder recrear esta figura a diferentes escalas.<\/p>\n<\/div>\n<div class=\"descripcion\">\n<p><strong>INCLUYE<\/strong><\/p>\n<ol>\n<li>Entrada al taller<\/li>\n<li>Entrada a la Expo para el d\u00eda del taller<\/li>\n<li>Materiales incluidos<\/li>\n<\/ol>\n<p><strong style=\"border-radius: 0px; font-size: 15px; background: #c69d6d; margin: 0;\">No se permite la entrada con ni\u00f1os ni acompa\u00f1antes al taller<\/strong><\/p>\n<\/div>\n","protected":false},"featured_media":16643,"template":"","meta":{"_monsterinsights_skip_tracking":false,"_monsterinsights_sitenote_active":false,"_monsterinsights_sitenote_note":"","_monsterinsights_sitenote_category":0,"site-sidebar-layout":"default","site-content-layout":"","ast-site-content-layout":"default","site-content-style":"default","site-sidebar-style":"default","ast-global-header-display":"","ast-banner-title-visibility":"","ast-main-header-display":"","ast-hfb-above-header-display":"","ast-hfb-below-header-display":"","ast-hfb-mobile-header-display":"","site-post-title":"","ast-breadcrumbs-content":"","ast-featured-img":"","footer-sml-layout":"","theme-transparent-header-meta":"default","adv-header-id-meta":"","stick-header-meta":"","header-above-stick-meta":"","header-main-stick-meta":"","header-below-stick-meta":"","astra-migrate-meta-layouts":"set","ast-page-background-enabled":"default","ast-page-background-meta":{"desktop":{"background-color":"var(--ast-global-color-4)","background-image":"","background-repeat":"repeat","background-position":"center center","background-size":"auto","background-attachment":"scroll","background-type":"","background-media":"","overlay-type":"","overlay-color":"","overlay-opacity":"","overlay-gradient":""},"tablet":{"background-color":"","background-image":"","background-repeat":"repeat","background-position":"center center","background-size":"auto","background-attachment":"scroll","background-type":"","background-media":"","overlay-type":"","overlay-color":"","overlay-opacity":"","overlay-gradient":""},"mobile":{"background-color":"","background-image":"","background-repeat":"repeat","background-position":"center center","background-size":"auto","background-attachment":"scroll","background-type":"","background-media":"","overlay-type":"","overlay-color":"","overlay-opacity":"","overlay-gradient":""}},"ast-content-background-meta":{"desktop":{"background-color":"var(--ast-global-color-5)","background-image":"","background-repeat":"repeat","background-position":"center center","background-size":"auto","background-attachment":"scroll","background-type":"","background-media":"","overlay-type":"","overlay-color":"","overlay-opacity":"","overlay-gradient":""},"tablet":{"background-color":"var(--ast-global-color-5)","background-image":"","background-repeat":"repeat","background-position":"center center","background-size":"auto","background-attachment":"scroll","background-type":"","background-media":"","overlay-type":"","overlay-color":"","overlay-opacity":"","overlay-gradient":""},"mobile":{"background-color":"var(--ast-global-color-5)","background-image":"","background-repeat":"repeat","background-position":"center center","background-size":"auto","background-attachment":"scroll","background-type":"","background-media":"","overlay-type":"","overlay-color":"","overlay-opacity":"","overlay-gradient":""}}},"product_brand":[],"product_cat":[40,34],"product_tag":[],"class_list":{"0":"post-16640","1":"product","2":"type-product","3":"status-publish","4":"has-post-thumbnail","6":"product_cat-descuento-otono","7":"product_cat-talleres","8":"desktop-align-left","9":"tablet-align-left","10":"mobile-align-left","12":"first","13":"outofstock","14":"virtual","15":"purchasable","16":"product-type-simple"},"yoast_head":"<!-- This site is optimized with the Yoast SEO plugin v27.3 - https:\/\/yoast.com\/product\/yoast-seo-wordpress\/ -->\n<title>Taller: Crea tu propio Cascanueces<\/title>\n<meta name=\"description\" content=\"Crea un Cascanueces que haga juego con su personalidad y gusto a su hogar.\" \/>\n<meta name=\"robots\" content=\"index, follow, max-snippet:-1, max-image-preview:large, max-video-preview:-1\" \/>\n<link rel=\"canonical\" href=\"https:\/\/www.expomanualidades.info\/navidad\/producto\/crea-tu-propio-cascanueces\/\" \/>\n<meta property=\"og:locale\" content=\"es_MX\" \/>\n<meta property=\"og:type\" content=\"article\" \/>\n<meta property=\"og:title\" content=\"Taller: Crea tu propio Cascanueces\" \/>\n<meta property=\"og:description\" content=\"Crea un Cascanueces que haga juego con su personalidad y gusto a su hogar.\" \/>\n<meta property=\"og:url\" content=\"https:\/\/www.expomanualidades.info\/navidad\/producto\/crea-tu-propio-cascanueces\/\" \/>\n<meta property=\"og:site_name\" content=\"Manualidades y Navidad\" \/>\n<meta property=\"article:publisher\" content=\"https:\/\/www.facebook.com\/xpomanualidades\/\" \/>\n<meta property=\"article:modified_time\" content=\"2025-10-16T18:45:44+00:00\" \/>\n<meta property=\"og:image\" content=\"https:\/\/www.expomanualidades.info\/navidad\/wp-content\/uploads\/2025\/08\/Taller-Bruja-Manualidades-Arcilla-Madera-26-1024x1024.jpg\" \/>\n\t<meta property=\"og:image:width\" content=\"1024\" \/>\n\t<meta property=\"og:image:height\" content=\"1024\" \/>\n\t<meta property=\"og:image:type\" content=\"image\/jpeg\" \/>\n<meta name=\"twitter:card\" content=\"summary_large_image\" \/>\n<meta name=\"twitter:label1\" content=\"Tiempo de lectura\" \/>\n\t<meta name=\"twitter:data1\" content=\"1 minuto\" \/>\n<script type=\"application\/ld+json\" class=\"yoast-schema-graph\">{\"@context\":\"https:\\\/\\\/schema.org\",\"@graph\":[{\"@type\":\"WebPage\",\"@id\":\"https:\\\/\\\/www.expomanualidades.info\\\/navidad\\\/producto\\\/crea-tu-propio-cascanueces\\\/\",\"url\":\"https:\\\/\\\/www.expomanualidades.info\\\/navidad\\\/producto\\\/crea-tu-propio-cascanueces\\\/\",\"name\":\"Taller: Crea tu propio Cascanueces\",\"isPartOf\":{\"@id\":\"https:\\\/\\\/www.expomanualidades.info\\\/navidad\\\/#website\"},\"primaryImageOfPage\":{\"@id\":\"https:\\\/\\\/www.expomanualidades.info\\\/navidad\\\/producto\\\/crea-tu-propio-cascanueces\\\/#primaryimage\"},\"image\":{\"@id\":\"https:\\\/\\\/www.expomanualidades.info\\\/navidad\\\/producto\\\/crea-tu-propio-cascanueces\\\/#primaryimage\"},\"thumbnailUrl\":\"https:\\\/\\\/www.expomanualidades.info\\\/navidad\\\/wp-content\\\/uploads\\\/2025\\\/08\\\/Taller-Bruja-Manualidades-Arcilla-Madera-26.jpg\",\"datePublished\":\"2025-08-06T16:42:08+00:00\",\"dateModified\":\"2025-10-16T18:45:44+00:00\",\"description\":\"Crea un Cascanueces que haga juego con su personalidad y gusto a su hogar.\",\"breadcrumb\":{\"@id\":\"https:\\\/\\\/www.expomanualidades.info\\\/navidad\\\/producto\\\/crea-tu-propio-cascanueces\\\/#breadcrumb\"},\"inLanguage\":\"es\",\"potentialAction\":[{\"@type\":\"ReadAction\",\"target\":[\"https:\\\/\\\/www.expomanualidades.info\\\/navidad\\\/producto\\\/crea-tu-propio-cascanueces\\\/\"]}]},{\"@type\":\"ImageObject\",\"inLanguage\":\"es\",\"@id\":\"https:\\\/\\\/www.expomanualidades.info\\\/navidad\\\/producto\\\/crea-tu-propio-cascanueces\\\/#primaryimage\",\"url\":\"https:\\\/\\\/www.expomanualidades.info\\\/navidad\\\/wp-content\\\/uploads\\\/2025\\\/08\\\/Taller-Bruja-Manualidades-Arcilla-Madera-26.jpg\",\"contentUrl\":\"https:\\\/\\\/www.expomanualidades.info\\\/navidad\\\/wp-content\\\/uploads\\\/2025\\\/08\\\/Taller-Bruja-Manualidades-Arcilla-Madera-26.jpg\",\"width\":2375,\"height\":2375},{\"@type\":\"BreadcrumbList\",\"@id\":\"https:\\\/\\\/www.expomanualidades.info\\\/navidad\\\/producto\\\/crea-tu-propio-cascanueces\\\/#breadcrumb\",\"itemListElement\":[{\"@type\":\"ListItem\",\"position\":1,\"name\":\"Inicio\",\"item\":\"https:\\\/\\\/www.expomanualidades.info\\\/navidad\\\/\"},{\"@type\":\"ListItem\",\"position\":2,\"name\":\"Tienda\",\"item\":\"https:\\\/\\\/www.expomanualidades.info\\\/navidad\\\/tienda\\\/\"},{\"@type\":\"ListItem\",\"position\":3,\"name\":\"Crea tu propio Cascanueces\"}]},{\"@type\":\"WebSite\",\"@id\":\"https:\\\/\\\/www.expomanualidades.info\\\/navidad\\\/#website\",\"url\":\"https:\\\/\\\/www.expomanualidades.info\\\/navidad\\\/\",\"name\":\"Manualidades y Navidad\",\"description\":\"Ac\u00e9rcate al mundo de las manualidades, donde podr\u00e1s adquirir insumos y herramientas para la elaboraci\u00f3n de distintas t\u00e9cnicas.\",\"publisher\":{\"@id\":\"https:\\\/\\\/www.expomanualidades.info\\\/navidad\\\/#organization\"},\"potentialAction\":[{\"@type\":\"SearchAction\",\"target\":{\"@type\":\"EntryPoint\",\"urlTemplate\":\"https:\\\/\\\/www.expomanualidades.info\\\/navidad\\\/?s={search_term_string}\"},\"query-input\":{\"@type\":\"PropertyValueSpecification\",\"valueRequired\":true,\"valueName\":\"search_term_string\"}}],\"inLanguage\":\"es\"},{\"@type\":\"Organization\",\"@id\":\"https:\\\/\\\/www.expomanualidades.info\\\/navidad\\\/#organization\",\"name\":\"Manualidades y Navidad\",\"url\":\"https:\\\/\\\/www.expomanualidades.info\\\/navidad\\\/\",\"logo\":{\"@type\":\"ImageObject\",\"inLanguage\":\"es\",\"@id\":\"https:\\\/\\\/www.expomanualidades.info\\\/navidad\\\/#\\\/schema\\\/logo\\\/image\\\/\",\"url\":\"https:\\\/\\\/www.expomanualidades.info\\\/navidad\\\/wp-content\\\/uploads\\\/2025\\\/10\\\/Expo-Manualidades-Navidad-10.png\",\"contentUrl\":\"https:\\\/\\\/www.expomanualidades.info\\\/navidad\\\/wp-content\\\/uploads\\\/2025\\\/10\\\/Expo-Manualidades-Navidad-10.png\",\"width\":1247,\"height\":332,\"caption\":\"Manualidades y Navidad\"},\"image\":{\"@id\":\"https:\\\/\\\/www.expomanualidades.info\\\/navidad\\\/#\\\/schema\\\/logo\\\/image\\\/\"},\"sameAs\":[\"https:\\\/\\\/www.facebook.com\\\/xpomanualidades\\\/\",\"https:\\\/\\\/www.instagram.com\\\/expomerceriaymanualidades\\\/\",\"https:\\\/\\\/www.youtube.com\\\/channel\\\/UCrl-kP24qbcrh1Ebk4RjK9A\",\"https:\\\/\\\/www.tiktok.com\\\/@merceriaymanualidades\",\"https:\\\/\\\/open.spotify.com\\\/show\\\/0eic79uV9YVcZ9bbRjVd0p\"]}]}<\/script>\n<!-- \/ Yoast SEO plugin. -->","yoast_head_json":{"title":"Taller: Crea tu propio Cascanueces","description":"Crea un Cascanueces que haga juego con su personalidad y gusto a su hogar.","robots":{"index":"index","follow":"follow","max-snippet":"max-snippet:-1","max-image-preview":"max-image-preview:large","max-video-preview":"max-video-preview:-1"},"canonical":"https:\/\/www.expomanualidades.info\/navidad\/producto\/crea-tu-propio-cascanueces\/","og_locale":"es_MX","og_type":"article","og_title":"Taller: Crea tu propio Cascanueces","og_description":"Crea un Cascanueces que haga juego con su personalidad y gusto a su hogar.","og_url":"https:\/\/www.expomanualidades.info\/navidad\/producto\/crea-tu-propio-cascanueces\/","og_site_name":"Manualidades y Navidad","article_publisher":"https:\/\/www.facebook.com\/xpomanualidades\/","article_modified_time":"2025-10-16T18:45:44+00:00","og_image":[{"width":1024,"height":1024,"url":"https:\/\/www.expomanualidades.info\/navidad\/wp-content\/uploads\/2025\/08\/Taller-Bruja-Manualidades-Arcilla-Madera-26-1024x1024.jpg","type":"image\/jpeg"}],"twitter_card":"summary_large_image","twitter_misc":{"Tiempo de lectura":"1 minuto"},"schema":{"@context":"https:\/\/schema.org","@graph":[{"@type":"WebPage","@id":"https:\/\/www.expomanualidades.info\/navidad\/producto\/crea-tu-propio-cascanueces\/","url":"https:\/\/www.expomanualidades.info\/navidad\/producto\/crea-tu-propio-cascanueces\/","name":"Taller: Crea tu propio Cascanueces","isPartOf":{"@id":"https:\/\/www.expomanualidades.info\/navidad\/#website"},"primaryImageOfPage":{"@id":"https:\/\/www.expomanualidades.info\/navidad\/producto\/crea-tu-propio-cascanueces\/#primaryimage"},"image":{"@id":"https:\/\/www.expomanualidades.info\/navidad\/producto\/crea-tu-propio-cascanueces\/#primaryimage"},"thumbnailUrl":"https:\/\/www.expomanualidades.info\/navidad\/wp-content\/uploads\/2025\/08\/Taller-Bruja-Manualidades-Arcilla-Madera-26.jpg","datePublished":"2025-08-06T16:42:08+00:00","dateModified":"2025-10-16T18:45:44+00:00","description":"Crea un Cascanueces que haga juego con su personalidad y gusto a su hogar.","breadcrumb":{"@id":"https:\/\/www.expomanualidades.info\/navidad\/producto\/crea-tu-propio-cascanueces\/#breadcrumb"},"inLanguage":"es","potentialAction":[{"@type":"ReadAction","target":["https:\/\/www.expomanualidades.info\/navidad\/producto\/crea-tu-propio-cascanueces\/"]}]},{"@type":"ImageObject","inLanguage":"es","@id":"https:\/\/www.expomanualidades.info\/navidad\/producto\/crea-tu-propio-cascanueces\/#primaryimage","url":"https:\/\/www.expomanualidades.info\/navidad\/wp-content\/uploads\/2025\/08\/Taller-Bruja-Manualidades-Arcilla-Madera-26.jpg","contentUrl":"https:\/\/www.expomanualidades.info\/navidad\/wp-content\/uploads\/2025\/08\/Taller-Bruja-Manualidades-Arcilla-Madera-26.jpg","width":2375,"height":2375},{"@type":"BreadcrumbList","@id":"https:\/\/www.expomanualidades.info\/navidad\/producto\/crea-tu-propio-cascanueces\/#breadcrumb","itemListElement":[{"@type":"ListItem","position":1,"name":"Inicio","item":"https:\/\/www.expomanualidades.info\/navidad\/"},{"@type":"ListItem","position":2,"name":"Tienda","item":"https:\/\/www.expomanualidades.info\/navidad\/tienda\/"},{"@type":"ListItem","position":3,"name":"Crea tu propio Cascanueces"}]},{"@type":"WebSite","@id":"https:\/\/www.expomanualidades.info\/navidad\/#website","url":"https:\/\/www.expomanualidades.info\/navidad\/","name":"Manualidades y Navidad","description":"Ac\u00e9rcate al mundo de las manualidades, donde podr\u00e1s adquirir insumos y herramientas para la elaboraci\u00f3n de distintas t\u00e9cnicas.","publisher":{"@id":"https:\/\/www.expomanualidades.info\/navidad\/#organization"},"potentialAction":[{"@type":"SearchAction","target":{"@type":"EntryPoint","urlTemplate":"https:\/\/www.expomanualidades.info\/navidad\/?s={search_term_string}"},"query-input":{"@type":"PropertyValueSpecification","valueRequired":true,"valueName":"search_term_string"}}],"inLanguage":"es"},{"@type":"Organization","@id":"https:\/\/www.expomanualidades.info\/navidad\/#organization","name":"Manualidades y Navidad","url":"https:\/\/www.expomanualidades.info\/navidad\/","logo":{"@type":"ImageObject","inLanguage":"es","@id":"https:\/\/www.expomanualidades.info\/navidad\/#\/schema\/logo\/image\/","url":"https:\/\/www.expomanualidades.info\/navidad\/wp-content\/uploads\/2025\/10\/Expo-Manualidades-Navidad-10.png","contentUrl":"https:\/\/www.expomanualidades.info\/navidad\/wp-content\/uploads\/2025\/10\/Expo-Manualidades-Navidad-10.png","width":1247,"height":332,"caption":"Manualidades y Navidad"},"image":{"@id":"https:\/\/www.expomanualidades.info\/navidad\/#\/schema\/logo\/image\/"},"sameAs":["https:\/\/www.facebook.com\/xpomanualidades\/","https:\/\/www.instagram.com\/expomerceriaymanualidades\/","https:\/\/www.youtube.com\/channel\/UCrl-kP24qbcrh1Ebk4RjK9A","https:\/\/www.tiktok.com\/@merceriaymanualidades","https:\/\/open.spotify.com\/show\/0eic79uV9YVcZ9bbRjVd0p"]}]}},"_links":{"self":[{"href":"https:\/\/www.expomanualidades.info\/navidad\/wp-json\/wp\/v2\/product\/16640","targetHints":{"allow":["GET"]}}],"collection":[{"href":"https:\/\/www.expomanualidades.info\/navidad\/wp-json\/wp\/v2\/product"}],"about":[{"href":"https:\/\/www.expomanualidades.info\/navidad\/wp-json\/wp\/v2\/types\/product"}],"wp:featuredmedia":[{"embeddable":true,"href":"https:\/\/www.expomanualidades.info\/navidad\/wp-json\/wp\/v2\/media\/16643"}],"wp:attachment":[{"href":"https:\/\/www.expomanualidades.info\/navidad\/wp-json\/wp\/v2\/media?parent=16640"}],"wp:term":[{"taxonomy":"product_brand","embeddable":true,"href":"https:\/\/www.expomanualidades.info\/navidad\/wp-json\/wp\/v2\/product_brand?post=16640"},{"taxonomy":"product_cat","embeddable":true,"href":"https:\/\/www.expomanualidades.info\/navidad\/wp-json\/wp\/v2\/product_cat?post=16640"},{"taxonomy":"product_tag","embeddable":true,"href":"https:\/\/www.expomanualidades.info\/navidad\/wp-json\/wp\/v2\/product_tag?post=16640"}],"curies":[{"name":"wp","href":"https:\/\/api.w.org\/{rel}","templated":true}]}}