{"id":16581,"date":"2025-07-18T11:31:20","date_gmt":"2025-07-18T17:31:20","guid":{"rendered":"https:\/\/www.expomanualidades.info\/navidad\/?post_type=product&#038;p=16581"},"modified":"2025-10-16T12:45:44","modified_gmt":"2025-10-16T18:45:44","slug":"lettering-desde-cero","status":"publish","type":"product","link":"https:\/\/www.expomanualidades.info\/navidad\/producto\/lettering-desde-cero\/","title":{"rendered":"Lettering desde cero"},"content":{"rendered":"<div class=\"col-md-6 descripcion\">\n<p><strong>TEMARIO<\/strong><\/p>\n<ol>\n<li style=\"list-style-type: none;\">\n<ol>\n<li>Bienvenida<\/li>\n<li>Introducci\u00f3n<\/li>\n<li>\u00bfQu\u00e9 es lettering?<\/li>\n<li>Fundamentos<\/li>\n<li>Instrumentos y herramientas<\/li>\n<li>Modelos y referencias<\/li>\n<li>Ejercicios<\/li>\n<li>Sketching<\/li>\n<li>Efectos<\/li>\n<li>Pieza final<\/li>\n<li>Despedida<\/li>\n<\/ol>\n<\/li>\n<\/ol>\n<\/div>\n<div class=\"col-md-3 descripcion\">\n<p><strong>MATERIAL INCLUIDO<\/strong><\/p>\n<ul>\n<li>Hojas de trabajo<\/li>\n<li>Hojas de albanene<\/li>\n<li>L\u00e1piz<\/li>\n<li>Goma<\/li>\n<li>Plum\u00f3n<\/li>\n<li>Marcador negro<\/li>\n<li>Borrador<\/li>\n<\/ul>\n<\/div>\n<div class=\"col-md-3 descripcion\">\n<p><strong>MATERIAL EN PR\u00c9STAMO<\/strong><\/p>\n<ul>\n<li>Regla<\/li>\n<li>Sacapuntas<\/li>\n<li>Corrector<\/li>\n<\/ul>\n<\/div>\n<div class=\"descripcion\" style=\"clear: both; margin-top: 25px;\"><strong>Imparte: Aspac\u00eda Kusulas<\/strong><br \/>\nDise\u00f1adora gr\u00e1fica y apasionada por las letras. Su trabajo se enfoca en caligraf\u00eda, lettering, dise\u00f1o tipogr\u00e1fico y letterpress. Siempre busca ampliar su conocimiento, admiraci\u00f3n y comprensi\u00f3n de la forma de la letra. Se gradu\u00f3 de la Universidad Iberoamericana y del programa de Dise\u00f1o tipogr\u00e1fico en Cooper Union en Nueva York. Ha trabajado para varias industrais tanto en Estados Unidos como en M\u00e9xico.<\/div>\n","protected":false},"excerpt":{"rendered":"<p class=\"tallerFecha\">Viernes 10 de Octubre<\/p>\n<p class=\"tallerHorario\">Horario: De 9:00 a 13:00 hrs<br \/>\nDuraci\u00f3n: 4 horas<\/p>\n<p class=\"tallerSalon\">Sala de Prensa<\/p>\n<div class=\"descripcion\"><strong>DESCRIPCI\u00d3N Y OBJETIVO<\/strong><br \/>\nAd\u00e9ntrate en el arte del lettering con este taller para principiantes, donde aprender\u00e1s las bases esenciales para crear letras script y palabras desde cero. En 5 horas, trabajaremos paso a paso en los fundamentos de las letras, estilos, trazos y dibujos y la composici\u00f3n, culminando en la creaci\u00f3n de una pieza \u00fanica: una palabra o frase.<\/div>\n<div class=\"descripcion\">Tus piezas pueden ser aplicadas para cortes de plotter, patrones de tejido o bordado, aplicarlo en cualquier superficie y una infinidad de manualidades.<\/div>\n<div class=\"descripcion\">\n<p><strong>INCLUYE<\/strong><\/p>\n<ol>\n<li>Entrada al taller<\/li>\n<li>Entrada a la Expo para el d\u00eda del taller<\/li>\n<li>Materiales incluidos<\/li>\n<\/ol>\n<p><strong style=\"border-radius: 0px; font-size: 15px; background: #c69d6d; margin: 0;\">No se permite la entrada con ni\u00f1os ni acompa\u00f1antes al taller<\/strong><\/p>\n<\/div>\n","protected":false},"featured_media":16576,"template":"","meta":{"_monsterinsights_skip_tracking":false,"_monsterinsights_sitenote_active":false,"_monsterinsights_sitenote_note":"","_monsterinsights_sitenote_category":0,"site-sidebar-layout":"default","site-content-layout":"","ast-site-content-layout":"default","site-content-style":"default","site-sidebar-style":"default","ast-global-header-display":"","ast-banner-title-visibility":"","ast-main-header-display":"","ast-hfb-above-header-display":"","ast-hfb-below-header-display":"","ast-hfb-mobile-header-display":"","site-post-title":"","ast-breadcrumbs-content":"","ast-featured-img":"","footer-sml-layout":"","theme-transparent-header-meta":"default","adv-header-id-meta":"","stick-header-meta":"","header-above-stick-meta":"","header-main-stick-meta":"","header-below-stick-meta":"","astra-migrate-meta-layouts":"set","ast-page-background-enabled":"default","ast-page-background-meta":{"desktop":{"background-color":"var(--ast-global-color-4)","background-image":"","background-repeat":"repeat","background-position":"center center","background-size":"auto","background-attachment":"scroll","background-type":"","background-media":"","overlay-type":"","overlay-color":"","overlay-opacity":"","overlay-gradient":""},"tablet":{"background-color":"","background-image":"","background-repeat":"repeat","background-position":"center center","background-size":"auto","background-attachment":"scroll","background-type":"","background-media":"","overlay-type":"","overlay-color":"","overlay-opacity":"","overlay-gradient":""},"mobile":{"background-color":"","background-image":"","background-repeat":"repeat","background-position":"center center","background-size":"auto","background-attachment":"scroll","background-type":"","background-media":"","overlay-type":"","overlay-color":"","overlay-opacity":"","overlay-gradient":""}},"ast-content-background-meta":{"desktop":{"background-color":"var(--ast-global-color-5)","background-image":"","background-repeat":"repeat","background-position":"center center","background-size":"auto","background-attachment":"scroll","background-type":"","background-media":"","overlay-type":"","overlay-color":"","overlay-opacity":"","overlay-gradient":""},"tablet":{"background-color":"var(--ast-global-color-5)","background-image":"","background-repeat":"repeat","background-position":"center center","background-size":"auto","background-attachment":"scroll","background-type":"","background-media":"","overlay-type":"","overlay-color":"","overlay-opacity":"","overlay-gradient":""},"mobile":{"background-color":"var(--ast-global-color-5)","background-image":"","background-repeat":"repeat","background-position":"center center","background-size":"auto","background-attachment":"scroll","background-type":"","background-media":"","overlay-type":"","overlay-color":"","overlay-opacity":"","overlay-gradient":""}}},"product_brand":[],"product_cat":[34],"product_tag":[],"class_list":{"0":"post-16581","1":"product","2":"type-product","3":"status-publish","4":"has-post-thumbnail","6":"product_cat-talleres","7":"desktop-align-left","8":"tablet-align-left","9":"mobile-align-left","11":"first","12":"outofstock","13":"virtual","14":"purchasable","15":"product-type-simple"},"yoast_head":"<!-- This site is optimized with the Yoast SEO plugin v27.3 - https:\/\/yoast.com\/product\/yoast-seo-wordpress\/ -->\n<title>Taller: Lettering desde cero para principiantes<\/title>\n<meta name=\"description\" content=\"Aprende lettering desde cero en este taller de 5 hrs. para principiantes. Domina trazos, estilos y crea tu primera composici\u00f3n personalizada.\" \/>\n<meta name=\"robots\" content=\"index, follow, max-snippet:-1, max-image-preview:large, max-video-preview:-1\" \/>\n<link rel=\"canonical\" href=\"https:\/\/www.expomanualidades.info\/navidad\/producto\/lettering-desde-cero\/\" \/>\n<meta property=\"og:locale\" content=\"es_MX\" \/>\n<meta property=\"og:type\" content=\"article\" \/>\n<meta property=\"og:title\" content=\"Taller: Lettering desde cero para principiantes\" \/>\n<meta property=\"og:description\" content=\"Aprende lettering desde cero en este taller de 5 hrs. para principiantes. Domina trazos, estilos y crea tu primera composici\u00f3n personalizada.\" \/>\n<meta property=\"og:url\" content=\"https:\/\/www.expomanualidades.info\/navidad\/producto\/lettering-desde-cero\/\" \/>\n<meta property=\"og:site_name\" content=\"Manualidades y Navidad\" \/>\n<meta property=\"article:publisher\" content=\"https:\/\/www.facebook.com\/xpomanualidades\/\" \/>\n<meta property=\"article:modified_time\" content=\"2025-10-16T18:45:44+00:00\" \/>\n<meta property=\"og:image\" content=\"https:\/\/www.expomanualidades.info\/navidad\/wp-content\/uploads\/2024\/09\/Talleres-13-1.jpg\" \/>\n\t<meta property=\"og:image:width\" content=\"1188\" \/>\n\t<meta property=\"og:image:height\" content=\"1188\" \/>\n\t<meta property=\"og:image:type\" content=\"image\/jpeg\" \/>\n<meta name=\"twitter:card\" content=\"summary_large_image\" \/>\n<meta name=\"twitter:label1\" content=\"Tiempo de lectura\" \/>\n\t<meta name=\"twitter:data1\" content=\"1 minuto\" \/>\n<script type=\"application\/ld+json\" class=\"yoast-schema-graph\">{\"@context\":\"https:\\\/\\\/schema.org\",\"@graph\":[{\"@type\":\"WebPage\",\"@id\":\"https:\\\/\\\/www.expomanualidades.info\\\/navidad\\\/producto\\\/lettering-desde-cero\\\/\",\"url\":\"https:\\\/\\\/www.expomanualidades.info\\\/navidad\\\/producto\\\/lettering-desde-cero\\\/\",\"name\":\"Taller: Lettering desde cero para principiantes\",\"isPartOf\":{\"@id\":\"https:\\\/\\\/www.expomanualidades.info\\\/navidad\\\/#website\"},\"primaryImageOfPage\":{\"@id\":\"https:\\\/\\\/www.expomanualidades.info\\\/navidad\\\/producto\\\/lettering-desde-cero\\\/#primaryimage\"},\"image\":{\"@id\":\"https:\\\/\\\/www.expomanualidades.info\\\/navidad\\\/producto\\\/lettering-desde-cero\\\/#primaryimage\"},\"thumbnailUrl\":\"https:\\\/\\\/www.expomanualidades.info\\\/navidad\\\/wp-content\\\/uploads\\\/2024\\\/09\\\/Talleres-13-1.jpg\",\"datePublished\":\"2025-07-18T17:31:20+00:00\",\"dateModified\":\"2025-10-16T18:45:44+00:00\",\"description\":\"Aprende lettering desde cero en este taller de 5 hrs. para principiantes. Domina trazos, estilos y crea tu primera composici\u00f3n personalizada.\",\"breadcrumb\":{\"@id\":\"https:\\\/\\\/www.expomanualidades.info\\\/navidad\\\/producto\\\/lettering-desde-cero\\\/#breadcrumb\"},\"inLanguage\":\"es\",\"potentialAction\":[{\"@type\":\"ReadAction\",\"target\":[\"https:\\\/\\\/www.expomanualidades.info\\\/navidad\\\/producto\\\/lettering-desde-cero\\\/\"]}]},{\"@type\":\"ImageObject\",\"inLanguage\":\"es\",\"@id\":\"https:\\\/\\\/www.expomanualidades.info\\\/navidad\\\/producto\\\/lettering-desde-cero\\\/#primaryimage\",\"url\":\"https:\\\/\\\/www.expomanualidades.info\\\/navidad\\\/wp-content\\\/uploads\\\/2024\\\/09\\\/Talleres-13-1.jpg\",\"contentUrl\":\"https:\\\/\\\/www.expomanualidades.info\\\/navidad\\\/wp-content\\\/uploads\\\/2024\\\/09\\\/Talleres-13-1.jpg\",\"width\":1188,\"height\":1188},{\"@type\":\"BreadcrumbList\",\"@id\":\"https:\\\/\\\/www.expomanualidades.info\\\/navidad\\\/producto\\\/lettering-desde-cero\\\/#breadcrumb\",\"itemListElement\":[{\"@type\":\"ListItem\",\"position\":1,\"name\":\"Inicio\",\"item\":\"https:\\\/\\\/www.expomanualidades.info\\\/navidad\\\/\"},{\"@type\":\"ListItem\",\"position\":2,\"name\":\"Tienda\",\"item\":\"https:\\\/\\\/www.expomanualidades.info\\\/navidad\\\/tienda\\\/\"},{\"@type\":\"ListItem\",\"position\":3,\"name\":\"Lettering desde cero\"}]},{\"@type\":\"WebSite\",\"@id\":\"https:\\\/\\\/www.expomanualidades.info\\\/navidad\\\/#website\",\"url\":\"https:\\\/\\\/www.expomanualidades.info\\\/navidad\\\/\",\"name\":\"Manualidades y Navidad\",\"description\":\"Ac\u00e9rcate al mundo de las manualidades, donde podr\u00e1s adquirir insumos y herramientas para la elaboraci\u00f3n de distintas t\u00e9cnicas.\",\"publisher\":{\"@id\":\"https:\\\/\\\/www.expomanualidades.info\\\/navidad\\\/#organization\"},\"potentialAction\":[{\"@type\":\"SearchAction\",\"target\":{\"@type\":\"EntryPoint\",\"urlTemplate\":\"https:\\\/\\\/www.expomanualidades.info\\\/navidad\\\/?s={search_term_string}\"},\"query-input\":{\"@type\":\"PropertyValueSpecification\",\"valueRequired\":true,\"valueName\":\"search_term_string\"}}],\"inLanguage\":\"es\"},{\"@type\":\"Organization\",\"@id\":\"https:\\\/\\\/www.expomanualidades.info\\\/navidad\\\/#organization\",\"name\":\"Manualidades y Navidad\",\"url\":\"https:\\\/\\\/www.expomanualidades.info\\\/navidad\\\/\",\"logo\":{\"@type\":\"ImageObject\",\"inLanguage\":\"es\",\"@id\":\"https:\\\/\\\/www.expomanualidades.info\\\/navidad\\\/#\\\/schema\\\/logo\\\/image\\\/\",\"url\":\"https:\\\/\\\/www.expomanualidades.info\\\/navidad\\\/wp-content\\\/uploads\\\/2025\\\/10\\\/Expo-Manualidades-Navidad-10.png\",\"contentUrl\":\"https:\\\/\\\/www.expomanualidades.info\\\/navidad\\\/wp-content\\\/uploads\\\/2025\\\/10\\\/Expo-Manualidades-Navidad-10.png\",\"width\":1247,\"height\":332,\"caption\":\"Manualidades y Navidad\"},\"image\":{\"@id\":\"https:\\\/\\\/www.expomanualidades.info\\\/navidad\\\/#\\\/schema\\\/logo\\\/image\\\/\"},\"sameAs\":[\"https:\\\/\\\/www.facebook.com\\\/xpomanualidades\\\/\",\"https:\\\/\\\/www.instagram.com\\\/expomerceriaymanualidades\\\/\",\"https:\\\/\\\/www.youtube.com\\\/channel\\\/UCrl-kP24qbcrh1Ebk4RjK9A\",\"https:\\\/\\\/www.tiktok.com\\\/@merceriaymanualidades\",\"https:\\\/\\\/open.spotify.com\\\/show\\\/0eic79uV9YVcZ9bbRjVd0p\"]}]}<\/script>\n<!-- \/ Yoast SEO plugin. -->","yoast_head_json":{"title":"Taller: Lettering desde cero para principiantes","description":"Aprende lettering desde cero en este taller de 5 hrs. para principiantes. Domina trazos, estilos y crea tu primera composici\u00f3n personalizada.","robots":{"index":"index","follow":"follow","max-snippet":"max-snippet:-1","max-image-preview":"max-image-preview:large","max-video-preview":"max-video-preview:-1"},"canonical":"https:\/\/www.expomanualidades.info\/navidad\/producto\/lettering-desde-cero\/","og_locale":"es_MX","og_type":"article","og_title":"Taller: Lettering desde cero para principiantes","og_description":"Aprende lettering desde cero en este taller de 5 hrs. para principiantes. Domina trazos, estilos y crea tu primera composici\u00f3n personalizada.","og_url":"https:\/\/www.expomanualidades.info\/navidad\/producto\/lettering-desde-cero\/","og_site_name":"Manualidades y Navidad","article_publisher":"https:\/\/www.facebook.com\/xpomanualidades\/","article_modified_time":"2025-10-16T18:45:44+00:00","og_image":[{"width":1188,"height":1188,"url":"https:\/\/www.expomanualidades.info\/navidad\/wp-content\/uploads\/2024\/09\/Talleres-13-1.jpg","type":"image\/jpeg"}],"twitter_card":"summary_large_image","twitter_misc":{"Tiempo de lectura":"1 minuto"},"schema":{"@context":"https:\/\/schema.org","@graph":[{"@type":"WebPage","@id":"https:\/\/www.expomanualidades.info\/navidad\/producto\/lettering-desde-cero\/","url":"https:\/\/www.expomanualidades.info\/navidad\/producto\/lettering-desde-cero\/","name":"Taller: Lettering desde cero para principiantes","isPartOf":{"@id":"https:\/\/www.expomanualidades.info\/navidad\/#website"},"primaryImageOfPage":{"@id":"https:\/\/www.expomanualidades.info\/navidad\/producto\/lettering-desde-cero\/#primaryimage"},"image":{"@id":"https:\/\/www.expomanualidades.info\/navidad\/producto\/lettering-desde-cero\/#primaryimage"},"thumbnailUrl":"https:\/\/www.expomanualidades.info\/navidad\/wp-content\/uploads\/2024\/09\/Talleres-13-1.jpg","datePublished":"2025-07-18T17:31:20+00:00","dateModified":"2025-10-16T18:45:44+00:00","description":"Aprende lettering desde cero en este taller de 5 hrs. para principiantes. Domina trazos, estilos y crea tu primera composici\u00f3n personalizada.","breadcrumb":{"@id":"https:\/\/www.expomanualidades.info\/navidad\/producto\/lettering-desde-cero\/#breadcrumb"},"inLanguage":"es","potentialAction":[{"@type":"ReadAction","target":["https:\/\/www.expomanualidades.info\/navidad\/producto\/lettering-desde-cero\/"]}]},{"@type":"ImageObject","inLanguage":"es","@id":"https:\/\/www.expomanualidades.info\/navidad\/producto\/lettering-desde-cero\/#primaryimage","url":"https:\/\/www.expomanualidades.info\/navidad\/wp-content\/uploads\/2024\/09\/Talleres-13-1.jpg","contentUrl":"https:\/\/www.expomanualidades.info\/navidad\/wp-content\/uploads\/2024\/09\/Talleres-13-1.jpg","width":1188,"height":1188},{"@type":"BreadcrumbList","@id":"https:\/\/www.expomanualidades.info\/navidad\/producto\/lettering-desde-cero\/#breadcrumb","itemListElement":[{"@type":"ListItem","position":1,"name":"Inicio","item":"https:\/\/www.expomanualidades.info\/navidad\/"},{"@type":"ListItem","position":2,"name":"Tienda","item":"https:\/\/www.expomanualidades.info\/navidad\/tienda\/"},{"@type":"ListItem","position":3,"name":"Lettering desde cero"}]},{"@type":"WebSite","@id":"https:\/\/www.expomanualidades.info\/navidad\/#website","url":"https:\/\/www.expomanualidades.info\/navidad\/","name":"Manualidades y Navidad","description":"Ac\u00e9rcate al mundo de las manualidades, donde podr\u00e1s adquirir insumos y herramientas para la elaboraci\u00f3n de distintas t\u00e9cnicas.","publisher":{"@id":"https:\/\/www.expomanualidades.info\/navidad\/#organization"},"potentialAction":[{"@type":"SearchAction","target":{"@type":"EntryPoint","urlTemplate":"https:\/\/www.expomanualidades.info\/navidad\/?s={search_term_string}"},"query-input":{"@type":"PropertyValueSpecification","valueRequired":true,"valueName":"search_term_string"}}],"inLanguage":"es"},{"@type":"Organization","@id":"https:\/\/www.expomanualidades.info\/navidad\/#organization","name":"Manualidades y Navidad","url":"https:\/\/www.expomanualidades.info\/navidad\/","logo":{"@type":"ImageObject","inLanguage":"es","@id":"https:\/\/www.expomanualidades.info\/navidad\/#\/schema\/logo\/image\/","url":"https:\/\/www.expomanualidades.info\/navidad\/wp-content\/uploads\/2025\/10\/Expo-Manualidades-Navidad-10.png","contentUrl":"https:\/\/www.expomanualidades.info\/navidad\/wp-content\/uploads\/2025\/10\/Expo-Manualidades-Navidad-10.png","width":1247,"height":332,"caption":"Manualidades y Navidad"},"image":{"@id":"https:\/\/www.expomanualidades.info\/navidad\/#\/schema\/logo\/image\/"},"sameAs":["https:\/\/www.facebook.com\/xpomanualidades\/","https:\/\/www.instagram.com\/expomerceriaymanualidades\/","https:\/\/www.youtube.com\/channel\/UCrl-kP24qbcrh1Ebk4RjK9A","https:\/\/www.tiktok.com\/@merceriaymanualidades","https:\/\/open.spotify.com\/show\/0eic79uV9YVcZ9bbRjVd0p"]}]}},"_links":{"self":[{"href":"https:\/\/www.expomanualidades.info\/navidad\/wp-json\/wp\/v2\/product\/16581","targetHints":{"allow":["GET"]}}],"collection":[{"href":"https:\/\/www.expomanualidades.info\/navidad\/wp-json\/wp\/v2\/product"}],"about":[{"href":"https:\/\/www.expomanualidades.info\/navidad\/wp-json\/wp\/v2\/types\/product"}],"wp:featuredmedia":[{"embeddable":true,"href":"https:\/\/www.expomanualidades.info\/navidad\/wp-json\/wp\/v2\/media\/16576"}],"wp:attachment":[{"href":"https:\/\/www.expomanualidades.info\/navidad\/wp-json\/wp\/v2\/media?parent=16581"}],"wp:term":[{"taxonomy":"product_brand","embeddable":true,"href":"https:\/\/www.expomanualidades.info\/navidad\/wp-json\/wp\/v2\/product_brand?post=16581"},{"taxonomy":"product_cat","embeddable":true,"href":"https:\/\/www.expomanualidades.info\/navidad\/wp-json\/wp\/v2\/product_cat?post=16581"},{"taxonomy":"product_tag","embeddable":true,"href":"https:\/\/www.expomanualidades.info\/navidad\/wp-json\/wp\/v2\/product_tag?post=16581"}],"curies":[{"name":"wp","href":"https:\/\/api.w.org\/{rel}","templated":true}]}}