{"id":571,"date":"2018-09-04T11:05:18","date_gmt":"2018-09-04T16:05:18","guid":{"rendered":"https:\/\/www.expomanualidades.info\/navidad\/?page_id=571"},"modified":"2022-10-20T16:28:02","modified_gmt":"2022-10-20T21:28:02","slug":"boletines-de-prensa","status":"publish","type":"page","link":"https:\/\/www.expomanualidades.info\/navidad\/prensa\/boletines-de-prensa\/","title":{"rendered":"Boletines de Prensa"},"content":{"rendered":"<div class=\"wpb-content-wrapper\"><p>[vc_row 0=&#8221;&#8221;][vc_column 0=&#8221;&#8221;][vc_custom_heading text=&#8221;2022&#8243; use_theme_fonts=&#8221;yes&#8221;][vc_column_text 0=&#8221;&#8221;]<a href=\"https:\/\/www.expomanualidades.info\/navidad\/wp-content\/uploads\/2022\/10\/Boletin-prensa-Manualidades-y-navidad-2022.pdf\" target=\"_blank\" rel=\"noopener noreferrer\">Bolet\u00edn 1 &#8211;\u00a0Todo un \u00e9xito la edici\u00f3n 15 de Manualidades y Navidad en el World Trade Center de la Ciudad de M\u00e9xico<\/a>[\/vc_column_text][\/vc_column][\/vc_row][vc_row 0=&#8221;&#8221;][vc_column 0=&#8221;&#8221;][vc_custom_heading text=&#8221;2019&#8243; use_theme_fonts=&#8221;yes&#8221;][vc_column_text 0=&#8221;&#8221;]<a href=\"http:\/\/www.expomanualidades.info\/navidad\/wp-content\/uploads\/2019\/10\/Bol.8-Inauguraci\u00f3n-Navidad.pdf\" target=\"_blank\" rel=\"noopener noreferrer\">Bolet\u00edn 8 &#8211; Las manualidades se visten de navidad<\/a><br \/>\n<a href=\"http:\/\/www.expomanualidades.info\/navidad\/wp-content\/uploads\/2019\/10\/Bol.7-El-negocio-de-las-manualidades.pdf\" target=\"_blank\" rel=\"noopener noreferrer\">Bolet\u00edn 7 &#8211; El negocio de las manualidades<\/a><br \/>\n<a href=\"http:\/\/www.expomanualidades.info\/navidad\/wp-content\/uploads\/2019\/09\/Bol-6.-Las-esferas-de-la-navidad.pdf\" target=\"_blank\" rel=\"noopener noreferrer\">Bolet\u00edn 6 &#8211; Las esferas de la navidad<\/a><br \/>\n<a href=\"http:\/\/www.expomanualidades.info\/navidad\/wp-content\/uploads\/2019\/09\/Bol-5-La-tradici\u00f3n-del-Nacimiento.pdf\" target=\"_blank\" rel=\"noopener noreferrer\">Bolet\u00edn 5 &#8211; La tradici\u00f3n del Nacimiento<\/a><br \/>\n<a href=\"http:\/\/www.expomanualidades.info\/navidad\/wp-content\/uploads\/2019\/09\/Bol.4-Bordado.pdf\" target=\"_blank\" rel=\"noopener noreferrer\">Bolet\u00edn 4 &#8211; La historia del bordado<\/a><br \/>\n<a href=\"http:\/\/www.expomanualidades.info\/navidad\/wp-content\/uploads\/2019\/09\/Bol.-3Caligraf\u00eda.pdf\" target=\"_blank\" rel=\"noopener noreferrer\">Bolet\u00edn 3 &#8211; Beneficios de la caligraf\u00eda<\/a><br \/>\n<a href=\"http:\/\/www.expomanualidades.info\/navidad\/wp-content\/uploads\/2019\/09\/Calaveritas-de-az\u00facar.pdf\" target=\"_blank\" rel=\"noopener noreferrer\">Bolet\u00edn 2 &#8211; Calaveritas de az\u00facar<\/a><br \/>\n<a href=\"http:\/\/www.expomanualidades.info\/navidad\/wp-content\/uploads\/2019\/08\/Bol-1-Vender-manualidades-online.pdf\" target=\"_blank\" rel=\"noopener noreferrer\">Bolet\u00edn 1 &#8211;\u00a0Plataformas digitales para vender manualidades<\/a>[\/vc_column_text][\/vc_column][\/vc_row][vc_row 0=&#8221;&#8221;][vc_column 0=&#8221;&#8221;][vc_custom_heading text=&#8221;2018&#8243; use_theme_fonts=&#8221;yes&#8221;][vc_column_text 0=&#8221;&#8221;]<\/p>\n<p><a href=\"https:\/\/www.expomanualidades.info\/navidad\/wp-content\/uploads\/2018\/10\/Navidad18-Boletin-4.pdf\" target=\"_blank\" rel=\"noopener noreferrer\">Bolet\u00edn 4 &#8211;\u00a011\u00aa edici\u00f3n de Manualidades y Navidad<\/a><\/p>\n<p><a href=\"https:\/\/www.expomanualidades.info\/navidad\/wp-content\/uploads\/2018\/10\/Navidad18-Boletin-3.pdf\" target=\"_blank\" rel=\"noopener noreferrer\">Bolet\u00edn 3 &#8211;\u00a0Reposter\u00eda Navide\u00f1a<\/a><\/p>\n<p><a href=\"https:\/\/www.expomanualidades.info\/navidad\/wp-content\/uploads\/2018\/09\/Navidad18-Boletin-2.pdf\" target=\"_blank\" rel=\"noopener noreferrer\">Bolet\u00edn 2 &#8211;\u00a0Invierte en calidad<\/a><\/p>\n<p><a href=\"https:\/\/www.expomanualidades.info\/navidad\/wp-content\/uploads\/2018\/09\/Navidad18-Boletin-1.pdf\" target=\"_blank\" rel=\"noopener noreferrer\">Bolet\u00edn 1 &#8211;\u00a0Regalos hechos con el coraz\u00f3n<\/a>[\/vc_column_text][\/vc_column][\/vc_row]<\/p>\n<\/div>","protected":false},"excerpt":{"rendered":"<p>[vc_row 0=&#8221;&#8221;][vc_column 0=&#8221;&#8221;][vc_custom_heading text=&#8221;2022&#8243; use_theme_fonts=&#8221;yes&#8221;][vc_column_text 0=&#8221;&#8221;]Bolet\u00edn 1 &#8211;\u00a0Todo un \u00e9xito la edici\u00f3n 15 de Manualidades y Navidad en el World Trade Center de la Ciudad de M\u00e9xico[\/vc_column_text][\/vc_column][\/vc_row][vc_row 0=&#8221;&#8221;][vc_column 0=&#8221;&#8221;][vc_custom_heading text=&#8221;2019&#8243; use_theme_fonts=&#8221;yes&#8221;][vc_column_text 0=&#8221;&#8221;]Bolet\u00edn 8 &#8211; Las manualidades se visten de navidad Bolet\u00edn 7 &#8211; El negocio de las manualidades Bolet\u00edn 6 &#8211; Las esferas de la [&hellip;]<\/p>\n","protected":false},"author":1,"featured_media":0,"parent":563,"menu_order":0,"comment_status":"closed","ping_status":"closed","template":"page-templates\/contact-template.php","meta":{"_monsterinsights_skip_tracking":false,"_monsterinsights_sitenote_active":false,"_monsterinsights_sitenote_note":"","_monsterinsights_sitenote_category":0,"site-sidebar-layout":"no-sidebar","site-content-layout":"plain-container","ast-site-content-layout":"","site-content-style":"default","site-sidebar-style":"default","ast-global-header-display":"","ast-banner-title-visibility":"","ast-main-header-display":"","ast-hfb-above-header-display":"","ast-hfb-below-header-display":"","ast-hfb-mobile-header-display":"","site-post-title":"disabled","ast-breadcrumbs-content":"","ast-featured-img":"disabled","footer-sml-layout":"","theme-transparent-header-meta":"","adv-header-id-meta":"","stick-header-meta":"","header-above-stick-meta":"","header-main-stick-meta":"","header-below-stick-meta":"","astra-migrate-meta-layouts":"default","ast-page-background-enabled":"default","ast-page-background-meta":{"desktop":{"background-color":"var(--ast-global-color-4)","background-image":"","background-repeat":"repeat","background-position":"center center","background-size":"auto","background-attachment":"scroll","background-type":"","background-media":"","overlay-type":"","overlay-color":"","overlay-opacity":"","overlay-gradient":""},"tablet":{"background-color":"","background-image":"","background-repeat":"repeat","background-position":"center center","background-size":"auto","background-attachment":"scroll","background-type":"","background-media":"","overlay-type":"","overlay-color":"","overlay-opacity":"","overlay-gradient":""},"mobile":{"background-color":"","background-image":"","background-repeat":"repeat","background-position":"center center","background-size":"auto","background-attachment":"scroll","background-type":"","background-media":"","overlay-type":"","overlay-color":"","overlay-opacity":"","overlay-gradient":""}},"ast-content-background-meta":{"desktop":{"background-color":"var(--ast-global-color-5)","background-image":"","background-repeat":"repeat","background-position":"center center","background-size":"auto","background-attachment":"scroll","background-type":"","background-media":"","overlay-type":"","overlay-color":"","overlay-opacity":"","overlay-gradient":""},"tablet":{"background-color":"var(--ast-global-color-5)","background-image":"","background-repeat":"repeat","background-position":"center center","background-size":"auto","background-attachment":"scroll","background-type":"","background-media":"","overlay-type":"","overlay-color":"","overlay-opacity":"","overlay-gradient":""},"mobile":{"background-color":"var(--ast-global-color-5)","background-image":"","background-repeat":"repeat","background-position":"center center","background-size":"auto","background-attachment":"scroll","background-type":"","background-media":"","overlay-type":"","overlay-color":"","overlay-opacity":"","overlay-gradient":""}},"footnotes":""},"class_list":["post-571","page","type-page","status-publish","hentry"],"yoast_head":"<!-- This site is optimized with the Yoast SEO plugin v27.3 - https:\/\/yoast.com\/product\/yoast-seo-wordpress\/ -->\n<title>Boletines de Prensa - Manualidades y Navidad<\/title>\n<meta name=\"robots\" content=\"index, follow, max-snippet:-1, max-image-preview:large, max-video-preview:-1\" \/>\n<link rel=\"canonical\" href=\"https:\/\/www.expomanualidades.info\/navidad\/prensa\/boletines-de-prensa\/\" \/>\n<meta property=\"og:locale\" content=\"es_MX\" \/>\n<meta property=\"og:type\" content=\"article\" \/>\n<meta property=\"og:title\" content=\"Boletines de Prensa - Manualidades y Navidad\" \/>\n<meta property=\"og:description\" content=\"[vc_row 0=&#8221;&#8221;][vc_column 0=&#8221;&#8221;][vc_custom_heading text=&#8221;2022&#8243; use_theme_fonts=&#8221;yes&#8221;][vc_column_text 0=&#8221;&#8221;]Bolet\u00edn 1 &#8211;\u00a0Todo un \u00e9xito la edici\u00f3n 15 de Manualidades y Navidad en el World Trade Center de la Ciudad de M\u00e9xico[\/vc_column_text][\/vc_column][\/vc_row][vc_row 0=&#8221;&#8221;][vc_column 0=&#8221;&#8221;][vc_custom_heading text=&#8221;2019&#8243; use_theme_fonts=&#8221;yes&#8221;][vc_column_text 0=&#8221;&#8221;]Bolet\u00edn 8 &#8211; Las manualidades se visten de navidad Bolet\u00edn 7 &#8211; El negocio de las manualidades Bolet\u00edn 6 &#8211; Las esferas de la [&hellip;]\" \/>\n<meta property=\"og:url\" content=\"https:\/\/www.expomanualidades.info\/navidad\/prensa\/boletines-de-prensa\/\" \/>\n<meta property=\"og:site_name\" content=\"Manualidades y Navidad\" \/>\n<meta property=\"article:publisher\" content=\"https:\/\/www.facebook.com\/xpomanualidades\/\" \/>\n<meta property=\"article:modified_time\" content=\"2022-10-20T21:28:02+00:00\" \/>\n<meta name=\"twitter:card\" content=\"summary_large_image\" \/>\n<meta name=\"twitter:label1\" content=\"Tiempo de lectura\" \/>\n\t<meta name=\"twitter:data1\" content=\"1 minuto\" \/>\n<script type=\"application\/ld+json\" class=\"yoast-schema-graph\">{\"@context\":\"https:\\\/\\\/schema.org\",\"@graph\":[{\"@type\":\"WebPage\",\"@id\":\"https:\\\/\\\/www.expomanualidades.info\\\/navidad\\\/prensa\\\/boletines-de-prensa\\\/\",\"url\":\"https:\\\/\\\/www.expomanualidades.info\\\/navidad\\\/prensa\\\/boletines-de-prensa\\\/\",\"name\":\"Boletines de Prensa - Manualidades y Navidad\",\"isPartOf\":{\"@id\":\"https:\\\/\\\/www.expomanualidades.info\\\/navidad\\\/#website\"},\"datePublished\":\"2018-09-04T16:05:18+00:00\",\"dateModified\":\"2022-10-20T21:28:02+00:00\",\"breadcrumb\":{\"@id\":\"https:\\\/\\\/www.expomanualidades.info\\\/navidad\\\/prensa\\\/boletines-de-prensa\\\/#breadcrumb\"},\"inLanguage\":\"es\",\"potentialAction\":[{\"@type\":\"ReadAction\",\"target\":[\"https:\\\/\\\/www.expomanualidades.info\\\/navidad\\\/prensa\\\/boletines-de-prensa\\\/\"]}]},{\"@type\":\"BreadcrumbList\",\"@id\":\"https:\\\/\\\/www.expomanualidades.info\\\/navidad\\\/prensa\\\/boletines-de-prensa\\\/#breadcrumb\",\"itemListElement\":[{\"@type\":\"ListItem\",\"position\":1,\"name\":\"Inicio\",\"item\":\"https:\\\/\\\/www.expomanualidades.info\\\/navidad\\\/\"},{\"@type\":\"ListItem\",\"position\":2,\"name\":\"Prensa\",\"item\":\"https:\\\/\\\/www.expomanualidades.info\\\/navidad\\\/prensa\\\/\"},{\"@type\":\"ListItem\",\"position\":3,\"name\":\"Boletines de Prensa\"}]},{\"@type\":\"WebSite\",\"@id\":\"https:\\\/\\\/www.expomanualidades.info\\\/navidad\\\/#website\",\"url\":\"https:\\\/\\\/www.expomanualidades.info\\\/navidad\\\/\",\"name\":\"Manualidades y Navidad\",\"description\":\"Ac\u00e9rcate al mundo de las manualidades, donde podr\u00e1s adquirir insumos y herramientas para la elaboraci\u00f3n de distintas t\u00e9cnicas.\",\"publisher\":{\"@id\":\"https:\\\/\\\/www.expomanualidades.info\\\/navidad\\\/#organization\"},\"potentialAction\":[{\"@type\":\"SearchAction\",\"target\":{\"@type\":\"EntryPoint\",\"urlTemplate\":\"https:\\\/\\\/www.expomanualidades.info\\\/navidad\\\/?s={search_term_string}\"},\"query-input\":{\"@type\":\"PropertyValueSpecification\",\"valueRequired\":true,\"valueName\":\"search_term_string\"}}],\"inLanguage\":\"es\"},{\"@type\":\"Organization\",\"@id\":\"https:\\\/\\\/www.expomanualidades.info\\\/navidad\\\/#organization\",\"name\":\"Manualidades y Navidad\",\"url\":\"https:\\\/\\\/www.expomanualidades.info\\\/navidad\\\/\",\"logo\":{\"@type\":\"ImageObject\",\"inLanguage\":\"es\",\"@id\":\"https:\\\/\\\/www.expomanualidades.info\\\/navidad\\\/#\\\/schema\\\/logo\\\/image\\\/\",\"url\":\"https:\\\/\\\/www.expomanualidades.info\\\/navidad\\\/wp-content\\\/uploads\\\/2025\\\/10\\\/Expo-Manualidades-Navidad-10.png\",\"contentUrl\":\"https:\\\/\\\/www.expomanualidades.info\\\/navidad\\\/wp-content\\\/uploads\\\/2025\\\/10\\\/Expo-Manualidades-Navidad-10.png\",\"width\":1247,\"height\":332,\"caption\":\"Manualidades y Navidad\"},\"image\":{\"@id\":\"https:\\\/\\\/www.expomanualidades.info\\\/navidad\\\/#\\\/schema\\\/logo\\\/image\\\/\"},\"sameAs\":[\"https:\\\/\\\/www.facebook.com\\\/xpomanualidades\\\/\",\"https:\\\/\\\/www.instagram.com\\\/expomerceriaymanualidades\\\/\",\"https:\\\/\\\/www.youtube.com\\\/channel\\\/UCrl-kP24qbcrh1Ebk4RjK9A\",\"https:\\\/\\\/www.tiktok.com\\\/@merceriaymanualidades\",\"https:\\\/\\\/open.spotify.com\\\/show\\\/0eic79uV9YVcZ9bbRjVd0p\"]}]}<\/script>\n<!-- \/ Yoast SEO plugin. -->","yoast_head_json":{"title":"Boletines de Prensa - Manualidades y Navidad","robots":{"index":"index","follow":"follow","max-snippet":"max-snippet:-1","max-image-preview":"max-image-preview:large","max-video-preview":"max-video-preview:-1"},"canonical":"https:\/\/www.expomanualidades.info\/navidad\/prensa\/boletines-de-prensa\/","og_locale":"es_MX","og_type":"article","og_title":"Boletines de Prensa - Manualidades y Navidad","og_description":"[vc_row 0=&#8221;&#8221;][vc_column 0=&#8221;&#8221;][vc_custom_heading text=&#8221;2022&#8243; use_theme_fonts=&#8221;yes&#8221;][vc_column_text 0=&#8221;&#8221;]Bolet\u00edn 1 &#8211;\u00a0Todo un \u00e9xito la edici\u00f3n 15 de Manualidades y Navidad en el World Trade Center de la Ciudad de M\u00e9xico[\/vc_column_text][\/vc_column][\/vc_row][vc_row 0=&#8221;&#8221;][vc_column 0=&#8221;&#8221;][vc_custom_heading text=&#8221;2019&#8243; use_theme_fonts=&#8221;yes&#8221;][vc_column_text 0=&#8221;&#8221;]Bolet\u00edn 8 &#8211; Las manualidades se visten de navidad Bolet\u00edn 7 &#8211; El negocio de las manualidades Bolet\u00edn 6 &#8211; Las esferas de la [&hellip;]","og_url":"https:\/\/www.expomanualidades.info\/navidad\/prensa\/boletines-de-prensa\/","og_site_name":"Manualidades y Navidad","article_publisher":"https:\/\/www.facebook.com\/xpomanualidades\/","article_modified_time":"2022-10-20T21:28:02+00:00","twitter_card":"summary_large_image","twitter_misc":{"Tiempo de lectura":"1 minuto"},"schema":{"@context":"https:\/\/schema.org","@graph":[{"@type":"WebPage","@id":"https:\/\/www.expomanualidades.info\/navidad\/prensa\/boletines-de-prensa\/","url":"https:\/\/www.expomanualidades.info\/navidad\/prensa\/boletines-de-prensa\/","name":"Boletines de Prensa - Manualidades y Navidad","isPartOf":{"@id":"https:\/\/www.expomanualidades.info\/navidad\/#website"},"datePublished":"2018-09-04T16:05:18+00:00","dateModified":"2022-10-20T21:28:02+00:00","breadcrumb":{"@id":"https:\/\/www.expomanualidades.info\/navidad\/prensa\/boletines-de-prensa\/#breadcrumb"},"inLanguage":"es","potentialAction":[{"@type":"ReadAction","target":["https:\/\/www.expomanualidades.info\/navidad\/prensa\/boletines-de-prensa\/"]}]},{"@type":"BreadcrumbList","@id":"https:\/\/www.expomanualidades.info\/navidad\/prensa\/boletines-de-prensa\/#breadcrumb","itemListElement":[{"@type":"ListItem","position":1,"name":"Inicio","item":"https:\/\/www.expomanualidades.info\/navidad\/"},{"@type":"ListItem","position":2,"name":"Prensa","item":"https:\/\/www.expomanualidades.info\/navidad\/prensa\/"},{"@type":"ListItem","position":3,"name":"Boletines de Prensa"}]},{"@type":"WebSite","@id":"https:\/\/www.expomanualidades.info\/navidad\/#website","url":"https:\/\/www.expomanualidades.info\/navidad\/","name":"Manualidades y Navidad","description":"Ac\u00e9rcate al mundo de las manualidades, donde podr\u00e1s adquirir insumos y herramientas para la elaboraci\u00f3n de distintas t\u00e9cnicas.","publisher":{"@id":"https:\/\/www.expomanualidades.info\/navidad\/#organization"},"potentialAction":[{"@type":"SearchAction","target":{"@type":"EntryPoint","urlTemplate":"https:\/\/www.expomanualidades.info\/navidad\/?s={search_term_string}"},"query-input":{"@type":"PropertyValueSpecification","valueRequired":true,"valueName":"search_term_string"}}],"inLanguage":"es"},{"@type":"Organization","@id":"https:\/\/www.expomanualidades.info\/navidad\/#organization","name":"Manualidades y Navidad","url":"https:\/\/www.expomanualidades.info\/navidad\/","logo":{"@type":"ImageObject","inLanguage":"es","@id":"https:\/\/www.expomanualidades.info\/navidad\/#\/schema\/logo\/image\/","url":"https:\/\/www.expomanualidades.info\/navidad\/wp-content\/uploads\/2025\/10\/Expo-Manualidades-Navidad-10.png","contentUrl":"https:\/\/www.expomanualidades.info\/navidad\/wp-content\/uploads\/2025\/10\/Expo-Manualidades-Navidad-10.png","width":1247,"height":332,"caption":"Manualidades y Navidad"},"image":{"@id":"https:\/\/www.expomanualidades.info\/navidad\/#\/schema\/logo\/image\/"},"sameAs":["https:\/\/www.facebook.com\/xpomanualidades\/","https:\/\/www.instagram.com\/expomerceriaymanualidades\/","https:\/\/www.youtube.com\/channel\/UCrl-kP24qbcrh1Ebk4RjK9A","https:\/\/www.tiktok.com\/@merceriaymanualidades","https:\/\/open.spotify.com\/show\/0eic79uV9YVcZ9bbRjVd0p"]}]}},"_links":{"self":[{"href":"https:\/\/www.expomanualidades.info\/navidad\/wp-json\/wp\/v2\/pages\/571","targetHints":{"allow":["GET"]}}],"collection":[{"href":"https:\/\/www.expomanualidades.info\/navidad\/wp-json\/wp\/v2\/pages"}],"about":[{"href":"https:\/\/www.expomanualidades.info\/navidad\/wp-json\/wp\/v2\/types\/page"}],"author":[{"embeddable":true,"href":"https:\/\/www.expomanualidades.info\/navidad\/wp-json\/wp\/v2\/users\/1"}],"replies":[{"embeddable":true,"href":"https:\/\/www.expomanualidades.info\/navidad\/wp-json\/wp\/v2\/comments?post=571"}],"version-history":[{"count":23,"href":"https:\/\/www.expomanualidades.info\/navidad\/wp-json\/wp\/v2\/pages\/571\/revisions"}],"predecessor-version":[{"id":14379,"href":"https:\/\/www.expomanualidades.info\/navidad\/wp-json\/wp\/v2\/pages\/571\/revisions\/14379"}],"up":[{"embeddable":true,"href":"https:\/\/www.expomanualidades.info\/navidad\/wp-json\/wp\/v2\/pages\/563"}],"wp:attachment":[{"href":"https:\/\/www.expomanualidades.info\/navidad\/wp-json\/wp\/v2\/media?parent=571"}],"curies":[{"name":"wp","href":"https:\/\/api.w.org\/{rel}","templated":true}]}}