{"id":466,"date":"2018-08-07T11:27:11","date_gmt":"2018-08-07T16:27:11","guid":{"rendered":"http:\/\/www.expomanualidades.info\/navidad\/mi-cuenta\/"},"modified":"2018-08-07T11:27:11","modified_gmt":"2018-08-07T16:27:11","slug":"mi-cuenta","status":"publish","type":"page","link":"https:\/\/www.expomanualidades.info\/navidad\/mi-cuenta\/","title":{"rendered":"Mi cuenta"},"content":{"rendered":"<div class=\"woocommerce\"><\/div>\n","protected":false},"excerpt":{"rendered":"","protected":false},"author":1,"featured_media":0,"parent":0,"menu_order":0,"comment_status":"closed","ping_status":"closed","template":"","meta":{"_monsterinsights_skip_tracking":false,"_monsterinsights_sitenote_active":false,"_monsterinsights_sitenote_note":"","_monsterinsights_sitenote_category":0,"site-sidebar-layout":"default","site-content-layout":"","ast-site-content-layout":"","site-content-style":"default","site-sidebar-style":"default","ast-global-header-display":"","ast-banner-title-visibility":"","ast-main-header-display":"","ast-hfb-above-header-display":"","ast-hfb-below-header-display":"","ast-hfb-mobile-header-display":"","site-post-title":"","ast-breadcrumbs-content":"","ast-featured-img":"","footer-sml-layout":"","theme-transparent-header-meta":"","adv-header-id-meta":"","stick-header-meta":"","header-above-stick-meta":"","header-main-stick-meta":"","header-below-stick-meta":"","astra-migrate-meta-layouts":"default","ast-page-background-enabled":"default","ast-page-background-meta":{"desktop":{"background-color":"var(--ast-global-color-4)","background-image":"","background-repeat":"repeat","background-position":"center center","background-size":"auto","background-attachment":"scroll","background-type":"","background-media":"","overlay-type":"","overlay-color":"","overlay-opacity":"","overlay-gradient":""},"tablet":{"background-color":"","background-image":"","background-repeat":"repeat","background-position":"center center","background-size":"auto","background-attachment":"scroll","background-type":"","background-media":"","overlay-type":"","overlay-color":"","overlay-opacity":"","overlay-gradient":""},"mobile":{"background-color":"","background-image":"","background-repeat":"repeat","background-position":"center center","background-size":"auto","background-attachment":"scroll","background-type":"","background-media":"","overlay-type":"","overlay-color":"","overlay-opacity":"","overlay-gradient":""}},"ast-content-background-meta":{"desktop":{"background-color":"var(--ast-global-color-5)","background-image":"","background-repeat":"repeat","background-position":"center center","background-size":"auto","background-attachment":"scroll","background-type":"","background-media":"","overlay-type":"","overlay-color":"","overlay-opacity":"","overlay-gradient":""},"tablet":{"background-color":"var(--ast-global-color-5)","background-image":"","background-repeat":"repeat","background-position":"center center","background-size":"auto","background-attachment":"scroll","background-type":"","background-media":"","overlay-type":"","overlay-color":"","overlay-opacity":"","overlay-gradient":""},"mobile":{"background-color":"var(--ast-global-color-5)","background-image":"","background-repeat":"repeat","background-position":"center center","background-size":"auto","background-attachment":"scroll","background-type":"","background-media":"","overlay-type":"","overlay-color":"","overlay-opacity":"","overlay-gradient":""}},"footnotes":""},"class_list":["post-466","page","type-page","status-publish","hentry"],"yoast_head":"<!-- This site is optimized with the Yoast SEO plugin v27.3 - https:\/\/yoast.com\/product\/yoast-seo-wordpress\/ -->\n<title>Mi cuenta - Manualidades y Navidad<\/title>\n<meta name=\"robots\" content=\"index, follow, max-snippet:-1, max-image-preview:large, max-video-preview:-1\" \/>\n<link rel=\"canonical\" href=\"https:\/\/www.expomanualidades.info\/navidad\/mi-cuenta\/\" \/>\n<meta property=\"og:locale\" content=\"es_MX\" \/>\n<meta property=\"og:type\" content=\"article\" \/>\n<meta property=\"og:title\" content=\"Mi cuenta - Manualidades y Navidad\" \/>\n<meta property=\"og:url\" content=\"https:\/\/www.expomanualidades.info\/navidad\/mi-cuenta\/\" \/>\n<meta property=\"og:site_name\" content=\"Manualidades y Navidad\" \/>\n<meta property=\"article:publisher\" content=\"https:\/\/www.facebook.com\/xpomanualidades\/\" \/>\n<meta name=\"twitter:card\" content=\"summary_large_image\" \/>\n<script type=\"application\/ld+json\" class=\"yoast-schema-graph\">{\"@context\":\"https:\\\/\\\/schema.org\",\"@graph\":[{\"@type\":\"WebPage\",\"@id\":\"https:\\\/\\\/www.expomanualidades.info\\\/navidad\\\/mi-cuenta\\\/\",\"url\":\"https:\\\/\\\/www.expomanualidades.info\\\/navidad\\\/mi-cuenta\\\/\",\"name\":\"Mi cuenta - Manualidades y Navidad\",\"isPartOf\":{\"@id\":\"https:\\\/\\\/www.expomanualidades.info\\\/navidad\\\/#website\"},\"datePublished\":\"2018-08-07T16:27:11+00:00\",\"breadcrumb\":{\"@id\":\"https:\\\/\\\/www.expomanualidades.info\\\/navidad\\\/mi-cuenta\\\/#breadcrumb\"},\"inLanguage\":\"es\",\"potentialAction\":[{\"@type\":\"ReadAction\",\"target\":[\"https:\\\/\\\/www.expomanualidades.info\\\/navidad\\\/mi-cuenta\\\/\"]}]},{\"@type\":\"BreadcrumbList\",\"@id\":\"https:\\\/\\\/www.expomanualidades.info\\\/navidad\\\/mi-cuenta\\\/#breadcrumb\",\"itemListElement\":[{\"@type\":\"ListItem\",\"position\":1,\"name\":\"Inicio\",\"item\":\"https:\\\/\\\/www.expomanualidades.info\\\/navidad\\\/\"},{\"@type\":\"ListItem\",\"position\":2,\"name\":\"Mi cuenta\"}]},{\"@type\":\"WebSite\",\"@id\":\"https:\\\/\\\/www.expomanualidades.info\\\/navidad\\\/#website\",\"url\":\"https:\\\/\\\/www.expomanualidades.info\\\/navidad\\\/\",\"name\":\"Manualidades y Navidad\",\"description\":\"Ac\u00e9rcate al mundo de las manualidades, donde podr\u00e1s adquirir insumos y herramientas para la elaboraci\u00f3n de distintas t\u00e9cnicas.\",\"publisher\":{\"@id\":\"https:\\\/\\\/www.expomanualidades.info\\\/navidad\\\/#organization\"},\"potentialAction\":[{\"@type\":\"SearchAction\",\"target\":{\"@type\":\"EntryPoint\",\"urlTemplate\":\"https:\\\/\\\/www.expomanualidades.info\\\/navidad\\\/?s={search_term_string}\"},\"query-input\":{\"@type\":\"PropertyValueSpecification\",\"valueRequired\":true,\"valueName\":\"search_term_string\"}}],\"inLanguage\":\"es\"},{\"@type\":\"Organization\",\"@id\":\"https:\\\/\\\/www.expomanualidades.info\\\/navidad\\\/#organization\",\"name\":\"Manualidades y Navidad\",\"url\":\"https:\\\/\\\/www.expomanualidades.info\\\/navidad\\\/\",\"logo\":{\"@type\":\"ImageObject\",\"inLanguage\":\"es\",\"@id\":\"https:\\\/\\\/www.expomanualidades.info\\\/navidad\\\/#\\\/schema\\\/logo\\\/image\\\/\",\"url\":\"https:\\\/\\\/www.expomanualidades.info\\\/navidad\\\/wp-content\\\/uploads\\\/2025\\\/10\\\/Expo-Manualidades-Navidad-10.png\",\"contentUrl\":\"https:\\\/\\\/www.expomanualidades.info\\\/navidad\\\/wp-content\\\/uploads\\\/2025\\\/10\\\/Expo-Manualidades-Navidad-10.png\",\"width\":1247,\"height\":332,\"caption\":\"Manualidades y Navidad\"},\"image\":{\"@id\":\"https:\\\/\\\/www.expomanualidades.info\\\/navidad\\\/#\\\/schema\\\/logo\\\/image\\\/\"},\"sameAs\":[\"https:\\\/\\\/www.facebook.com\\\/xpomanualidades\\\/\",\"https:\\\/\\\/www.instagram.com\\\/expomerceriaymanualidades\\\/\",\"https:\\\/\\\/www.youtube.com\\\/channel\\\/UCrl-kP24qbcrh1Ebk4RjK9A\",\"https:\\\/\\\/www.tiktok.com\\\/@merceriaymanualidades\",\"https:\\\/\\\/open.spotify.com\\\/show\\\/0eic79uV9YVcZ9bbRjVd0p\"]}]}<\/script>\n<!-- \/ Yoast SEO plugin. -->","yoast_head_json":{"title":"Mi cuenta - Manualidades y Navidad","robots":{"index":"index","follow":"follow","max-snippet":"max-snippet:-1","max-image-preview":"max-image-preview:large","max-video-preview":"max-video-preview:-1"},"canonical":"https:\/\/www.expomanualidades.info\/navidad\/mi-cuenta\/","og_locale":"es_MX","og_type":"article","og_title":"Mi cuenta - Manualidades y Navidad","og_url":"https:\/\/www.expomanualidades.info\/navidad\/mi-cuenta\/","og_site_name":"Manualidades y Navidad","article_publisher":"https:\/\/www.facebook.com\/xpomanualidades\/","twitter_card":"summary_large_image","schema":{"@context":"https:\/\/schema.org","@graph":[{"@type":"WebPage","@id":"https:\/\/www.expomanualidades.info\/navidad\/mi-cuenta\/","url":"https:\/\/www.expomanualidades.info\/navidad\/mi-cuenta\/","name":"Mi cuenta - Manualidades y Navidad","isPartOf":{"@id":"https:\/\/www.expomanualidades.info\/navidad\/#website"},"datePublished":"2018-08-07T16:27:11+00:00","breadcrumb":{"@id":"https:\/\/www.expomanualidades.info\/navidad\/mi-cuenta\/#breadcrumb"},"inLanguage":"es","potentialAction":[{"@type":"ReadAction","target":["https:\/\/www.expomanualidades.info\/navidad\/mi-cuenta\/"]}]},{"@type":"BreadcrumbList","@id":"https:\/\/www.expomanualidades.info\/navidad\/mi-cuenta\/#breadcrumb","itemListElement":[{"@type":"ListItem","position":1,"name":"Inicio","item":"https:\/\/www.expomanualidades.info\/navidad\/"},{"@type":"ListItem","position":2,"name":"Mi cuenta"}]},{"@type":"WebSite","@id":"https:\/\/www.expomanualidades.info\/navidad\/#website","url":"https:\/\/www.expomanualidades.info\/navidad\/","name":"Manualidades y Navidad","description":"Ac\u00e9rcate al mundo de las manualidades, donde podr\u00e1s adquirir insumos y herramientas para la elaboraci\u00f3n de distintas t\u00e9cnicas.","publisher":{"@id":"https:\/\/www.expomanualidades.info\/navidad\/#organization"},"potentialAction":[{"@type":"SearchAction","target":{"@type":"EntryPoint","urlTemplate":"https:\/\/www.expomanualidades.info\/navidad\/?s={search_term_string}"},"query-input":{"@type":"PropertyValueSpecification","valueRequired":true,"valueName":"search_term_string"}}],"inLanguage":"es"},{"@type":"Organization","@id":"https:\/\/www.expomanualidades.info\/navidad\/#organization","name":"Manualidades y Navidad","url":"https:\/\/www.expomanualidades.info\/navidad\/","logo":{"@type":"ImageObject","inLanguage":"es","@id":"https:\/\/www.expomanualidades.info\/navidad\/#\/schema\/logo\/image\/","url":"https:\/\/www.expomanualidades.info\/navidad\/wp-content\/uploads\/2025\/10\/Expo-Manualidades-Navidad-10.png","contentUrl":"https:\/\/www.expomanualidades.info\/navidad\/wp-content\/uploads\/2025\/10\/Expo-Manualidades-Navidad-10.png","width":1247,"height":332,"caption":"Manualidades y Navidad"},"image":{"@id":"https:\/\/www.expomanualidades.info\/navidad\/#\/schema\/logo\/image\/"},"sameAs":["https:\/\/www.facebook.com\/xpomanualidades\/","https:\/\/www.instagram.com\/expomerceriaymanualidades\/","https:\/\/www.youtube.com\/channel\/UCrl-kP24qbcrh1Ebk4RjK9A","https:\/\/www.tiktok.com\/@merceriaymanualidades","https:\/\/open.spotify.com\/show\/0eic79uV9YVcZ9bbRjVd0p"]}]}},"_links":{"self":[{"href":"https:\/\/www.expomanualidades.info\/navidad\/wp-json\/wp\/v2\/pages\/466","targetHints":{"allow":["GET"]}}],"collection":[{"href":"https:\/\/www.expomanualidades.info\/navidad\/wp-json\/wp\/v2\/pages"}],"about":[{"href":"https:\/\/www.expomanualidades.info\/navidad\/wp-json\/wp\/v2\/types\/page"}],"author":[{"embeddable":true,"href":"https:\/\/www.expomanualidades.info\/navidad\/wp-json\/wp\/v2\/users\/1"}],"replies":[{"embeddable":true,"href":"https:\/\/www.expomanualidades.info\/navidad\/wp-json\/wp\/v2\/comments?post=466"}],"version-history":[{"count":0,"href":"https:\/\/www.expomanualidades.info\/navidad\/wp-json\/wp\/v2\/pages\/466\/revisions"}],"wp:attachment":[{"href":"https:\/\/www.expomanualidades.info\/navidad\/wp-json\/wp\/v2\/media?parent=466"}],"curies":[{"name":"wp","href":"https:\/\/api.w.org\/{rel}","templated":true}]}}