{"id":228,"date":"2017-12-06T16:14:33","date_gmt":"2017-12-06T22:14:33","guid":{"rendered":"http:\/\/tradex.mx\/manualidades\/veracruz\/2018\/?page_id=228"},"modified":"2019-08-07T09:58:33","modified_gmt":"2019-08-07T14:58:33","slug":"english","status":"publish","type":"page","link":"https:\/\/www.expomanualidades.info\/navidad\/english\/","title":{"rendered":"English"},"content":{"rendered":"<div class=\"wpb-content-wrapper\"><p>[vc_row][vc_column width=&#8221;1\/2&#8243;][vc_column_text]<\/p>\n<h2>The Show for Handicrafts Professionals from Mexico<\/h2>\n<p>Central and South America<\/p>\n<p>Fourteen years promoting the Handicraft Industry<\/p>\n<p>More than 280 exhibitors 28,000 attendees<\/p>\n<p>An international display of products and techniques<\/p>\n<p><strong>Buyers<\/strong><\/p>\n<p>Notions Crafts and Decoration Stores<br \/>\nCraft Promoters and Distributors<br \/>\nImporters and Exporters<\/p>\n<p><strong>Exhibitors<\/strong><\/p>\n<p>Manufacturers, Importers and Supplier of Tools, Materials and Accesories for handicrafts<br \/>\nDecorative Goods and Notions.<\/p>\n<p><strong>Promotion<\/strong><\/p>\n<p>Direct mail, Social Media, Specialized Magazines, Radio, Newspapers, Cable TV.<\/p>\n<p>&nbsp;<\/p>\n<p><strong>Further Information<\/strong><\/p>\n<p>Tel. +52 (55) 46 29 77 63<br \/>\n<span id=\"cloak39927\"><a href=\"mailto:info@expomanualidades.info\">info@expomanualidades.info<\/a><\/span><a href=\"http:\/\/www.expomanualidades.info\/\"><br \/>\n<\/a>Organized by TRADEX Exposiciones S. C.[\/vc_column_text][\/vc_column][vc_column width=&#8221;1\/2&#8243;][vc_gallery type=&#8221;nivo&#8221; interval=&#8221;3&#8243; images=&#8221;313,292,303,305,288,285,286,291&#8243; img_size=&#8221;full&#8221;][\/vc_column][\/vc_row]<\/p>\n<\/div>","protected":false},"excerpt":{"rendered":"<p>[vc_row][vc_column width=&#8221;1\/2&#8243;][vc_column_text] The Show for Handicrafts Professionals from Mexico Central and South America Fourteen years promoting the Handicraft Industry More than 280 exhibitors 28,000 attendees An international display of products and techniques Buyers Notions Crafts and Decoration Stores Craft Promoters and Distributors Importers and Exporters Exhibitors Manufacturers, Importers and Supplier of Tools, Materials and Accesories [&hellip;]<\/p>\n","protected":false},"author":1,"featured_media":0,"parent":0,"menu_order":0,"comment_status":"closed","ping_status":"closed","template":"page-templates\/contact-template.php","meta":{"_monsterinsights_skip_tracking":false,"_monsterinsights_sitenote_active":false,"_monsterinsights_sitenote_note":"","_monsterinsights_sitenote_category":0,"site-sidebar-layout":"no-sidebar","site-content-layout":"plain-container","ast-site-content-layout":"","site-content-style":"default","site-sidebar-style":"default","ast-global-header-display":"","ast-banner-title-visibility":"","ast-main-header-display":"","ast-hfb-above-header-display":"","ast-hfb-below-header-display":"","ast-hfb-mobile-header-display":"","site-post-title":"disabled","ast-breadcrumbs-content":"","ast-featured-img":"disabled","footer-sml-layout":"","theme-transparent-header-meta":"","adv-header-id-meta":"","stick-header-meta":"","header-above-stick-meta":"","header-main-stick-meta":"","header-below-stick-meta":"","astra-migrate-meta-layouts":"default","ast-page-background-enabled":"default","ast-page-background-meta":{"desktop":{"background-color":"var(--ast-global-color-4)","background-image":"","background-repeat":"repeat","background-position":"center center","background-size":"auto","background-attachment":"scroll","background-type":"","background-media":"","overlay-type":"","overlay-color":"","overlay-opacity":"","overlay-gradient":""},"tablet":{"background-color":"","background-image":"","background-repeat":"repeat","background-position":"center center","background-size":"auto","background-attachment":"scroll","background-type":"","background-media":"","overlay-type":"","overlay-color":"","overlay-opacity":"","overlay-gradient":""},"mobile":{"background-color":"","background-image":"","background-repeat":"repeat","background-position":"center center","background-size":"auto","background-attachment":"scroll","background-type":"","background-media":"","overlay-type":"","overlay-color":"","overlay-opacity":"","overlay-gradient":""}},"ast-content-background-meta":{"desktop":{"background-color":"var(--ast-global-color-5)","background-image":"","background-repeat":"repeat","background-position":"center center","background-size":"auto","background-attachment":"scroll","background-type":"","background-media":"","overlay-type":"","overlay-color":"","overlay-opacity":"","overlay-gradient":""},"tablet":{"background-color":"var(--ast-global-color-5)","background-image":"","background-repeat":"repeat","background-position":"center center","background-size":"auto","background-attachment":"scroll","background-type":"","background-media":"","overlay-type":"","overlay-color":"","overlay-opacity":"","overlay-gradient":""},"mobile":{"background-color":"var(--ast-global-color-5)","background-image":"","background-repeat":"repeat","background-position":"center center","background-size":"auto","background-attachment":"scroll","background-type":"","background-media":"","overlay-type":"","overlay-color":"","overlay-opacity":"","overlay-gradient":""}},"footnotes":""},"class_list":["post-228","page","type-page","status-publish","hentry"],"yoast_head":"<!-- This site is optimized with the Yoast SEO plugin v27.3 - https:\/\/yoast.com\/product\/yoast-seo-wordpress\/ -->\n<title>English - Manualidades y Navidad<\/title>\n<meta name=\"robots\" content=\"index, follow, max-snippet:-1, max-image-preview:large, max-video-preview:-1\" \/>\n<link rel=\"canonical\" href=\"https:\/\/www.expomanualidades.info\/navidad\/english\/\" \/>\n<meta property=\"og:locale\" content=\"es_MX\" \/>\n<meta property=\"og:type\" content=\"article\" \/>\n<meta property=\"og:title\" content=\"English - Manualidades y Navidad\" \/>\n<meta property=\"og:description\" content=\"[vc_row][vc_column width=&#8221;1\/2&#8243;][vc_column_text] The Show for Handicrafts Professionals from Mexico Central and South America Fourteen years promoting the Handicraft Industry More than 280 exhibitors 28,000 attendees An international display of products and techniques Buyers Notions Crafts and Decoration Stores Craft Promoters and Distributors Importers and Exporters Exhibitors Manufacturers, Importers and Supplier of Tools, Materials and Accesories [&hellip;]\" \/>\n<meta property=\"og:url\" content=\"https:\/\/www.expomanualidades.info\/navidad\/english\/\" \/>\n<meta property=\"og:site_name\" content=\"Manualidades y Navidad\" \/>\n<meta property=\"article:publisher\" content=\"https:\/\/www.facebook.com\/xpomanualidades\/\" \/>\n<meta property=\"article:modified_time\" content=\"2019-08-07T14:58:33+00:00\" \/>\n<meta name=\"twitter:card\" content=\"summary_large_image\" \/>\n<meta name=\"twitter:label1\" content=\"Tiempo de lectura\" \/>\n\t<meta name=\"twitter:data1\" content=\"1 minuto\" \/>\n<script type=\"application\/ld+json\" class=\"yoast-schema-graph\">{\"@context\":\"https:\\\/\\\/schema.org\",\"@graph\":[{\"@type\":\"WebPage\",\"@id\":\"https:\\\/\\\/www.expomanualidades.info\\\/navidad\\\/english\\\/\",\"url\":\"https:\\\/\\\/www.expomanualidades.info\\\/navidad\\\/english\\\/\",\"name\":\"English - Manualidades y Navidad\",\"isPartOf\":{\"@id\":\"https:\\\/\\\/www.expomanualidades.info\\\/navidad\\\/#website\"},\"datePublished\":\"2017-12-06T22:14:33+00:00\",\"dateModified\":\"2019-08-07T14:58:33+00:00\",\"breadcrumb\":{\"@id\":\"https:\\\/\\\/www.expomanualidades.info\\\/navidad\\\/english\\\/#breadcrumb\"},\"inLanguage\":\"es\",\"potentialAction\":[{\"@type\":\"ReadAction\",\"target\":[\"https:\\\/\\\/www.expomanualidades.info\\\/navidad\\\/english\\\/\"]}]},{\"@type\":\"BreadcrumbList\",\"@id\":\"https:\\\/\\\/www.expomanualidades.info\\\/navidad\\\/english\\\/#breadcrumb\",\"itemListElement\":[{\"@type\":\"ListItem\",\"position\":1,\"name\":\"Inicio\",\"item\":\"https:\\\/\\\/www.expomanualidades.info\\\/navidad\\\/\"},{\"@type\":\"ListItem\",\"position\":2,\"name\":\"English\"}]},{\"@type\":\"WebSite\",\"@id\":\"https:\\\/\\\/www.expomanualidades.info\\\/navidad\\\/#website\",\"url\":\"https:\\\/\\\/www.expomanualidades.info\\\/navidad\\\/\",\"name\":\"Manualidades y Navidad\",\"description\":\"Ac\u00e9rcate al mundo de las manualidades, donde podr\u00e1s adquirir insumos y herramientas para la elaboraci\u00f3n de distintas t\u00e9cnicas.\",\"publisher\":{\"@id\":\"https:\\\/\\\/www.expomanualidades.info\\\/navidad\\\/#organization\"},\"potentialAction\":[{\"@type\":\"SearchAction\",\"target\":{\"@type\":\"EntryPoint\",\"urlTemplate\":\"https:\\\/\\\/www.expomanualidades.info\\\/navidad\\\/?s={search_term_string}\"},\"query-input\":{\"@type\":\"PropertyValueSpecification\",\"valueRequired\":true,\"valueName\":\"search_term_string\"}}],\"inLanguage\":\"es\"},{\"@type\":\"Organization\",\"@id\":\"https:\\\/\\\/www.expomanualidades.info\\\/navidad\\\/#organization\",\"name\":\"Manualidades y Navidad\",\"url\":\"https:\\\/\\\/www.expomanualidades.info\\\/navidad\\\/\",\"logo\":{\"@type\":\"ImageObject\",\"inLanguage\":\"es\",\"@id\":\"https:\\\/\\\/www.expomanualidades.info\\\/navidad\\\/#\\\/schema\\\/logo\\\/image\\\/\",\"url\":\"https:\\\/\\\/www.expomanualidades.info\\\/navidad\\\/wp-content\\\/uploads\\\/2025\\\/10\\\/Expo-Manualidades-Navidad-10.png\",\"contentUrl\":\"https:\\\/\\\/www.expomanualidades.info\\\/navidad\\\/wp-content\\\/uploads\\\/2025\\\/10\\\/Expo-Manualidades-Navidad-10.png\",\"width\":1247,\"height\":332,\"caption\":\"Manualidades y Navidad\"},\"image\":{\"@id\":\"https:\\\/\\\/www.expomanualidades.info\\\/navidad\\\/#\\\/schema\\\/logo\\\/image\\\/\"},\"sameAs\":[\"https:\\\/\\\/www.facebook.com\\\/xpomanualidades\\\/\",\"https:\\\/\\\/www.instagram.com\\\/expomerceriaymanualidades\\\/\",\"https:\\\/\\\/www.youtube.com\\\/channel\\\/UCrl-kP24qbcrh1Ebk4RjK9A\",\"https:\\\/\\\/www.tiktok.com\\\/@merceriaymanualidades\",\"https:\\\/\\\/open.spotify.com\\\/show\\\/0eic79uV9YVcZ9bbRjVd0p\"]}]}<\/script>\n<!-- \/ Yoast SEO plugin. -->","yoast_head_json":{"title":"English - Manualidades y Navidad","robots":{"index":"index","follow":"follow","max-snippet":"max-snippet:-1","max-image-preview":"max-image-preview:large","max-video-preview":"max-video-preview:-1"},"canonical":"https:\/\/www.expomanualidades.info\/navidad\/english\/","og_locale":"es_MX","og_type":"article","og_title":"English - Manualidades y Navidad","og_description":"[vc_row][vc_column width=&#8221;1\/2&#8243;][vc_column_text] The Show for Handicrafts Professionals from Mexico Central and South America Fourteen years promoting the Handicraft Industry More than 280 exhibitors 28,000 attendees An international display of products and techniques Buyers Notions Crafts and Decoration Stores Craft Promoters and Distributors Importers and Exporters Exhibitors Manufacturers, Importers and Supplier of Tools, Materials and Accesories [&hellip;]","og_url":"https:\/\/www.expomanualidades.info\/navidad\/english\/","og_site_name":"Manualidades y Navidad","article_publisher":"https:\/\/www.facebook.com\/xpomanualidades\/","article_modified_time":"2019-08-07T14:58:33+00:00","twitter_card":"summary_large_image","twitter_misc":{"Tiempo de lectura":"1 minuto"},"schema":{"@context":"https:\/\/schema.org","@graph":[{"@type":"WebPage","@id":"https:\/\/www.expomanualidades.info\/navidad\/english\/","url":"https:\/\/www.expomanualidades.info\/navidad\/english\/","name":"English - Manualidades y Navidad","isPartOf":{"@id":"https:\/\/www.expomanualidades.info\/navidad\/#website"},"datePublished":"2017-12-06T22:14:33+00:00","dateModified":"2019-08-07T14:58:33+00:00","breadcrumb":{"@id":"https:\/\/www.expomanualidades.info\/navidad\/english\/#breadcrumb"},"inLanguage":"es","potentialAction":[{"@type":"ReadAction","target":["https:\/\/www.expomanualidades.info\/navidad\/english\/"]}]},{"@type":"BreadcrumbList","@id":"https:\/\/www.expomanualidades.info\/navidad\/english\/#breadcrumb","itemListElement":[{"@type":"ListItem","position":1,"name":"Inicio","item":"https:\/\/www.expomanualidades.info\/navidad\/"},{"@type":"ListItem","position":2,"name":"English"}]},{"@type":"WebSite","@id":"https:\/\/www.expomanualidades.info\/navidad\/#website","url":"https:\/\/www.expomanualidades.info\/navidad\/","name":"Manualidades y Navidad","description":"Ac\u00e9rcate al mundo de las manualidades, donde podr\u00e1s adquirir insumos y herramientas para la elaboraci\u00f3n de distintas t\u00e9cnicas.","publisher":{"@id":"https:\/\/www.expomanualidades.info\/navidad\/#organization"},"potentialAction":[{"@type":"SearchAction","target":{"@type":"EntryPoint","urlTemplate":"https:\/\/www.expomanualidades.info\/navidad\/?s={search_term_string}"},"query-input":{"@type":"PropertyValueSpecification","valueRequired":true,"valueName":"search_term_string"}}],"inLanguage":"es"},{"@type":"Organization","@id":"https:\/\/www.expomanualidades.info\/navidad\/#organization","name":"Manualidades y Navidad","url":"https:\/\/www.expomanualidades.info\/navidad\/","logo":{"@type":"ImageObject","inLanguage":"es","@id":"https:\/\/www.expomanualidades.info\/navidad\/#\/schema\/logo\/image\/","url":"https:\/\/www.expomanualidades.info\/navidad\/wp-content\/uploads\/2025\/10\/Expo-Manualidades-Navidad-10.png","contentUrl":"https:\/\/www.expomanualidades.info\/navidad\/wp-content\/uploads\/2025\/10\/Expo-Manualidades-Navidad-10.png","width":1247,"height":332,"caption":"Manualidades y Navidad"},"image":{"@id":"https:\/\/www.expomanualidades.info\/navidad\/#\/schema\/logo\/image\/"},"sameAs":["https:\/\/www.facebook.com\/xpomanualidades\/","https:\/\/www.instagram.com\/expomerceriaymanualidades\/","https:\/\/www.youtube.com\/channel\/UCrl-kP24qbcrh1Ebk4RjK9A","https:\/\/www.tiktok.com\/@merceriaymanualidades","https:\/\/open.spotify.com\/show\/0eic79uV9YVcZ9bbRjVd0p"]}]}},"_links":{"self":[{"href":"https:\/\/www.expomanualidades.info\/navidad\/wp-json\/wp\/v2\/pages\/228","targetHints":{"allow":["GET"]}}],"collection":[{"href":"https:\/\/www.expomanualidades.info\/navidad\/wp-json\/wp\/v2\/pages"}],"about":[{"href":"https:\/\/www.expomanualidades.info\/navidad\/wp-json\/wp\/v2\/types\/page"}],"author":[{"embeddable":true,"href":"https:\/\/www.expomanualidades.info\/navidad\/wp-json\/wp\/v2\/users\/1"}],"replies":[{"embeddable":true,"href":"https:\/\/www.expomanualidades.info\/navidad\/wp-json\/wp\/v2\/comments?post=228"}],"version-history":[{"count":8,"href":"https:\/\/www.expomanualidades.info\/navidad\/wp-json\/wp\/v2\/pages\/228\/revisions"}],"predecessor-version":[{"id":907,"href":"https:\/\/www.expomanualidades.info\/navidad\/wp-json\/wp\/v2\/pages\/228\/revisions\/907"}],"wp:attachment":[{"href":"https:\/\/www.expomanualidades.info\/navidad\/wp-json\/wp\/v2\/media?parent=228"}],"curies":[{"name":"wp","href":"https:\/\/api.w.org\/{rel}","templated":true}]}}