{"id":174,"date":"2017-12-06T12:38:49","date_gmt":"2017-12-06T18:38:49","guid":{"rendered":"http:\/\/tradex.mx\/manualidades\/veracruz\/2018\/?page_id=174"},"modified":"2025-10-07T10:03:55","modified_gmt":"2025-10-07T16:03:55","slug":"talleres-especializados","status":"publish","type":"page","link":"https:\/\/www.expomanualidades.info\/navidad\/talleres-especializados\/","title":{"rendered":"Talleres Especializados"},"content":{"rendered":"<div class=\"wpb-content-wrapper\"><p>[vc_row full_width=&#8221;stretch_row_content_no_spaces&#8221; css=&#8221;.vc_custom_1752860827147{margin-bottom: 0px !important;padding-top: 0px !important;padding-bottom: 30px !important;background-color: #ed1c24 !important;}&#8221;][vc_column css=&#8221;.vc_custom_1691518951040{margin-bottom: 0px !important;}&#8221;][vc_column_text css_animation=&#8221;fadeIn&#8221; css=&#8221;.vc_custom_1722623099210{margin-bottom: 30px !important;}&#8221; el_class=&#8221;whiteText&#8221;]<\/p>\n<h2 style=\"text-align: center;\"><strong style=\"color: #f2d4b0;\">Talleres Especializados<\/strong><\/h2>\n<p style=\"text-align: center;\"><strong>En la compra de tu taller, obt\u00e9n gratis tu acceso a la expo.<br \/>\n<span style=\"color: #f2d4b0;\">V\u00e1lido \u00fanicamente para el d\u00eda de tu taller.<\/span><\/strong><\/p>\n<p>[\/vc_column_text][\/vc_column][\/vc_row][vc_row full_width=&#8221;stretch_row&#8221; css=&#8221;.vc_custom_1722898004238{margin-top: -40px !important;background-color: #ffffff !important;}&#8221;][vc_column]<div class=\"woocommerce columns-4 \"><\/div>[\/vc_column][\/vc_row][vc_row css=&#8221;.vc_custom_1755630801903{margin-top: 20px !important;margin-bottom: 30px !important;padding-top: 0px !important;padding-bottom: 0px !important;background-color: #ED1C24 !important;border-radius: 35px !important;}&#8221; el_id=&#8221;inforaquel&#8221;][vc_column css=&#8221;.vc_custom_1709248906988{margin-top: 0px !important;margin-bottom: 0px !important;padding-top: 0px !important;padding-bottom: 0px !important;}&#8221;][vc_column_text css=&#8221;.vc_custom_1709248922197{margin-top: 0px !important;margin-bottom: 0px !important;padding-top: 10px !important;padding-bottom: 10px !important;}&#8221; el_class=&#8221;whiteText&#8221;]<\/p>\n<p style=\"text-align: center;\"><strong>INFORMES Y RESERVACIONES<\/strong><\/p>\n<p>[\/vc_column_text][\/vc_column][\/vc_row][vc_row css=&#8221;.vc_custom_1737400744490{margin-top: 20px !important;margin-bottom: 30px !important;padding-top: 0px !important;padding-bottom: 0px !important;background-color: #00000000 !important;border-radius: 35px !important;}&#8221;][vc_column css=&#8221;.vc_custom_1709248906988{margin-top: 0px !important;margin-bottom: 0px !important;padding-top: 0px !important;padding-bottom: 0px !important;}&#8221;][vc_row_inner][vc_column_inner width=&#8221;1\/4&#8243;][vc_single_image image=&#8221;16683&#8243; img_size=&#8221;full&#8221; alignment=&#8221;center&#8221; css_animation=&#8221;zoomIn&#8221; css=&#8221;&#8221;][vc_column_text css_animation=&#8221;zoomIn&#8221; css=&#8221;&#8221;]<\/p>\n<p style=\"text-align: center;\"><strong>Raquel L\u00f3pez<br \/>\n<\/strong>Coordinadora de ventas de talleres y conferencias<br \/>\n<img loading=\"lazy\" decoding=\"async\" class=\"size-full wp-image-10794\" src=\"https:\/\/www.cafeygourmet.com\/wp-content\/uploads\/2023\/11\/phone.png\" alt=\"\" width=\"15\" height=\"15\" \/>\u00a0<strong>5556044900 Ext 118<\/strong><br \/>\n<img loading=\"lazy\" decoding=\"async\" class=\"size-full wp-image-10794\" src=\"https:\/\/www.cafeygourmet.com\/wp-content\/uploads\/2024\/01\/ws-v.png\" alt=\"\" width=\"15\" height=\"15\" \/>\u00a0<a href=\"https:\/\/wa.me\/5516578218\"><strong>5516578218<\/strong><\/a><br \/>\n<img loading=\"lazy\" decoding=\"async\" class=\"size-full wp-image-10794\" src=\"https:\/\/www.cafeygourmet.com\/wp-content\/uploads\/2023\/11\/mail2.png\" alt=\"\" width=\"15\" height=\"15\" \/>\u00a0<a href=\"mailto:raquel@tradex.com.mx\"><strong>raquel@tradex.com.mx<\/strong><\/a><\/p>\n<p>[\/vc_column_text][\/vc_column_inner][vc_column_inner width=&#8221;1\/4&#8243;][vc_single_image image=&#8221;16682&#8243; img_size=&#8221;full&#8221; alignment=&#8221;center&#8221; css_animation=&#8221;zoomIn&#8221; css=&#8221;&#8221;][vc_column_text css_animation=&#8221;zoomIn&#8221; css=&#8221;&#8221;]<\/p>\n<p style=\"text-align: center;\"><strong>Nayeli Lama<\/strong><br \/>\nRepresentante de ventas telef\u00f3nicas<br \/>\n<img loading=\"lazy\" decoding=\"async\" class=\"size-full wp-image-10794\" src=\"https:\/\/www.cafeygourmet.com\/wp-content\/uploads\/2023\/11\/phone.png\" alt=\"\" width=\"15\" height=\"15\" \/>\u00a0<strong>5556044900 Ext 139<\/strong><br \/>\n<img loading=\"lazy\" decoding=\"async\" class=\"size-full wp-image-10794\" src=\"https:\/\/www.cafeygourmet.com\/wp-content\/uploads\/2024\/01\/ws-v.png\" alt=\"\" width=\"15\" height=\"15\" \/>\u00a0<a href=\"https:\/\/wa.me\/5529044447\"><strong>5529044447<\/strong><\/a><br \/>\n<img loading=\"lazy\" decoding=\"async\" class=\"size-full wp-image-10794\" src=\"https:\/\/www.cafeygourmet.com\/wp-content\/uploads\/2023\/11\/mail2.png\" alt=\"\" width=\"15\" height=\"15\" \/>\u00a0<a href=\"mailto:nayeli@tradex.com.mx\"><strong>nayeli@tradex.com.mx<\/strong><\/a><\/p>\n<p>[\/vc_column_text][\/vc_column_inner][vc_column_inner width=&#8221;1\/4&#8243;][vc_single_image image=&#8221;16689&#8243; img_size=&#8221;full&#8221; alignment=&#8221;center&#8221; css_animation=&#8221;zoomIn&#8221; css=&#8221;&#8221;][vc_column_text css_animation=&#8221;zoomIn&#8221; css=&#8221;&#8221;]<\/p>\n<p style=\"text-align: center;\"><strong>Lis Morales<\/strong><br \/>\nRepresentante de ventas telef\u00f3nicas<br \/>\n<img loading=\"lazy\" decoding=\"async\" class=\"size-full wp-image-10794\" src=\"https:\/\/www.cafeygourmet.com\/wp-content\/uploads\/2023\/11\/phone.png\" alt=\"\" width=\"15\" height=\"15\" \/>\u00a0<strong>5556044900 Ext 126<\/strong><br \/>\n<img loading=\"lazy\" decoding=\"async\" class=\"size-full wp-image-10794\" src=\"https:\/\/www.cafeygourmet.com\/wp-content\/uploads\/2024\/01\/ws-v.png\" alt=\"\" width=\"15\" height=\"15\" \/>\u00a0<a href=\"https:\/\/wa.me\/5561316993\"><strong>5561316993<\/strong><\/a><br \/>\n<img loading=\"lazy\" decoding=\"async\" class=\"size-full wp-image-10794\" src=\"https:\/\/www.cafeygourmet.com\/wp-content\/uploads\/2023\/11\/mail2.png\" alt=\"\" width=\"15\" height=\"15\" \/>\u00a0<a href=\"mailto:liz@tradex.com.mx\"><strong>liz@tradex.com.mx<\/strong><\/a><\/p>\n<p>[\/vc_column_text][\/vc_column_inner][vc_column_inner width=&#8221;1\/4&#8243;][vc_single_image image=&#8221;16680&#8243; img_size=&#8221;full&#8221; alignment=&#8221;center&#8221; css_animation=&#8221;zoomIn&#8221; css=&#8221;&#8221;][vc_column_text css_animation=&#8221;zoomIn&#8221; css=&#8221;&#8221;]<\/p>\n<p style=\"text-align: center;\"><strong>Ana Pineda<\/strong><br \/>\nRepresentante de ventas telef\u00f3nicas<br \/>\n<img loading=\"lazy\" decoding=\"async\" class=\"size-full wp-image-10794\" src=\"https:\/\/www.cafeygourmet.com\/wp-content\/uploads\/2023\/11\/phone.png\" alt=\"\" width=\"15\" height=\"15\" \/>\u00a0<strong>5556044900 Ext 148<\/strong><br \/>\n<img loading=\"lazy\" decoding=\"async\" class=\"size-full wp-image-10794\" src=\"https:\/\/www.cafeygourmet.com\/wp-content\/uploads\/2024\/01\/ws-v.png\" alt=\"\" width=\"15\" height=\"15\" \/>\u00a0<a href=\"https:\/\/wa.me\/5621312202\"><strong>5621312202<\/strong><\/a><br \/>\n<img loading=\"lazy\" decoding=\"async\" class=\"size-full wp-image-10794\" src=\"https:\/\/www.cafeygourmet.com\/wp-content\/uploads\/2023\/11\/mail2.png\" alt=\"\" width=\"15\" height=\"15\" \/>\u00a0<a href=\"mailto:anap.tradex@gmail.com\"><strong>anap.tradex@gmail.com<\/strong><\/a><\/p>\n<p>[\/vc_column_text][\/vc_column_inner][\/vc_row_inner][\/vc_column][\/vc_row]<\/p>\n<\/div>","protected":false},"excerpt":{"rendered":"<p>[vc_row full_width=&#8221;stretch_row_content_no_spaces&#8221; css=&#8221;.vc_custom_1752860827147{margin-bottom: 0px !important;padding-top: 0px !important;padding-bottom: 30px !important;background-color: #ed1c24 !important;}&#8221;][vc_column css=&#8221;.vc_custom_1691518951040{margin-bottom: 0px !important;}&#8221;][vc_column_text css_animation=&#8221;fadeIn&#8221; css=&#8221;.vc_custom_1722623099210{margin-bottom: 30px !important;}&#8221; el_class=&#8221;whiteText&#8221;] Talleres Especializados En la compra de tu taller, obt\u00e9n gratis tu acceso a la expo. V\u00e1lido \u00fanicamente para el d\u00eda de tu taller. [\/vc_column_text][\/vc_column][\/vc_row][vc_row full_width=&#8221;stretch_row&#8221; css=&#8221;.vc_custom_1722898004238{margin-top: -40px !important;background-color: #ffffff !important;}&#8221;][vc_column][\/vc_column][\/vc_row][vc_row css=&#8221;.vc_custom_1755630801903{margin-top: 20px !important;margin-bottom: 30px !important;padding-top: 0px [&hellip;]<\/p>\n","protected":false},"author":1,"featured_media":0,"parent":0,"menu_order":0,"comment_status":"closed","ping_status":"closed","template":"","meta":{"_monsterinsights_skip_tracking":false,"_monsterinsights_sitenote_active":false,"_monsterinsights_sitenote_note":"","_monsterinsights_sitenote_category":0,"site-sidebar-layout":"no-sidebar","site-content-layout":"plain-container","ast-site-content-layout":"default","site-content-style":"default","site-sidebar-style":"default","ast-global-header-display":"","ast-banner-title-visibility":"","ast-main-header-display":"","ast-hfb-above-header-display":"","ast-hfb-below-header-display":"","ast-hfb-mobile-header-display":"","site-post-title":"disabled","ast-breadcrumbs-content":"","ast-featured-img":"disabled","footer-sml-layout":"","theme-transparent-header-meta":"default","adv-header-id-meta":"","stick-header-meta":"","header-above-stick-meta":"","header-main-stick-meta":"","header-below-stick-meta":"","astra-migrate-meta-layouts":"set","ast-page-background-enabled":"default","ast-page-background-meta":{"desktop":{"background-color":"var(--ast-global-color-4)","background-image":"","background-repeat":"repeat","background-position":"center center","background-size":"auto","background-attachment":"scroll","background-type":"","background-media":"","overlay-type":"","overlay-color":"","overlay-opacity":"","overlay-gradient":""},"tablet":{"background-color":"","background-image":"","background-repeat":"repeat","background-position":"center center","background-size":"auto","background-attachment":"scroll","background-type":"","background-media":"","overlay-type":"","overlay-color":"","overlay-opacity":"","overlay-gradient":""},"mobile":{"background-color":"","background-image":"","background-repeat":"repeat","background-position":"center center","background-size":"auto","background-attachment":"scroll","background-type":"","background-media":"","overlay-type":"","overlay-color":"","overlay-opacity":"","overlay-gradient":""}},"ast-content-background-meta":{"desktop":{"background-color":"var(--ast-global-color-5)","background-image":"","background-repeat":"repeat","background-position":"center center","background-size":"auto","background-attachment":"scroll","background-type":"","background-media":"","overlay-type":"","overlay-color":"","overlay-opacity":"","overlay-gradient":""},"tablet":{"background-color":"var(--ast-global-color-5)","background-image":"","background-repeat":"repeat","background-position":"center center","background-size":"auto","background-attachment":"scroll","background-type":"","background-media":"","overlay-type":"","overlay-color":"","overlay-opacity":"","overlay-gradient":""},"mobile":{"background-color":"var(--ast-global-color-5)","background-image":"","background-repeat":"repeat","background-position":"center center","background-size":"auto","background-attachment":"scroll","background-type":"","background-media":"","overlay-type":"","overlay-color":"","overlay-opacity":"","overlay-gradient":""}},"footnotes":""},"class_list":["post-174","page","type-page","status-publish","hentry"],"yoast_head":"<!-- This site is optimized with the Yoast SEO plugin v26.0 - https:\/\/yoast.com\/wordpress\/plugins\/seo\/ -->\n<title>Talleres Especializados - Manualidades y Navidad<\/title>\n<meta name=\"robots\" content=\"index, follow, max-snippet:-1, max-image-preview:large, max-video-preview:-1\" \/>\n<link rel=\"canonical\" href=\"https:\/\/www.expomanualidades.info\/navidad\/talleres-especializados\/\" \/>\n<meta property=\"og:locale\" content=\"es_MX\" \/>\n<meta property=\"og:type\" content=\"article\" \/>\n<meta property=\"og:title\" content=\"Talleres Especializados - Manualidades y Navidad\" \/>\n<meta property=\"og:description\" content=\"[vc_row full_width=&#8221;stretch_row_content_no_spaces&#8221; css=&#8221;.vc_custom_1752860827147{margin-bottom: 0px !important;padding-top: 0px !important;padding-bottom: 30px !important;background-color: #ed1c24 !important;}&#8221;][vc_column css=&#8221;.vc_custom_1691518951040{margin-bottom: 0px !important;}&#8221;][vc_column_text css_animation=&#8221;fadeIn&#8221; css=&#8221;.vc_custom_1722623099210{margin-bottom: 30px !important;}&#8221; el_class=&#8221;whiteText&#8221;] Talleres Especializados En la compra de tu taller, obt\u00e9n gratis tu acceso a la expo. V\u00e1lido \u00fanicamente para el d\u00eda de tu taller. [\/vc_column_text][\/vc_column][\/vc_row][vc_row full_width=&#8221;stretch_row&#8221; css=&#8221;.vc_custom_1722898004238{margin-top: -40px !important;background-color: #ffffff !important;}&#8221;][vc_column][\/vc_column][\/vc_row][vc_row css=&#8221;.vc_custom_1755630801903{margin-top: 20px !important;margin-bottom: 30px !important;padding-top: 0px [&hellip;]\" \/>\n<meta property=\"og:url\" content=\"https:\/\/www.expomanualidades.info\/navidad\/talleres-especializados\/\" \/>\n<meta property=\"og:site_name\" content=\"Manualidades y Navidad\" \/>\n<meta property=\"article:publisher\" content=\"https:\/\/www.facebook.com\/xpomanualidades\/\" \/>\n<meta property=\"article:modified_time\" content=\"2025-10-07T16:03:55+00:00\" \/>\n<meta property=\"og:image\" content=\"https:\/\/www.cafeygourmet.com\/wp-content\/uploads\/2023\/11\/phone.png\" \/>\n<meta name=\"twitter:card\" content=\"summary_large_image\" \/>\n<meta name=\"twitter:label1\" content=\"Tiempo de lectura\" \/>\n\t<meta name=\"twitter:data1\" content=\"5 minutos\" \/>\n<script type=\"application\/ld+json\" class=\"yoast-schema-graph\">{\"@context\":\"https:\/\/schema.org\",\"@graph\":[{\"@type\":\"WebPage\",\"@id\":\"https:\/\/www.expomanualidades.info\/navidad\/talleres-especializados\/\",\"url\":\"https:\/\/www.expomanualidades.info\/navidad\/talleres-especializados\/\",\"name\":\"Talleres Especializados - Manualidades y Navidad\",\"isPartOf\":{\"@id\":\"https:\/\/www.expomanualidades.info\/navidad\/#website\"},\"primaryImageOfPage\":{\"@id\":\"https:\/\/www.expomanualidades.info\/navidad\/talleres-especializados\/#primaryimage\"},\"image\":{\"@id\":\"https:\/\/www.expomanualidades.info\/navidad\/talleres-especializados\/#primaryimage\"},\"thumbnailUrl\":\"https:\/\/www.cafeygourmet.com\/wp-content\/uploads\/2023\/11\/phone.png\",\"datePublished\":\"2017-12-06T18:38:49+00:00\",\"dateModified\":\"2025-10-07T16:03:55+00:00\",\"breadcrumb\":{\"@id\":\"https:\/\/www.expomanualidades.info\/navidad\/talleres-especializados\/#breadcrumb\"},\"inLanguage\":\"es\",\"potentialAction\":[{\"@type\":\"ReadAction\",\"target\":[\"https:\/\/www.expomanualidades.info\/navidad\/talleres-especializados\/\"]}]},{\"@type\":\"ImageObject\",\"inLanguage\":\"es\",\"@id\":\"https:\/\/www.expomanualidades.info\/navidad\/talleres-especializados\/#primaryimage\",\"url\":\"https:\/\/www.cafeygourmet.com\/wp-content\/uploads\/2023\/11\/phone.png\",\"contentUrl\":\"https:\/\/www.cafeygourmet.com\/wp-content\/uploads\/2023\/11\/phone.png\"},{\"@type\":\"BreadcrumbList\",\"@id\":\"https:\/\/www.expomanualidades.info\/navidad\/talleres-especializados\/#breadcrumb\",\"itemListElement\":[{\"@type\":\"ListItem\",\"position\":1,\"name\":\"Inicio\",\"item\":\"https:\/\/www.expomanualidades.info\/navidad\/\"},{\"@type\":\"ListItem\",\"position\":2,\"name\":\"Talleres Especializados\"}]},{\"@type\":\"WebSite\",\"@id\":\"https:\/\/www.expomanualidades.info\/navidad\/#website\",\"url\":\"https:\/\/www.expomanualidades.info\/navidad\/\",\"name\":\"Manualidades y Navidad\",\"description\":\"Ac\u00e9rcate al mundo de las manualidades, donde podr\u00e1s adquirir insumos y herramientas para la elaboraci\u00f3n de distintas t\u00e9cnicas.\",\"publisher\":{\"@id\":\"https:\/\/www.expomanualidades.info\/navidad\/#organization\"},\"potentialAction\":[{\"@type\":\"SearchAction\",\"target\":{\"@type\":\"EntryPoint\",\"urlTemplate\":\"https:\/\/www.expomanualidades.info\/navidad\/?s={search_term_string}\"},\"query-input\":{\"@type\":\"PropertyValueSpecification\",\"valueRequired\":true,\"valueName\":\"search_term_string\"}}],\"inLanguage\":\"es\"},{\"@type\":\"Organization\",\"@id\":\"https:\/\/www.expomanualidades.info\/navidad\/#organization\",\"name\":\"Manualidades y Navidad\",\"url\":\"https:\/\/www.expomanualidades.info\/navidad\/\",\"logo\":{\"@type\":\"ImageObject\",\"inLanguage\":\"es\",\"@id\":\"https:\/\/www.expomanualidades.info\/navidad\/#\/schema\/logo\/image\/\",\"url\":\"https:\/\/www.expomanualidades.info\/navidad\/wp-content\/uploads\/2025\/10\/Expo-Manualidades-Navidad-10.png\",\"contentUrl\":\"https:\/\/www.expomanualidades.info\/navidad\/wp-content\/uploads\/2025\/10\/Expo-Manualidades-Navidad-10.png\",\"width\":1247,\"height\":332,\"caption\":\"Manualidades y Navidad\"},\"image\":{\"@id\":\"https:\/\/www.expomanualidades.info\/navidad\/#\/schema\/logo\/image\/\"},\"sameAs\":[\"https:\/\/www.facebook.com\/xpomanualidades\/\",\"https:\/\/www.instagram.com\/expomerceriaymanualidades\/\",\"https:\/\/www.youtube.com\/channel\/UCrl-kP24qbcrh1Ebk4RjK9A\",\"https:\/\/www.tiktok.com\/@merceriaymanualidades\",\"https:\/\/open.spotify.com\/show\/0eic79uV9YVcZ9bbRjVd0p\"]}]}<\/script>\n<!-- \/ Yoast SEO plugin. -->","yoast_head_json":{"title":"Talleres Especializados - Manualidades y Navidad","robots":{"index":"index","follow":"follow","max-snippet":"max-snippet:-1","max-image-preview":"max-image-preview:large","max-video-preview":"max-video-preview:-1"},"canonical":"https:\/\/www.expomanualidades.info\/navidad\/talleres-especializados\/","og_locale":"es_MX","og_type":"article","og_title":"Talleres Especializados - Manualidades y Navidad","og_description":"[vc_row full_width=&#8221;stretch_row_content_no_spaces&#8221; css=&#8221;.vc_custom_1752860827147{margin-bottom: 0px !important;padding-top: 0px !important;padding-bottom: 30px !important;background-color: #ed1c24 !important;}&#8221;][vc_column css=&#8221;.vc_custom_1691518951040{margin-bottom: 0px !important;}&#8221;][vc_column_text css_animation=&#8221;fadeIn&#8221; css=&#8221;.vc_custom_1722623099210{margin-bottom: 30px !important;}&#8221; el_class=&#8221;whiteText&#8221;] Talleres Especializados En la compra de tu taller, obt\u00e9n gratis tu acceso a la expo. V\u00e1lido \u00fanicamente para el d\u00eda de tu taller. [\/vc_column_text][\/vc_column][\/vc_row][vc_row full_width=&#8221;stretch_row&#8221; css=&#8221;.vc_custom_1722898004238{margin-top: -40px !important;background-color: #ffffff !important;}&#8221;][vc_column][\/vc_column][\/vc_row][vc_row css=&#8221;.vc_custom_1755630801903{margin-top: 20px !important;margin-bottom: 30px !important;padding-top: 0px [&hellip;]","og_url":"https:\/\/www.expomanualidades.info\/navidad\/talleres-especializados\/","og_site_name":"Manualidades y Navidad","article_publisher":"https:\/\/www.facebook.com\/xpomanualidades\/","article_modified_time":"2025-10-07T16:03:55+00:00","og_image":[{"url":"https:\/\/www.cafeygourmet.com\/wp-content\/uploads\/2023\/11\/phone.png","type":"","width":"","height":""}],"twitter_card":"summary_large_image","twitter_misc":{"Tiempo de lectura":"5 minutos"},"schema":{"@context":"https:\/\/schema.org","@graph":[{"@type":"WebPage","@id":"https:\/\/www.expomanualidades.info\/navidad\/talleres-especializados\/","url":"https:\/\/www.expomanualidades.info\/navidad\/talleres-especializados\/","name":"Talleres Especializados - Manualidades y Navidad","isPartOf":{"@id":"https:\/\/www.expomanualidades.info\/navidad\/#website"},"primaryImageOfPage":{"@id":"https:\/\/www.expomanualidades.info\/navidad\/talleres-especializados\/#primaryimage"},"image":{"@id":"https:\/\/www.expomanualidades.info\/navidad\/talleres-especializados\/#primaryimage"},"thumbnailUrl":"https:\/\/www.cafeygourmet.com\/wp-content\/uploads\/2023\/11\/phone.png","datePublished":"2017-12-06T18:38:49+00:00","dateModified":"2025-10-07T16:03:55+00:00","breadcrumb":{"@id":"https:\/\/www.expomanualidades.info\/navidad\/talleres-especializados\/#breadcrumb"},"inLanguage":"es","potentialAction":[{"@type":"ReadAction","target":["https:\/\/www.expomanualidades.info\/navidad\/talleres-especializados\/"]}]},{"@type":"ImageObject","inLanguage":"es","@id":"https:\/\/www.expomanualidades.info\/navidad\/talleres-especializados\/#primaryimage","url":"https:\/\/www.cafeygourmet.com\/wp-content\/uploads\/2023\/11\/phone.png","contentUrl":"https:\/\/www.cafeygourmet.com\/wp-content\/uploads\/2023\/11\/phone.png"},{"@type":"BreadcrumbList","@id":"https:\/\/www.expomanualidades.info\/navidad\/talleres-especializados\/#breadcrumb","itemListElement":[{"@type":"ListItem","position":1,"name":"Inicio","item":"https:\/\/www.expomanualidades.info\/navidad\/"},{"@type":"ListItem","position":2,"name":"Talleres Especializados"}]},{"@type":"WebSite","@id":"https:\/\/www.expomanualidades.info\/navidad\/#website","url":"https:\/\/www.expomanualidades.info\/navidad\/","name":"Manualidades y Navidad","description":"Ac\u00e9rcate al mundo de las manualidades, donde podr\u00e1s adquirir insumos y herramientas para la elaboraci\u00f3n de distintas t\u00e9cnicas.","publisher":{"@id":"https:\/\/www.expomanualidades.info\/navidad\/#organization"},"potentialAction":[{"@type":"SearchAction","target":{"@type":"EntryPoint","urlTemplate":"https:\/\/www.expomanualidades.info\/navidad\/?s={search_term_string}"},"query-input":{"@type":"PropertyValueSpecification","valueRequired":true,"valueName":"search_term_string"}}],"inLanguage":"es"},{"@type":"Organization","@id":"https:\/\/www.expomanualidades.info\/navidad\/#organization","name":"Manualidades y Navidad","url":"https:\/\/www.expomanualidades.info\/navidad\/","logo":{"@type":"ImageObject","inLanguage":"es","@id":"https:\/\/www.expomanualidades.info\/navidad\/#\/schema\/logo\/image\/","url":"https:\/\/www.expomanualidades.info\/navidad\/wp-content\/uploads\/2025\/10\/Expo-Manualidades-Navidad-10.png","contentUrl":"https:\/\/www.expomanualidades.info\/navidad\/wp-content\/uploads\/2025\/10\/Expo-Manualidades-Navidad-10.png","width":1247,"height":332,"caption":"Manualidades y Navidad"},"image":{"@id":"https:\/\/www.expomanualidades.info\/navidad\/#\/schema\/logo\/image\/"},"sameAs":["https:\/\/www.facebook.com\/xpomanualidades\/","https:\/\/www.instagram.com\/expomerceriaymanualidades\/","https:\/\/www.youtube.com\/channel\/UCrl-kP24qbcrh1Ebk4RjK9A","https:\/\/www.tiktok.com\/@merceriaymanualidades","https:\/\/open.spotify.com\/show\/0eic79uV9YVcZ9bbRjVd0p"]}]}},"_links":{"self":[{"href":"https:\/\/www.expomanualidades.info\/navidad\/wp-json\/wp\/v2\/pages\/174","targetHints":{"allow":["GET"]}}],"collection":[{"href":"https:\/\/www.expomanualidades.info\/navidad\/wp-json\/wp\/v2\/pages"}],"about":[{"href":"https:\/\/www.expomanualidades.info\/navidad\/wp-json\/wp\/v2\/types\/page"}],"author":[{"embeddable":true,"href":"https:\/\/www.expomanualidades.info\/navidad\/wp-json\/wp\/v2\/users\/1"}],"replies":[{"embeddable":true,"href":"https:\/\/www.expomanualidades.info\/navidad\/wp-json\/wp\/v2\/comments?post=174"}],"version-history":[{"count":74,"href":"https:\/\/www.expomanualidades.info\/navidad\/wp-json\/wp\/v2\/pages\/174\/revisions"}],"predecessor-version":[{"id":16860,"href":"https:\/\/www.expomanualidades.info\/navidad\/wp-json\/wp\/v2\/pages\/174\/revisions\/16860"}],"wp:attachment":[{"href":"https:\/\/www.expomanualidades.info\/navidad\/wp-json\/wp\/v2\/media?parent=174"}],"curies":[{"name":"wp","href":"https:\/\/api.w.org\/{rel}","templated":true}]}}