{"id":16728,"date":"2025-09-03T14:13:06","date_gmt":"2025-09-03T20:13:06","guid":{"rendered":"https:\/\/www.expomanualidades.info\/navidad\/?page_id=16728"},"modified":"2025-09-03T14:29:23","modified_gmt":"2025-09-03T20:29:23","slug":"concurso-quilt-janome","status":"publish","type":"page","link":"https:\/\/www.expomanualidades.info\/navidad\/concurso-quilt-janome\/","title":{"rendered":"Concurso Quilt Janome"},"content":{"rendered":"<div class=\"wpb-content-wrapper\"><p>[vc_row full_width=&#8221;stretch_row_content&#8221; canvas=&#8221;%5B%7B%22shape%22%3A%22shape-1%22%2C%22image_effect%22%3A%22style-1%22%2C%22smoothness%22%3A%2230%22%7D%5D&#8221; css=&#8221;.vc_custom_1744306188600{padding-right: 50px !important;padding-left: 50px !important;}&#8221;][vc_column][vc_column_text css_animation=&#8221;none&#8221; css=&#8221;&#8221;]<\/p>\n<p style=\"text-align: center;\"><img loading=\"lazy\" decoding=\"async\" class=\"alignnone wp-image-10944 \" src=\"https:\/\/expomanualidades.info\/cdmx\/wp-content\/uploads\/2025\/04\/ConcursoQuiltJanome2025-1024x410.png\" alt=\"\" width=\"324\" height=\"130\" \/><\/p>\n<p>[\/vc_column_text][vc_row_inner][vc_column_inner width=&#8221;1\/2&#8243;][vc_column_text css_animation=&#8221;none&#8221; css=&#8221;&#8221;]<\/p>\n<p style=\"text-align: left;\">JANOME busca reconocer el talento de todos los participantes y contar las historias que hay detr\u00e1s de cada trabajo promoviendo las t\u00e9cnicas de Patchwork y quilting, as\u00ed como dar a conocer a todos los relacionados de la costura como es el caso de los maestros, estudiantes y entusiastas.<\/p>\n<p style=\"text-align: left;\">Fomentar la libre competencia brindando condiciones equitativas para todos los participantes sin importar afiliaci\u00f3n, talleres de procedencia, grupos, foros o comunidades.<\/p>\n<p>[\/vc_column_text][vc_toggle title=&#8221;Din\u00e1mica&#8221; style=&#8221;round_outline&#8221; color=&#8221;white&#8221; size=&#8221;lg&#8221; custom_font_container=&#8221;tag:h4|text_align:left|color:%23FFFFFF&#8221; custom_use_theme_fonts=&#8221;yes&#8221; css=&#8221;.vc_custom_1756931285682{padding-top: 5px !important;padding-right: 15px !important;padding-bottom: 5px !important;padding-left: 10px !important;background-color: #ED1C24 !important;border-color: #ED1C24 !important;}&#8221; use_custom_heading=&#8221;true&#8221; el_class=&#8221;whiteText&#8221;]<strong>El concurso se llevar\u00e1 acabo de dos etapas:<\/strong><br \/>\n<strong>SEDE y FINAL.<\/strong><\/p>\n<ol style=\"margin-left: -20px;\">\n<li>Para participar en la final, es necesario haber participado y clasificado en una SEDE autorizada por la organizaci\u00f3n del concurso.<\/li>\n<li>Cada SEDE publicar\u00e1 su convocatoria y requisitos para participar en su clasificatoria.<\/li>\n<li>Cada SEDE clasificar\u00e1 a un ganador de las tres categor\u00edas: (Elegido por Juez\/Elegido por p\u00fablico asistente\/Favorito de Redes Sociales)<\/li>\n<li>Todos los clasificados de las Sedes participar\u00e1n en la FINAL y ser\u00e1n premiados en alguna de las tres categor\u00edas antes mencionadas.<\/li>\n<\/ol>\n<p>[\/vc_toggle][vc_toggle title=&#8221;Bases Sede&#8221; style=&#8221;round_outline&#8221; color=&#8221;white&#8221; size=&#8221;lg&#8221; custom_font_container=&#8221;tag:h4|text_align:left|color:%23FFFFFF&#8221; custom_use_theme_fonts=&#8221;yes&#8221; css=&#8221;.vc_custom_1756931296427{padding-top: 5px !important;padding-right: 15px !important;padding-bottom: 5px !important;padding-left: 10px !important;background-color: #ED1C24 !important;border-color: #ED1C24 !important;}&#8221; use_custom_heading=&#8221;true&#8221; el_class=&#8221;whiteText&#8221;]<\/p>\n<ol style=\"margin-left: -20px;\">\n<li>Los integrantes del Consejo y jurados <strong>NO<\/strong> podr\u00e1n competir en el concurso.<\/li>\n<li>La participaci\u00f3n puede ser de manera individual o en grupo (Sin un m\u00e1ximo de personas), <strong>el premio ser\u00e1 \u00fanico (1)<\/strong> independientemente de la cantidad de miembros del grupo.<\/li>\n<li>El dise\u00f1o del Quilt participante puede ser de dise\u00f1o propio o <strong>contar con la inspiraci\u00f3n de alguna t\u00e9cnica o dise\u00f1o, (Siempre que se otorgue el cr\u00e9dito correspondiente a la fuente o creador original)<\/strong>.<\/li>\n<li>Utilizar la t\u00e9cnica de <strong>Patchwork o Quilt solicitada por la SEDE<\/strong> y anunciada en su convocatoria.<\/li>\n<li>Incluir el tema solicitado por la SEDE y publicado en su convocatoria.<\/li>\n<li>Tama\u00f1o del proyecto m\u00e1ximo de 40\u201d x 40\u201d y m\u00ednimo de 20\u201dx20\u201d.<\/li>\n<li>El Quilt participante debe incluir tres capas: Back relleno, frente y borde terminado en bies.<\/li>\n<li>Todas las piezas deber\u00e1n entregarse junto con etiqueta de identificaci\u00f3n (Nombre del autor (es), nombre del proyecto, tiempo de realizaci\u00f3n, t\u00e9cnica utilizada, comentarios adicionales sobre el proyecto y escuela a la que representa (opcional).<\/li>\n<li>En caso de apoyo adicional, se deber\u00e1 dar cr\u00e9dito a los participantes en la elaboraci\u00f3n del Quilt para el concurso (acolchado, ajustes o asesor\u00eda).<\/li>\n<li>La presentaci\u00f3n de las piezas ganadoras y premiaci\u00f3n de cada sede ser\u00e1 en la hora y fecha determinada en la convocatoria de la sede.<\/li>\n<li>Para selecci\u00f3n <strong>Elegido por el juez<\/strong> la evaluaci\u00f3n de los Quilt estar\u00e1 a cargo delJuez que designe cada Sede en presencia del organizador y la decisi\u00f3n es inapelable.<\/li>\n<li>Para la selecci\u00f3n <strong>Favorito del p\u00fablico asistente<\/strong> los votos se contabilizan en la hora establecida durante el evento y el conteo se realiza en p\u00fablico.<\/li>\n<li>Para selecci\u00f3n<strong> Favorito en redes sociales<\/strong> el conteo de likes ser\u00e1 sometido a revisi\u00f3n previa al cierre y en conjunto con la sede se verifica que los likes sean leg\u00edtimos, <strong>el uso de bots o compra de likes es motivo de descalificaci\u00f3n y en caso de detectarlo el Quilt participante ser\u00e1 descalificado<\/strong>.<\/li>\n<li>En caso de existir un empate en cualquier selecci\u00f3n ambos proyectos pasan a la final, sin embargo, el premio de sede ser\u00e1 solo 1 para el ganador por voto decisivo de la organizaci\u00f3n.<\/li>\n<li>Cada participante recibir\u00e1 un reconocimiento a su proyecto por parte de la organizaci\u00f3n y un pin plateado en conmemoraci\u00f3n del concurso.<\/li>\n<li>Toda participante que incumpla con las reglas establecidas en este reglamento puede ser excluido del CQJ25 si el Consejo as\u00ed lo determina.<\/li>\n<li>Los premios para cada SEDE ser\u00e1n publicados en su convocatoria.<\/li>\n<\/ol>\n<p>[\/vc_toggle][vc_toggle title=&#8221;Reglamento para la Final&#8221; style=&#8221;round_outline&#8221; color=&#8221;white&#8221; size=&#8221;lg&#8221; custom_font_container=&#8221;tag:h4|text_align:left|color:%23FFFFFF&#8221; custom_use_theme_fonts=&#8221;yes&#8221; css=&#8221;.vc_custom_1756931323682{padding-top: 5px !important;padding-right: 15px !important;padding-bottom: 5px !important;padding-left: 10px !important;background-color: #ED1C24 !important;border-color: #ED1C24 !important;}&#8221; use_custom_heading=&#8221;true&#8221; el_class=&#8221;whiteText&#8221;]<\/p>\n<ol style=\"margin-left: -20px;\">\n<li>La FINAL se realizar\u00e1 en la Manualidades y Navidad que se llevar\u00e1 a cabo del 8 al 11 de Octubre del 2025 en WTC, CDMX.<\/li>\n<li>Los premios para el ganador de la gran final ser\u00e1n:<br \/>\n<strong>Categor\u00eda: Elegido por jurado<\/strong><br \/>\nM\u00e1quina de coser Skyline S5<br \/>\n<strong>Categor\u00eda: Elegido por el p\u00fablico asistente<\/strong><br \/>\nM\u00e1quina de coser Janome 5100<br \/>\n<strong>Categor\u00eda: Favorito Redes Sociales<\/strong><br \/>\nM\u00e1quina de coser Janome TM30<\/li>\n<li>Este a\u00f1o todos los clasificados podr\u00e1n participar en categor\u00eda libre para la final y no estar\u00e1n ligados la categor\u00eda en la que calificaron. Todos los clasificados ser\u00e1n evaluados por el juez y (excepto ganador de Elegido por el juez) podr\u00e1n ser ganadores de voto del p\u00fablico o Favorito de redes sociales).<\/li>\n<\/ol>\n<p>[\/vc_toggle][vc_column_text css=&#8221;&#8221;]<\/p>\n<p style=\"text-align: left;\">Este concurso busca hacer crecer la comunidad de Quilters y animar a m\u00e1s personas a conocer este bonito universo, apelamos a la transparencia, decencia y a los valores de todos los participantes, visitantes y asistentes para no incurrir en campa\u00f1as de desprestigio ataques u acoso hacia ning\u00fan participante escuela o grupo.<\/p>\n<h4 style=\"text-align: left;\">El Quilt es de todos, unidos por el Patchwork.<\/h4>\n<p>[\/vc_column_text][\/vc_column_inner][vc_column_inner width=&#8221;1\/2&#8243;][vc_custom_heading text=&#8221;PARTICIPA EN LA SEDE&#8221; font_container=&#8221;tag:h4|text_align:center|color:%23FFFFFF&#8221; use_theme_fonts=&#8221;yes&#8221; css=&#8221;.vc_custom_1756931361274{padding-top: 8px !important;padding-bottom: 8px !important;background-color: #ED1C24 !important;border-radius: 35px !important;}&#8221;][vc_column_text css=&#8221;&#8221;]<\/p>\n<p style=\"text-align: left;\">Te invitamos a participar en la <span style=\"color: #ed1c24;\"><strong>SEDE<\/strong><\/span> del <span style=\"color: #ed1c24;\"><strong>CONCURSO DE QUILT<\/strong><\/span> que se llevar\u00e1 a cabo del<strong style=\"color: #ed1c24;\"> 8 al 11 de Octubre 2025 en Manualidades y Navidad (CIECWTC-CDMX)<\/strong><\/p>\n<p style=\"text-align: left;\"><span style=\"color: #ed1c24;\"><strong>Tema:<\/strong> <\/span>D\u00eda de Muertos<br \/>\n<span style=\"color: #ed1c24;\"><strong>Medida:<\/strong> <\/span>M\u00e1ximo 40&#8243;x40&#8243; \/ M\u00ednimo 20&#8243;x20&#8243;<br \/>\n<span style=\"color: #ed1c24;\"><strong>T\u00e9cnica:<\/strong><\/span> Libre<br \/>\n<span style=\"color: #ed1c24;\"><strong>Inscripci\u00f3n:<\/strong><\/span> $350.00<br \/>\n<strong><span style=\"color: #ed1c24;\">Debe tener: <\/span><\/strong>Top, Back, Relleno, Terminado en Bies<\/p>\n<p style=\"text-align: left;\"><span style=\"color: #ed1c24;\"><strong>Entr\u00e9galo antes del 01 de Octubre en: <\/strong><\/span>Oficina Janome<br \/>\nAv. Insurgentes Sur #1768 piso 1 Col. Florida, Alcald\u00eda \u00c1lvaro Obreg\u00f3n, CDMX<\/p>\n<p style=\"text-align: left;\"><span style=\"color: #ed1c24;\"><strong>Premios de Sede:<\/strong><\/span><br \/>\nPromocionales de Janome<br \/>\nPremios en efectivo<br \/>\nPase a la final<\/p>\n<p>[\/vc_column_text][vc_btn title=&#8221;INSCR\u00cdBETE AQU\u00cd&#8221; style=&#8221;3d&#8221; shape=&#8221;round&#8221; color=&#8221;juicy-pink&#8221; size=&#8221;lg&#8221; align=&#8221;center&#8221; css=&#8221;&#8221; link=&#8221;url:https%3A%2F%2Fexpomanualidades.info%2Fnavidad%2Fconcurso-quilting-janome%2Fregistro-concurso-de-quilting%2F|title:Registro%20Concurso%20de%20Quilting&#8221;][\/vc_column_inner][\/vc_row_inner][\/vc_column][\/vc_row]<\/p>\n<\/div>","protected":false},"excerpt":{"rendered":"<p>[vc_row full_width=&#8221;stretch_row_content&#8221; canvas=&#8221;%5B%7B%22shape%22%3A%22shape-1%22%2C%22image_effect%22%3A%22style-1%22%2C%22smoothness%22%3A%2230%22%7D%5D&#8221; css=&#8221;.vc_custom_1744306188600{padding-right: 50px !important;padding-left: 50px !important;}&#8221;][vc_column][vc_column_text css_animation=&#8221;none&#8221; css=&#8221;&#8221;] [\/vc_column_text][vc_row_inner][vc_column_inner width=&#8221;1\/2&#8243;][vc_column_text css_animation=&#8221;none&#8221; css=&#8221;&#8221;] JANOME busca reconocer el talento de todos los participantes y contar las historias que hay detr\u00e1s de cada trabajo promoviendo las t\u00e9cnicas de Patchwork y quilting, as\u00ed como dar a conocer a todos los relacionados de la costura como es el [&hellip;]<\/p>\n","protected":false},"author":1,"featured_media":0,"parent":0,"menu_order":0,"comment_status":"closed","ping_status":"closed","template":"","meta":{"_monsterinsights_skip_tracking":false,"_monsterinsights_sitenote_active":false,"_monsterinsights_sitenote_note":"","_monsterinsights_sitenote_category":0,"site-sidebar-layout":"no-sidebar","site-content-layout":"plain-container","ast-site-content-layout":"default","site-content-style":"default","site-sidebar-style":"default","ast-global-header-display":"","ast-banner-title-visibility":"","ast-main-header-display":"","ast-hfb-above-header-display":"","ast-hfb-below-header-display":"","ast-hfb-mobile-header-display":"","site-post-title":"disabled","ast-breadcrumbs-content":"","ast-featured-img":"disabled","footer-sml-layout":"","theme-transparent-header-meta":"default","adv-header-id-meta":"","stick-header-meta":"","header-above-stick-meta":"","header-main-stick-meta":"","header-below-stick-meta":"","astra-migrate-meta-layouts":"set","ast-page-background-enabled":"default","ast-page-background-meta":{"desktop":{"background-color":"var(--ast-global-color-4)","background-image":"","background-repeat":"repeat","background-position":"center center","background-size":"auto","background-attachment":"scroll","background-type":"","background-media":"","overlay-type":"","overlay-color":"","overlay-opacity":"","overlay-gradient":""},"tablet":{"background-color":"","background-image":"","background-repeat":"repeat","background-position":"center center","background-size":"auto","background-attachment":"scroll","background-type":"","background-media":"","overlay-type":"","overlay-color":"","overlay-opacity":"","overlay-gradient":""},"mobile":{"background-color":"","background-image":"","background-repeat":"repeat","background-position":"center center","background-size":"auto","background-attachment":"scroll","background-type":"","background-media":"","overlay-type":"","overlay-color":"","overlay-opacity":"","overlay-gradient":""}},"ast-content-background-meta":{"desktop":{"background-color":"var(--ast-global-color-5)","background-image":"","background-repeat":"repeat","background-position":"center center","background-size":"auto","background-attachment":"scroll","background-type":"","background-media":"","overlay-type":"","overlay-color":"","overlay-opacity":"","overlay-gradient":""},"tablet":{"background-color":"var(--ast-global-color-5)","background-image":"","background-repeat":"repeat","background-position":"center center","background-size":"auto","background-attachment":"scroll","background-type":"","background-media":"","overlay-type":"","overlay-color":"","overlay-opacity":"","overlay-gradient":""},"mobile":{"background-color":"var(--ast-global-color-5)","background-image":"","background-repeat":"repeat","background-position":"center center","background-size":"auto","background-attachment":"scroll","background-type":"","background-media":"","overlay-type":"","overlay-color":"","overlay-opacity":"","overlay-gradient":""}},"footnotes":""},"class_list":["post-16728","page","type-page","status-publish","hentry"],"yoast_head":"<!-- This site is optimized with the Yoast SEO plugin v27.3 - https:\/\/yoast.com\/product\/yoast-seo-wordpress\/ -->\n<title>Concurso Quilt Janome - Manualidades y Navidad<\/title>\n<meta name=\"robots\" content=\"index, follow, max-snippet:-1, max-image-preview:large, max-video-preview:-1\" \/>\n<link rel=\"canonical\" href=\"https:\/\/www.expomanualidades.info\/navidad\/concurso-quilt-janome\/\" \/>\n<meta property=\"og:locale\" content=\"es_MX\" \/>\n<meta property=\"og:type\" content=\"article\" \/>\n<meta property=\"og:title\" content=\"Concurso Quilt Janome - Manualidades y Navidad\" \/>\n<meta property=\"og:description\" content=\"[vc_row full_width=&#8221;stretch_row_content&#8221; canvas=&#8221;%5B%7B%22shape%22%3A%22shape-1%22%2C%22image_effect%22%3A%22style-1%22%2C%22smoothness%22%3A%2230%22%7D%5D&#8221; css=&#8221;.vc_custom_1744306188600{padding-right: 50px !important;padding-left: 50px !important;}&#8221;][vc_column][vc_column_text css_animation=&#8221;none&#8221; css=&#8221;&#8221;] [\/vc_column_text][vc_row_inner][vc_column_inner width=&#8221;1\/2&#8243;][vc_column_text css_animation=&#8221;none&#8221; css=&#8221;&#8221;] JANOME busca reconocer el talento de todos los participantes y contar las historias que hay detr\u00e1s de cada trabajo promoviendo las t\u00e9cnicas de Patchwork y quilting, as\u00ed como dar a conocer a todos los relacionados de la costura como es el [&hellip;]\" \/>\n<meta property=\"og:url\" content=\"https:\/\/www.expomanualidades.info\/navidad\/concurso-quilt-janome\/\" \/>\n<meta property=\"og:site_name\" content=\"Manualidades y Navidad\" \/>\n<meta property=\"article:publisher\" content=\"https:\/\/www.facebook.com\/xpomanualidades\/\" \/>\n<meta property=\"article:modified_time\" content=\"2025-09-03T20:29:23+00:00\" \/>\n<meta name=\"twitter:card\" content=\"summary_large_image\" \/>\n<meta name=\"twitter:label1\" content=\"Tiempo de lectura\" \/>\n\t<meta name=\"twitter:data1\" content=\"5 minutos\" \/>\n<script type=\"application\/ld+json\" class=\"yoast-schema-graph\">{\"@context\":\"https:\\\/\\\/schema.org\",\"@graph\":[{\"@type\":\"WebPage\",\"@id\":\"https:\\\/\\\/www.expomanualidades.info\\\/navidad\\\/concurso-quilt-janome\\\/\",\"url\":\"https:\\\/\\\/www.expomanualidades.info\\\/navidad\\\/concurso-quilt-janome\\\/\",\"name\":\"Concurso Quilt Janome - Manualidades y Navidad\",\"isPartOf\":{\"@id\":\"https:\\\/\\\/www.expomanualidades.info\\\/navidad\\\/#website\"},\"primaryImageOfPage\":{\"@id\":\"https:\\\/\\\/www.expomanualidades.info\\\/navidad\\\/concurso-quilt-janome\\\/#primaryimage\"},\"image\":{\"@id\":\"https:\\\/\\\/www.expomanualidades.info\\\/navidad\\\/concurso-quilt-janome\\\/#primaryimage\"},\"thumbnailUrl\":\"https:\\\/\\\/expomanualidades.info\\\/cdmx\\\/wp-content\\\/uploads\\\/2025\\\/04\\\/ConcursoQuiltJanome2025-1024x410.png\",\"datePublished\":\"2025-09-03T20:13:06+00:00\",\"dateModified\":\"2025-09-03T20:29:23+00:00\",\"breadcrumb\":{\"@id\":\"https:\\\/\\\/www.expomanualidades.info\\\/navidad\\\/concurso-quilt-janome\\\/#breadcrumb\"},\"inLanguage\":\"es\",\"potentialAction\":[{\"@type\":\"ReadAction\",\"target\":[\"https:\\\/\\\/www.expomanualidades.info\\\/navidad\\\/concurso-quilt-janome\\\/\"]}]},{\"@type\":\"ImageObject\",\"inLanguage\":\"es\",\"@id\":\"https:\\\/\\\/www.expomanualidades.info\\\/navidad\\\/concurso-quilt-janome\\\/#primaryimage\",\"url\":\"https:\\\/\\\/expomanualidades.info\\\/cdmx\\\/wp-content\\\/uploads\\\/2025\\\/04\\\/ConcursoQuiltJanome2025-1024x410.png\",\"contentUrl\":\"https:\\\/\\\/expomanualidades.info\\\/cdmx\\\/wp-content\\\/uploads\\\/2025\\\/04\\\/ConcursoQuiltJanome2025-1024x410.png\"},{\"@type\":\"BreadcrumbList\",\"@id\":\"https:\\\/\\\/www.expomanualidades.info\\\/navidad\\\/concurso-quilt-janome\\\/#breadcrumb\",\"itemListElement\":[{\"@type\":\"ListItem\",\"position\":1,\"name\":\"Inicio\",\"item\":\"https:\\\/\\\/www.expomanualidades.info\\\/navidad\\\/\"},{\"@type\":\"ListItem\",\"position\":2,\"name\":\"Concurso Quilt Janome\"}]},{\"@type\":\"WebSite\",\"@id\":\"https:\\\/\\\/www.expomanualidades.info\\\/navidad\\\/#website\",\"url\":\"https:\\\/\\\/www.expomanualidades.info\\\/navidad\\\/\",\"name\":\"Manualidades y Navidad\",\"description\":\"Ac\u00e9rcate al mundo de las manualidades, donde podr\u00e1s adquirir insumos y herramientas para la elaboraci\u00f3n de distintas t\u00e9cnicas.\",\"publisher\":{\"@id\":\"https:\\\/\\\/www.expomanualidades.info\\\/navidad\\\/#organization\"},\"potentialAction\":[{\"@type\":\"SearchAction\",\"target\":{\"@type\":\"EntryPoint\",\"urlTemplate\":\"https:\\\/\\\/www.expomanualidades.info\\\/navidad\\\/?s={search_term_string}\"},\"query-input\":{\"@type\":\"PropertyValueSpecification\",\"valueRequired\":true,\"valueName\":\"search_term_string\"}}],\"inLanguage\":\"es\"},{\"@type\":\"Organization\",\"@id\":\"https:\\\/\\\/www.expomanualidades.info\\\/navidad\\\/#organization\",\"name\":\"Manualidades y Navidad\",\"url\":\"https:\\\/\\\/www.expomanualidades.info\\\/navidad\\\/\",\"logo\":{\"@type\":\"ImageObject\",\"inLanguage\":\"es\",\"@id\":\"https:\\\/\\\/www.expomanualidades.info\\\/navidad\\\/#\\\/schema\\\/logo\\\/image\\\/\",\"url\":\"https:\\\/\\\/www.expomanualidades.info\\\/navidad\\\/wp-content\\\/uploads\\\/2025\\\/10\\\/Expo-Manualidades-Navidad-10.png\",\"contentUrl\":\"https:\\\/\\\/www.expomanualidades.info\\\/navidad\\\/wp-content\\\/uploads\\\/2025\\\/10\\\/Expo-Manualidades-Navidad-10.png\",\"width\":1247,\"height\":332,\"caption\":\"Manualidades y Navidad\"},\"image\":{\"@id\":\"https:\\\/\\\/www.expomanualidades.info\\\/navidad\\\/#\\\/schema\\\/logo\\\/image\\\/\"},\"sameAs\":[\"https:\\\/\\\/www.facebook.com\\\/xpomanualidades\\\/\",\"https:\\\/\\\/www.instagram.com\\\/expomerceriaymanualidades\\\/\",\"https:\\\/\\\/www.youtube.com\\\/channel\\\/UCrl-kP24qbcrh1Ebk4RjK9A\",\"https:\\\/\\\/www.tiktok.com\\\/@merceriaymanualidades\",\"https:\\\/\\\/open.spotify.com\\\/show\\\/0eic79uV9YVcZ9bbRjVd0p\"]}]}<\/script>\n<!-- \/ Yoast SEO plugin. -->","yoast_head_json":{"title":"Concurso Quilt Janome - Manualidades y Navidad","robots":{"index":"index","follow":"follow","max-snippet":"max-snippet:-1","max-image-preview":"max-image-preview:large","max-video-preview":"max-video-preview:-1"},"canonical":"https:\/\/www.expomanualidades.info\/navidad\/concurso-quilt-janome\/","og_locale":"es_MX","og_type":"article","og_title":"Concurso Quilt Janome - Manualidades y Navidad","og_description":"[vc_row full_width=&#8221;stretch_row_content&#8221; canvas=&#8221;%5B%7B%22shape%22%3A%22shape-1%22%2C%22image_effect%22%3A%22style-1%22%2C%22smoothness%22%3A%2230%22%7D%5D&#8221; css=&#8221;.vc_custom_1744306188600{padding-right: 50px !important;padding-left: 50px !important;}&#8221;][vc_column][vc_column_text css_animation=&#8221;none&#8221; css=&#8221;&#8221;] [\/vc_column_text][vc_row_inner][vc_column_inner width=&#8221;1\/2&#8243;][vc_column_text css_animation=&#8221;none&#8221; css=&#8221;&#8221;] JANOME busca reconocer el talento de todos los participantes y contar las historias que hay detr\u00e1s de cada trabajo promoviendo las t\u00e9cnicas de Patchwork y quilting, as\u00ed como dar a conocer a todos los relacionados de la costura como es el [&hellip;]","og_url":"https:\/\/www.expomanualidades.info\/navidad\/concurso-quilt-janome\/","og_site_name":"Manualidades y Navidad","article_publisher":"https:\/\/www.facebook.com\/xpomanualidades\/","article_modified_time":"2025-09-03T20:29:23+00:00","twitter_card":"summary_large_image","twitter_misc":{"Tiempo de lectura":"5 minutos"},"schema":{"@context":"https:\/\/schema.org","@graph":[{"@type":"WebPage","@id":"https:\/\/www.expomanualidades.info\/navidad\/concurso-quilt-janome\/","url":"https:\/\/www.expomanualidades.info\/navidad\/concurso-quilt-janome\/","name":"Concurso Quilt Janome - Manualidades y Navidad","isPartOf":{"@id":"https:\/\/www.expomanualidades.info\/navidad\/#website"},"primaryImageOfPage":{"@id":"https:\/\/www.expomanualidades.info\/navidad\/concurso-quilt-janome\/#primaryimage"},"image":{"@id":"https:\/\/www.expomanualidades.info\/navidad\/concurso-quilt-janome\/#primaryimage"},"thumbnailUrl":"https:\/\/expomanualidades.info\/cdmx\/wp-content\/uploads\/2025\/04\/ConcursoQuiltJanome2025-1024x410.png","datePublished":"2025-09-03T20:13:06+00:00","dateModified":"2025-09-03T20:29:23+00:00","breadcrumb":{"@id":"https:\/\/www.expomanualidades.info\/navidad\/concurso-quilt-janome\/#breadcrumb"},"inLanguage":"es","potentialAction":[{"@type":"ReadAction","target":["https:\/\/www.expomanualidades.info\/navidad\/concurso-quilt-janome\/"]}]},{"@type":"ImageObject","inLanguage":"es","@id":"https:\/\/www.expomanualidades.info\/navidad\/concurso-quilt-janome\/#primaryimage","url":"https:\/\/expomanualidades.info\/cdmx\/wp-content\/uploads\/2025\/04\/ConcursoQuiltJanome2025-1024x410.png","contentUrl":"https:\/\/expomanualidades.info\/cdmx\/wp-content\/uploads\/2025\/04\/ConcursoQuiltJanome2025-1024x410.png"},{"@type":"BreadcrumbList","@id":"https:\/\/www.expomanualidades.info\/navidad\/concurso-quilt-janome\/#breadcrumb","itemListElement":[{"@type":"ListItem","position":1,"name":"Inicio","item":"https:\/\/www.expomanualidades.info\/navidad\/"},{"@type":"ListItem","position":2,"name":"Concurso Quilt Janome"}]},{"@type":"WebSite","@id":"https:\/\/www.expomanualidades.info\/navidad\/#website","url":"https:\/\/www.expomanualidades.info\/navidad\/","name":"Manualidades y Navidad","description":"Ac\u00e9rcate al mundo de las manualidades, donde podr\u00e1s adquirir insumos y herramientas para la elaboraci\u00f3n de distintas t\u00e9cnicas.","publisher":{"@id":"https:\/\/www.expomanualidades.info\/navidad\/#organization"},"potentialAction":[{"@type":"SearchAction","target":{"@type":"EntryPoint","urlTemplate":"https:\/\/www.expomanualidades.info\/navidad\/?s={search_term_string}"},"query-input":{"@type":"PropertyValueSpecification","valueRequired":true,"valueName":"search_term_string"}}],"inLanguage":"es"},{"@type":"Organization","@id":"https:\/\/www.expomanualidades.info\/navidad\/#organization","name":"Manualidades y Navidad","url":"https:\/\/www.expomanualidades.info\/navidad\/","logo":{"@type":"ImageObject","inLanguage":"es","@id":"https:\/\/www.expomanualidades.info\/navidad\/#\/schema\/logo\/image\/","url":"https:\/\/www.expomanualidades.info\/navidad\/wp-content\/uploads\/2025\/10\/Expo-Manualidades-Navidad-10.png","contentUrl":"https:\/\/www.expomanualidades.info\/navidad\/wp-content\/uploads\/2025\/10\/Expo-Manualidades-Navidad-10.png","width":1247,"height":332,"caption":"Manualidades y Navidad"},"image":{"@id":"https:\/\/www.expomanualidades.info\/navidad\/#\/schema\/logo\/image\/"},"sameAs":["https:\/\/www.facebook.com\/xpomanualidades\/","https:\/\/www.instagram.com\/expomerceriaymanualidades\/","https:\/\/www.youtube.com\/channel\/UCrl-kP24qbcrh1Ebk4RjK9A","https:\/\/www.tiktok.com\/@merceriaymanualidades","https:\/\/open.spotify.com\/show\/0eic79uV9YVcZ9bbRjVd0p"]}]}},"_links":{"self":[{"href":"https:\/\/www.expomanualidades.info\/navidad\/wp-json\/wp\/v2\/pages\/16728","targetHints":{"allow":["GET"]}}],"collection":[{"href":"https:\/\/www.expomanualidades.info\/navidad\/wp-json\/wp\/v2\/pages"}],"about":[{"href":"https:\/\/www.expomanualidades.info\/navidad\/wp-json\/wp\/v2\/types\/page"}],"author":[{"embeddable":true,"href":"https:\/\/www.expomanualidades.info\/navidad\/wp-json\/wp\/v2\/users\/1"}],"replies":[{"embeddable":true,"href":"https:\/\/www.expomanualidades.info\/navidad\/wp-json\/wp\/v2\/comments?post=16728"}],"version-history":[{"count":3,"href":"https:\/\/www.expomanualidades.info\/navidad\/wp-json\/wp\/v2\/pages\/16728\/revisions"}],"predecessor-version":[{"id":16738,"href":"https:\/\/www.expomanualidades.info\/navidad\/wp-json\/wp\/v2\/pages\/16728\/revisions\/16738"}],"wp:attachment":[{"href":"https:\/\/www.expomanualidades.info\/navidad\/wp-json\/wp\/v2\/media?parent=16728"}],"curies":[{"name":"wp","href":"https:\/\/api.w.org\/{rel}","templated":true}]}}