{"id":437,"date":"2018-06-06T15:42:08","date_gmt":"2018-06-06T20:42:08","guid":{"rendered":"http:\/\/www.expomanualidades.info\/guadalajara\/?page_id=437"},"modified":"2022-10-14T12:51:35","modified_gmt":"2022-10-14T17:51:35","slug":"boletines-de-prensa","status":"publish","type":"page","link":"https:\/\/www.expomanualidades.info\/guadalajara\/prensa\/boletines-de-prensa\/","title":{"rendered":"Boletines de Prensa"},"content":{"rendered":"<div class=\"wpb-content-wrapper\"><p>[vc_row][vc_column][vc_custom_heading text=&#8221;2022&#8243; use_theme_fonts=&#8221;yes&#8221;][vc_column_text]<span style=\"color: #7857a2;\"><a style=\"color: #7857a2;\" href=\"https:\/\/www.expomanualidades.info\/guadalajara\/wp-content\/uploads\/2022\/08\/La-perla-tapatia-esta-lista-para-el-regreso-de-Expo-Merceria-y-Manualidades.pdf\" target=\"_blank\" rel=\"noopener noreferrer\">Bolet\u00edn 2 -La perla tapat\u00eda est\u00e1 lista para el regreso de Expo Mercer\u00eda y Manualidades<\/a><\/span><br \/>\n<span style=\"color: #7857a2;\"><a style=\"color: #7857a2;\" href=\"https:\/\/www.expomanualidades.info\/guadalajara\/wp-content\/uploads\/2022\/06\/Dia-mundial-del-tejido-en-publico.pdf\" target=\"_blank\" rel=\"noopener noreferrer\">Bolet\u00edn 1 &#8211; D\u00eda mundial del tejido en p\u00fablico<\/a><\/span>[\/vc_column_text][vc_custom_heading text=&#8221;2019&#8243; use_theme_fonts=&#8221;yes&#8221;][vc_column_text]<a href=\"https:\/\/www.expomanualidades.info\/guadalajara\/wp-content\/uploads\/2019\/08\/Bol-6-Inauguraci\u00f3n.pdf\" target=\"_blank\" rel=\"noopener noreferrer\"><span style=\"color: #7857a2;\">Bolet\u00edn 6 &#8211; 22\u00aa Expo Mercer\u00eda y Manualidades Guadalajara<\/span><\/a><br \/>\n<span style=\"color: #7857a2;\"><a style=\"color: #7857a2;\" href=\"https:\/\/www.expomanualidades.info\/guadalajara\/wp-content\/uploads\/2019\/07\/Bol-5-Oportunidad-de-negocio-en-las-manualidades.pdf\" target=\"_blank\" rel=\"noopener noreferrer\">Bolet\u00edn 5 &#8211; Manualidades, posibilidad de negocio<\/a><\/span><br \/>\n<span style=\"color: #7857a2;\"><a style=\"color: #7857a2;\" href=\"https:\/\/www.expomanualidades.info\/guadalajara\/wp-content\/uploads\/2019\/07\/Bol-4-Recuerditos.pdf\" target=\"_blank\" rel=\"noopener noreferrer\">Bolet\u00edn 4 &#8211; La tradici\u00f3n de los recuerditos<\/a><\/span><br \/>\n<span style=\"color: #7857a2;\"><a style=\"color: #7857a2;\" href=\"https:\/\/www.expomanualidades.info\/guadalajara\/wp-content\/uploads\/2019\/07\/La-industria-de-la-confecci\u00f3n-en-M\u00e9xico.pdf\" target=\"_blank\" rel=\"noopener noreferrer\">Bolet\u00edn 3 &#8211; La industria de la confecci\u00f3n en M\u00e9xico<\/a><\/span><br \/>\n<span style=\"color: #7857a2;\"><a style=\"color: #7857a2;\" href=\"https:\/\/www.expomanualidades.info\/guadalajara\/wp-content\/uploads\/2019\/07\/Bol-2-Merceria-Guadalajara-2019-Cursos-de-verano.pdf\" target=\"_blank\" rel=\"noopener noreferrer\">Bolet\u00edn 2 &#8211; Las manualidades en los cursos de verano<\/a><\/span><br \/>\n<span style=\"color: #7857a2;\"><a style=\"color: #7857a2;\" href=\"https:\/\/www.expomanualidades.info\/guadalajara\/wp-content\/uploads\/2019\/07\/Bol-1-Los-millennials-y-las-manualidades.pdf\" target=\"_blank\" rel=\"noopener noreferrer\">Bolet\u00edn 1 &#8211; Los millenials y las manualidades<\/a><\/span>[\/vc_column_text][vc_custom_heading text=&#8221;2018&#8243; use_theme_fonts=&#8221;yes&#8221;][vc_column_text]<a href=\"https:\/\/www.expomanualidades.info\/guadalajara\/wp-content\/uploads\/2018\/08\/EMMG-Boletin4.pdf.pdf\" target=\"_blank\" rel=\"noopener noreferrer\"><span style=\"color: #7857a2;\">Bolet\u00edn 3 &#8211; Llega la Exposici\u00f3n m\u00e1s grande de Manualidades a Guadalajara<\/span><\/a><br \/>\n<span style=\"color: #7857a2;\"><a style=\"color: #7857a2;\" href=\"https:\/\/www.expomanualidades.info\/guadalajara\/wp-content\/uploads\/2018\/08\/EMMG-Boletin3.pdf.pdf\" target=\"_blank\" rel=\"noopener noreferrer\">Bolet\u00edn 2 &#8211; Las redes sociales, una extensi\u00f3n de tu negocio\u00a0<\/a><\/span><br \/>\n<span style=\"color: #7857a2;\"><a style=\"color: #7857a2;\" href=\"https:\/\/www.expomanualidades.info\/guadalajara\/wp-content\/uploads\/2018\/07\/EMMG-Boletin1.pdf\" target=\"_blank\" rel=\"noopener noreferrer\">Bolet\u00edn 1 &#8211; De la ingenier\u00eda a las manualidades<\/a><\/span>[\/vc_column_text][vc_empty_space height=&#8221;200px&#8221;][\/vc_column][\/vc_row]<\/p>\n<\/div>","protected":false},"excerpt":{"rendered":"<p>[vc_row][vc_column][vc_custom_heading text=&#8221;2022&#8243; use_theme_fonts=&#8221;yes&#8221;][vc_column_text]Bolet\u00edn 2 -La perla tapat\u00eda est\u00e1 lista para el regreso de Expo Mercer\u00eda y Manualidades Bolet\u00edn 1 &#8211; D\u00eda mundial del tejido en p\u00fablico[\/vc_column_text][vc_custom_heading text=&#8221;2019&#8243; use_theme_fonts=&#8221;yes&#8221;][vc_column_text]Bolet\u00edn 6 &#8211; [&hellip;]<\/p>\n","protected":false},"author":1,"featured_media":0,"parent":425,"menu_order":0,"comment_status":"closed","ping_status":"closed","template":"page-templates\/contact-template.php","meta":{"_monsterinsights_skip_tracking":false,"_monsterinsights_sitenote_active":false,"_monsterinsights_sitenote_note":"","_monsterinsights_sitenote_category":0,"site-sidebar-layout":"no-sidebar","site-content-layout":"plain-container","ast-site-content-layout":"","site-content-style":"default","site-sidebar-style":"default","ast-global-header-display":"","ast-banner-title-visibility":"","ast-main-header-display":"","ast-hfb-above-header-display":"","ast-hfb-below-header-display":"","ast-hfb-mobile-header-display":"","site-post-title":"disabled","ast-breadcrumbs-content":"","ast-featured-img":"disabled","footer-sml-layout":"","theme-transparent-header-meta":"","adv-header-id-meta":"","stick-header-meta":"","header-above-stick-meta":"","header-main-stick-meta":"","header-below-stick-meta":"","astra-migrate-meta-layouts":"default","ast-page-background-enabled":"default","ast-page-background-meta":{"desktop":{"background-color":"var(--ast-global-color-4)","background-image":"","background-repeat":"repeat","background-position":"center center","background-size":"auto","background-attachment":"scroll","background-type":"","background-media":"","overlay-type":"","overlay-color":"","overlay-opacity":"","overlay-gradient":""},"tablet":{"background-color":"","background-image":"","background-repeat":"repeat","background-position":"center center","background-size":"auto","background-attachment":"scroll","background-type":"","background-media":"","overlay-type":"","overlay-color":"","overlay-opacity":"","overlay-gradient":""},"mobile":{"background-color":"","background-image":"","background-repeat":"repeat","background-position":"center center","background-size":"auto","background-attachment":"scroll","background-type":"","background-media":"","overlay-type":"","overlay-color":"","overlay-opacity":"","overlay-gradient":""}},"ast-content-background-meta":{"desktop":{"background-color":"var(--ast-global-color-5)","background-image":"","background-repeat":"repeat","background-position":"center center","background-size":"auto","background-attachment":"scroll","background-type":"","background-media":"","overlay-type":"","overlay-color":"","overlay-opacity":"","overlay-gradient":""},"tablet":{"background-color":"var(--ast-global-color-5)","background-image":"","background-repeat":"repeat","background-position":"center center","background-size":"auto","background-attachment":"scroll","background-type":"","background-media":"","overlay-type":"","overlay-color":"","overlay-opacity":"","overlay-gradient":""},"mobile":{"background-color":"var(--ast-global-color-5)","background-image":"","background-repeat":"repeat","background-position":"center center","background-size":"auto","background-attachment":"scroll","background-type":"","background-media":"","overlay-type":"","overlay-color":"","overlay-opacity":"","overlay-gradient":""}},"_price":"","_stock":"","_tribe_ticket_header":"","_tribe_default_ticket_provider":"","_tribe_ticket_capacity":"0","_ticket_start_date":"","_ticket_end_date":"","_tribe_ticket_show_description":"","_tribe_ticket_show_not_going":false,"_tribe_ticket_use_global_stock":"","_tribe_ticket_global_stock_level":"","_global_stock_mode":"","_global_stock_cap":"","_tribe_rsvp_for_event":"","_tribe_ticket_going_count":"","_tribe_ticket_not_going_count":"","_tribe_tickets_list":"[]","_tribe_ticket_has_attendee_info_fields":false,"footnotes":"","_tec_slr_enabled":"","_tec_slr_layout":""},"class_list":["post-437","page","type-page","status-publish","hentry"],"ticketed":false,"_links":{"self":[{"href":"https:\/\/www.expomanualidades.info\/guadalajara\/wp-json\/wp\/v2\/pages\/437","targetHints":{"allow":["GET"]}}],"collection":[{"href":"https:\/\/www.expomanualidades.info\/guadalajara\/wp-json\/wp\/v2\/pages"}],"about":[{"href":"https:\/\/www.expomanualidades.info\/guadalajara\/wp-json\/wp\/v2\/types\/page"}],"author":[{"embeddable":true,"href":"https:\/\/www.expomanualidades.info\/guadalajara\/wp-json\/wp\/v2\/users\/1"}],"replies":[{"embeddable":true,"href":"https:\/\/www.expomanualidades.info\/guadalajara\/wp-json\/wp\/v2\/comments?post=437"}],"version-history":[{"count":0,"href":"https:\/\/www.expomanualidades.info\/guadalajara\/wp-json\/wp\/v2\/pages\/437\/revisions"}],"up":[{"embeddable":true,"href":"https:\/\/www.expomanualidades.info\/guadalajara\/wp-json\/wp\/v2\/pages\/425"}],"wp:attachment":[{"href":"https:\/\/www.expomanualidades.info\/guadalajara\/wp-json\/wp\/v2\/media?parent=437"}],"curies":[{"name":"wp","href":"https:\/\/api.w.org\/{rel}","templated":true}]}}