{"id":26464,"date":"2023-06-05T13:38:33","date_gmt":"2023-06-05T19:38:33","guid":{"rendered":"https:\/\/www.expomanualidades.info\/guadalajara\/?page_id=26464"},"modified":"2025-07-28T16:35:35","modified_gmt":"2025-07-28T22:35:35","slug":"talleres","status":"publish","type":"page","link":"https:\/\/www.expomanualidades.info\/guadalajara\/talleres\/","title":{"rendered":"Talleres"},"content":{"rendered":"<div class=\"wpb-content-wrapper\"><p>[vc_row equal_height=&#8221;yes&#8221; content_placement=&#8221;middle&#8221; css=&#8221;.vc_custom_1717195974309{padding-top: 0px !important;}&#8221;][vc_column][vc_row_inner][vc_column_inner width=&#8221;1\/2&#8243;][vc_column_text css=&#8221;.vc_custom_1750719242673{margin-top: 0px !important;margin-bottom: 0px !important;padding-top: 10px !important;padding-bottom: 10px !important;}&#8221; el_class=&#8221;whiteText&#8221;]<\/p>\n<h3 style=\"text-align: center;\"><span style=\"color: #01536b;\">TALLERES ABIERTOS<\/span><br \/>\n<span style=\"color: #01536b; font-size: 70%;\">(Incluidos en tu entrada a la Expo)<\/span><\/h3>\n<p>[\/vc_column_text][vc_column_text css_animation=&#8221;fadeInLeft&#8221; css=&#8221;.vc_custom_1751487749486{padding-right: 30px !important;padding-left: 30px !important;}&#8221;]<span style=\"font-weight: 400;\">Actividades para todos los amantes de las manualidades impartidas por expertos en un espacio cerrado para que conozcas su marca y t\u00e9cnicas.<\/span><\/p>\n<p><span style=\"font-weight: 400;\">Las actividades tienen una duraci\u00f3n m\u00ednima de 1 a 3 horas, con el fin de conocer m\u00e1s y aprender una nueva manualidad (algunas de las actividades no requieren conocimiento previo).<\/span><\/p>\n<p>Recuerda que est\u00e1s actividades est\u00e1n incluidas en tu entrada a la Expo.[\/vc_column_text][\/vc_column_inner][vc_column_inner width=&#8221;1\/2&#8243;][vc_single_image image=&#8221;27620&#8243; img_size=&#8221;full&#8221; css=&#8221;&#8221;][\/vc_column_inner][\/vc_row_inner][\/vc_column][\/vc_row][vc_row][vc_column width=&#8221;1\/3&#8243;][vc_custom_heading text=&#8221;JUEVES 21 AGOSTO&#8221; font_container=&#8221;tag:h4|text_align:center|color:%23FFFFFF&#8221; use_theme_fonts=&#8221;yes&#8221; css=&#8221;.vc_custom_1751487840336{background-color: #00B9C5 !important;border-radius: 35px !important;}&#8221;][vc_column_text css=&#8221;.vc_custom_1753305780923{border-bottom-width: 3px !important;padding-top: 20px !important;padding-bottom: 20px !important;border-bottom-style: dashed !important;border-color: #00B9C5 !important;}&#8221;]<\/p>\n<p style=\"text-align: center;\"><strong><img loading=\"lazy\" decoding=\"async\" class=\"alignnone wp-image-27829\" src=\"https:\/\/www.expomanualidades.info\/guadalajara\/wp-content\/uploads\/2025\/07\/Cricut-Lideart-e1751488068814.png\" alt=\"\" width=\"326\" height=\"65\" srcset=\"https:\/\/www.expomanualidades.info\/guadalajara\/wp-content\/uploads\/2025\/07\/Cricut-Lideart-e1751488068814.png 997w, https:\/\/www.expomanualidades.info\/guadalajara\/wp-content\/uploads\/2025\/07\/Cricut-Lideart-e1751488068814-300x60.png 300w, https:\/\/www.expomanualidades.info\/guadalajara\/wp-content\/uploads\/2025\/07\/Cricut-Lideart-e1751488068814-768x153.png 768w, https:\/\/www.expomanualidades.info\/guadalajara\/wp-content\/uploads\/2025\/07\/Cricut-Lideart-e1751488068814-600x119.png 600w\" sizes=\"auto, (max-width: 326px) 100vw, 326px\" \/><br \/>\n<\/strong><strong><br \/>\nEmprende con Cricut<\/strong><br \/>\nDe 11:00 am a 1:00 pm<br \/>\nConoce los equipos de corte y transferencia de calor Cricut y aplica las herramientas de la marca en un vaso y una cosmetiquera.<\/p>\n<p style=\"background: #ffdde0; text-align: center;\"><strong style=\"color: #c00;\">CUPO LLENO<\/strong><\/p>\n<p><!--p style=\"text-align: center;\"><a class=\"btnEvento\" href=\"https:\/\/www.expomanualidades.info\/guadalajara\/event\/cricut-scrap\/\">Reserva tu lugar<\/a><\/p-->[\/vc_column_text][vc_column_text css=&#8221;.vc_custom_1753742100092{border-bottom-width: 3px !important;padding-top: 20px !important;padding-bottom: 20px !important;border-bottom-style: dashed !important;border-color: #00B9C5 !important;}&#8221;]<\/p>\n<p style=\"text-align: center;\"><strong><img loading=\"lazy\" decoding=\"async\" class=\"alignnone wp-image-27917 \" src=\"https:\/\/www.expomanualidades.info\/guadalajara\/wp-content\/uploads\/2025\/07\/espuma_marina_logo.png\" width=\"161\" height=\"80\" \/><br \/>\n<\/strong><strong><br \/>\nDiario bot\u00e1nico con acuarela<\/strong><br \/>\nDe 1:00 a 2:30 pm<br \/>\nAprende a abstraer y pintar flores con acuarela, usando solo trazos del pincel para lograr grandes resultados.<\/p>\n<p style=\"background: #ffdde0; text-align: center;\"><strong style=\"color: #c00;\">CUPO LLENO<\/strong><\/p>\n<p><!-- style=\"text-align: center;\"><a class=\"btnEvento\" href=\"https:\/\/www.expomanualidades.info\/guadalajara\/event\/acuarelas\/\/\">Reserva tu lugar<\/a><\/p-->[\/vc_column_text][vc_column_text css=&#8221;.vc_custom_1753305840865{border-bottom-width: 3px !important;padding-bottom: 20px !important;border-bottom-style: dashed !important;border-color: #00B9C5 !important;}&#8221;]<\/p>\n<p style=\"text-align: center;\"><strong><img loading=\"lazy\" decoding=\"async\" class=\"aligncenter wp-image-27897\" src=\"https:\/\/www.expomanualidades.info\/guadalajara\/wp-content\/uploads\/2025\/07\/HuitzilGR.jpg\" alt=\"\" width=\"80\" height=\"80\" srcset=\"https:\/\/www.expomanualidades.info\/guadalajara\/wp-content\/uploads\/2025\/07\/HuitzilGR.jpg 1107w, https:\/\/www.expomanualidades.info\/guadalajara\/wp-content\/uploads\/2025\/07\/HuitzilGR-300x300.jpg 300w, https:\/\/www.expomanualidades.info\/guadalajara\/wp-content\/uploads\/2025\/07\/HuitzilGR-1024x1024.jpg 1024w, https:\/\/www.expomanualidades.info\/guadalajara\/wp-content\/uploads\/2025\/07\/HuitzilGR-150x150.jpg 150w, https:\/\/www.expomanualidades.info\/guadalajara\/wp-content\/uploads\/2025\/07\/HuitzilGR-768x769.jpg 768w, https:\/\/www.expomanualidades.info\/guadalajara\/wp-content\/uploads\/2025\/07\/HuitzilGR-600x601.jpg 600w, https:\/\/www.expomanualidades.info\/guadalajara\/wp-content\/uploads\/2025\/07\/HuitzilGR-100x100.jpg 100w\" sizes=\"auto, (max-width: 80px) 100vw, 80px\" \/><\/strong><strong><br \/>\nFiligrana<br \/>\n<\/strong>De 2:30 a 4:30 pm<br \/>\nCrea un hermoso juego de aretes y dije con tus manos<\/p>\n<p style=\"background: #ffdde0; text-align: center;\"><strong style=\"color: #c00;\">CUPO LLENO<\/strong><\/p>\n<p><!--p style=\"text-align: center;\"><a class=\"btnEvento\" href=\"https:\/\/www.expomanualidades.info\/guadalajara\/event\/filigrana\/\">Reserva tu lugar<\/a><\/p-->[\/vc_column_text][vc_column_text css=&#8221;.vc_custom_1753742128847{border-bottom-width: 3px !important;padding-bottom: 20px !important;border-bottom-style: dashed !important;border-color: #00B9C5 !important;}&#8221;]<\/p>\n<p style=\"text-align: center;\"><strong><img loading=\"lazy\" decoding=\"async\" class=\"alignnone wp-image-27829\" src=\"https:\/\/i0.wp.com\/alemi.mx\/wp-content\/uploads\/2023\/09\/Logo-Alemi-7-e1695166537710.png?w=2500&amp;ssl=1\" alt=\"Alemi - Diamond Painting\" width=\"146\" height=\"70\" \/><br \/>\n<\/strong><strong><br \/>\nDiamond Painting<\/strong><br \/>\nDe 5:00 a 7:00 pm<br \/>\nConoce la t\u00e9cnica de Diamond Painting y realiza un separador de libros con tem\u00e1tica de la naturaleza.<\/p>\n<p style=\"background: #ffdde0; text-align: center;\"><strong style=\"color: #c00;\">CUPO LLENO<\/strong><\/p>\n<p><!-- style=\"text-align: center;\"><a class=\"btnEvento\" href=\"https:\/\/www.expomanualidades.info\/guadalajara\/event\/diamond-painting\/\">Reserva tu lugar<\/a><\/p-->[\/vc_column_text][\/vc_column][vc_column width=&#8221;1\/3&#8243;][vc_custom_heading text=&#8221;VIERNES 22 AGOSTO&#8221; font_container=&#8221;tag:h4|text_align:center|color:%23FFFFFF&#8221; use_theme_fonts=&#8221;yes&#8221; css=&#8221;.vc_custom_1751487862184{background-color: #00B9C5 !important;border-radius: 35px !important;}&#8221;][vc_column_text css=&#8221;.vc_custom_1753305880061{border-bottom-width: 3px !important;padding-top: 20px !important;padding-bottom: 20px !important;border-bottom-style: dashed !important;border-color: #00B9C5 !important;}&#8221;]<\/p>\n<p style=\"text-align: center;\"><strong><img loading=\"lazy\" decoding=\"async\" class=\"alignnone wp-image-27918 \" src=\"https:\/\/www.expomanualidades.info\/guadalajara\/wp-content\/uploads\/2025\/07\/TuPinata-logos-01-edrei-Salazar-e1752263055467.png\" alt=\"\" width=\"110\" height=\"85\" srcset=\"https:\/\/www.expomanualidades.info\/guadalajara\/wp-content\/uploads\/2025\/07\/TuPinata-logos-01-edrei-Salazar-e1752263055467.png 924w, https:\/\/www.expomanualidades.info\/guadalajara\/wp-content\/uploads\/2025\/07\/TuPinata-logos-01-edrei-Salazar-e1752263055467-300x231.png 300w, https:\/\/www.expomanualidades.info\/guadalajara\/wp-content\/uploads\/2025\/07\/TuPinata-logos-01-edrei-Salazar-e1752263055467-768x590.png 768w, https:\/\/www.expomanualidades.info\/guadalajara\/wp-content\/uploads\/2025\/07\/TuPinata-logos-01-edrei-Salazar-e1752263055467-600x461.png 600w\" sizes=\"auto, (max-width: 110px) 100vw, 110px\" \/><br \/>\n<\/strong><strong><br \/>\nHaz tu propia pi\u00f1ata en forma de estrella<\/strong><br \/>\nDe 11:00 am a 1:00 pm<\/p>\n<p style=\"background: #ffdde0; text-align: center;\"><strong style=\"color: #c00;\">CUPO LLENO<\/strong><\/p>\n<p><!--p style=\"text-align: center;\"><a class=\"btnEvento\" href=\"https:\/\/www.expomanualidades.info\/guadalajara\/event\/haz-tu-propia-pinata-en-forma-de-estrella\/\">Reserva tu lugar<\/a><\/p-->[\/vc_column_text][vc_column_text css=&#8221;.vc_custom_1753742108965{border-bottom-width: 3px !important;padding-top: 20px !important;padding-bottom: 20px !important;border-bottom-style: dashed !important;border-color: #00B9C5 !important;}&#8221;]<\/p>\n<p style=\"text-align: center;\"><strong><img loading=\"lazy\" decoding=\"async\" class=\"alignnone wp-image-27917 \" src=\"https:\/\/www.expomanualidades.info\/guadalajara\/wp-content\/uploads\/2025\/07\/espuma_marina_logo.png\" width=\"161\" height=\"80\" \/><br \/>\n<\/strong><strong><br \/>\nPatrones de fruta con acuarelas<\/strong><br \/>\nDe 1:00 a 2:30 pm<br \/>\nAprende a pintar frutas con el m\u00e9todo de h\u00famedo sobre h\u00famedo, finalizando con un cuadro para adornar tu cocina.<\/p>\n<p style=\"background: #ffdde0; text-align: center;\"><strong style=\"color: #c00;\">CUPO LLENO<\/strong><\/p>\n<p><!-- style=\"text-align: center;\"><a class=\"btnEvento\" href=\"https:\/\/www.expomanualidades.info\/guadalajara\/event\/acuarelas-2\">Reserva tu lugar<\/a><\/p-->[\/vc_column_text][vc_column_text css=&#8221;.vc_custom_1753742120056{border-bottom-width: 3px !important;padding-bottom: 20px !important;border-bottom-style: dashed !important;border-color: #00B9C5 !important;}&#8221;]<\/p>\n<p style=\"text-align: center;\"><strong><img loading=\"lazy\" decoding=\"async\" class=\"aligncenter \" src=\"https:\/\/www.jiss.com.mx\/img\/logo-jiss.png\" alt=\"Jiss\" width=\"162\" height=\"45\" \/><\/strong><strong><br \/>\nAprende y emprende con marcadores EDDING<br \/>\n<\/strong>De 2:30 a 4:30 pm<\/p>\n<p style=\"background: #ffdde0; text-align: center;\"><strong style=\"color: #c00;\">CUPO LLENO<\/strong><\/p>\n<p><!-- style=\"text-align: center;\"><a class=\"btnEvento\" href=\"https:\/\/www.expomanualidades.info\/guadalajara\/event\/papeleria\/\">Reserva tu lugar<\/a><\/p-->[\/vc_column_text][vc_column_text css=&#8221;.vc_custom_1753305940554{border-bottom-width: 3px !important;padding-bottom: 20px !important;border-bottom-style: dashed !important;border-color: #00B9C5 !important;}&#8221;]<\/p>\n<p style=\"text-align: center;\"><strong><img loading=\"lazy\" decoding=\"async\" class=\"alignnone wp-image-27829\" src=\"https:\/\/aloaran.com.mx\/cdn\/shop\/files\/logo-aloaran.png?v=1715627192&amp;width=180\" alt=\"Aloaran Q'Creativas\" width=\"146\" height=\"70\" \/><br \/>\n<\/strong><strong><br \/>\nPasta Flexible<\/strong><br \/>\nDe 5:00 a 7:00 pm<\/p>\n<p style=\"background: #ffdde0; text-align: center;\"><strong style=\"color: #c00;\">CUPO LLENO<\/strong><\/p>\n<p><!--p style=\"text-align: center;\"><a class=\"btnEvento\" href=\"https:\/\/www.expomanualidades.info\/guadalajara\/event\/pasta-flexible\/\">Reserva tu lugar<\/a><\/p-->[\/vc_column_text][\/vc_column][vc_column width=&#8221;1\/3&#8243;][vc_custom_heading text=&#8221;S\u00c1BADO 23 AGOSTO&#8221; font_container=&#8221;tag:h4|text_align:center|color:%23FFFFFF&#8221; use_theme_fonts=&#8221;yes&#8221; css=&#8221;.vc_custom_1751487853847{background-color: #00B9C5 !important;border-radius: 35px !important;}&#8221;][vc_column_text css=&#8221;.vc_custom_1753305987355{border-bottom-width: 3px !important;padding-top: 20px !important;padding-bottom: 20px !important;border-bottom-style: dashed !important;border-color: #00B9C5 !important;}&#8221;]<\/p>\n<p style=\"text-align: center;\"><strong><img loading=\"lazy\" decoding=\"async\" class=\"alignnone wp-image-27830\" src=\"https:\/\/www.expomanualidades.info\/guadalajara\/wp-content\/uploads\/2025\/07\/Ana-Domi-Logo.png\" alt=\"\" width=\"245\" height=\"70\" srcset=\"https:\/\/www.expomanualidades.info\/guadalajara\/wp-content\/uploads\/2025\/07\/Ana-Domi-Logo.png 1346w, https:\/\/www.expomanualidades.info\/guadalajara\/wp-content\/uploads\/2025\/07\/Ana-Domi-Logo-300x86.png 300w, https:\/\/www.expomanualidades.info\/guadalajara\/wp-content\/uploads\/2025\/07\/Ana-Domi-Logo-1024x292.png 1024w, https:\/\/www.expomanualidades.info\/guadalajara\/wp-content\/uploads\/2025\/07\/Ana-Domi-Logo-768x219.png 768w, https:\/\/www.expomanualidades.info\/guadalajara\/wp-content\/uploads\/2025\/07\/Ana-Domi-Logo-600x171.png 600w\" sizes=\"auto, (max-width: 245px) 100vw, 245px\" \/><br \/>\n<\/strong><br \/>\n<strong>Bander\u00edn navide\u00f1o con galleta de jengibre<\/strong><br \/>\nDe 11:00 am a 1:00 pm<br \/>\nArma tu propia galleta con nuestro kit de fieltro.<\/p>\n<p style=\"background: #ffdde0; text-align: center;\"><strong style=\"color: #c00;\">CUPO LLENO<\/strong><\/p>\n<p><!--p style=\"text-align: center;\"><a class=\"btnEvento\" href=\"https:\/\/www.expomanualidades.info\/guadalajara\/event\/fieltro\/\">Reserva tu lugar<\/a><\/p-->[\/vc_column_text][vc_column_text css=&#8221;.vc_custom_1753306021511{border-bottom-width: 3px !important;padding-top: 20px !important;padding-bottom: 20px !important;border-bottom-style: dashed !important;border-color: #00B9C5 !important;}&#8221;]<\/p>\n<p style=\"text-align: center;\"><strong><img loading=\"lazy\" decoding=\"async\" class=\"alignnone wp-image-27917 \" src=\"https:\/\/www.expomanualidades.info\/guadalajara\/wp-content\/uploads\/2025\/07\/espuma_marina_logo.png\" width=\"161\" height=\"80\" \/><br \/>\n<\/strong><strong><br \/>\nPaisajes con Acuarela<\/strong><br \/>\nDe 1:00 a 2:30 pm<br \/>\nAprende a pintar paisajes con acuarela, conociendo las t\u00e9cnicas b\u00e1sicas y la metodolog\u00eda de pintura de paisaje.<\/p>\n<p style=\"background: #ffdde0; text-align: center;\"><strong style=\"color: #c00;\">CUPO LLENO<\/strong><\/p>\n<p><!--p style=\"text-align: center;\"><span data-mce-type=\"bookmark\" style=\"display: inline-block; width: 0px; overflow: hidden; line-height: 0;\" class=\"mce_SELRES_start\"><\/span><a class=\"btnEvento\" href=\"https:\/\/www.expomanualidades.info\/guadalajara\/event\/acuarelas-3\">Reserva tu lugar<\/a><\/p-->[\/vc_column_text][vc_column_text css=&#8221;.vc_custom_1753306038424{border-bottom-width: 3px !important;padding-bottom: 20px !important;border-bottom-style: dashed !important;border-color: #00B9C5 !important;}&#8221;]<\/p>\n<p style=\"text-align: center;\"><img loading=\"lazy\" decoding=\"async\" class=\"alignnone wp-image-27919 \" src=\"https:\/\/www.expomanualidades.info\/guadalajara\/wp-content\/uploads\/2025\/07\/osipapier-2.jpeg\" alt=\"\" width=\"86\" height=\"95\" srcset=\"https:\/\/www.expomanualidades.info\/guadalajara\/wp-content\/uploads\/2025\/07\/osipapier-2.jpeg 1161w, https:\/\/www.expomanualidades.info\/guadalajara\/wp-content\/uploads\/2025\/07\/osipapier-2-272x300.jpeg 272w, https:\/\/www.expomanualidades.info\/guadalajara\/wp-content\/uploads\/2025\/07\/osipapier-2-929x1024.jpeg 929w, https:\/\/www.expomanualidades.info\/guadalajara\/wp-content\/uploads\/2025\/07\/osipapier-2-768x847.jpeg 768w, https:\/\/www.expomanualidades.info\/guadalajara\/wp-content\/uploads\/2025\/07\/osipapier-2-600x661.jpeg 600w\" sizes=\"auto, (max-width: 86px) 100vw, 86px\" \/><\/p>\n<p>FOIL &amp; PAPEL<br \/>\nDe 2:30 a 4:30 pm<br \/>\nAprende a aplicar foil en papel y crea papeler\u00eda premium.<\/p>\n<p style=\"background: #ffdde0; text-align: center;\"><strong style=\"color: #c00;\">CUPO LLENO<\/strong><\/p>\n<p><!--p style=\"text-align: center;\"><a class=\"btnEvento\" href=\"https:\/\/www.expomanualidades.info\/guadalajara\/event\/foil-papel-aprende-a-aplicar-foil-en-papel-y-crea-papeleria\/\">Reserva tu lugar<\/a><\/p-->[\/vc_column_text][vc_column_text css=&#8221;.vc_custom_1753306051216{border-bottom-width: 3px !important;padding-bottom: 20px !important;border-bottom-style: dashed !important;border-color: #00B9C5 !important;}&#8221;]<\/p>\n<p style=\"text-align: center;\"><strong><img loading=\"lazy\" decoding=\"async\" class=\"alignnone wp-image-27908 \" src=\"https:\/\/www.expomanualidades.info\/guadalajara\/wp-content\/uploads\/2025\/07\/Res-Craft-by-Inktek-Mexico.jpg\" alt=\"\" width=\"95\" height=\"95\" srcset=\"https:\/\/www.expomanualidades.info\/guadalajara\/wp-content\/uploads\/2025\/07\/Res-Craft-by-Inktek-Mexico.jpg 1062w, https:\/\/www.expomanualidades.info\/guadalajara\/wp-content\/uploads\/2025\/07\/Res-Craft-by-Inktek-Mexico-300x300.jpg 300w, https:\/\/www.expomanualidades.info\/guadalajara\/wp-content\/uploads\/2025\/07\/Res-Craft-by-Inktek-Mexico-1024x1024.jpg 1024w, https:\/\/www.expomanualidades.info\/guadalajara\/wp-content\/uploads\/2025\/07\/Res-Craft-by-Inktek-Mexico-150x150.jpg 150w, https:\/\/www.expomanualidades.info\/guadalajara\/wp-content\/uploads\/2025\/07\/Res-Craft-by-Inktek-Mexico-768x769.jpg 768w, https:\/\/www.expomanualidades.info\/guadalajara\/wp-content\/uploads\/2025\/07\/Res-Craft-by-Inktek-Mexico-600x601.jpg 600w, https:\/\/www.expomanualidades.info\/guadalajara\/wp-content\/uploads\/2025\/07\/Res-Craft-by-Inktek-Mexico-100x100.jpg 100w\" sizes=\"auto, (max-width: 95px) 100vw, 95px\" \/><br \/>\n<\/strong><strong>Encapsulado con resinas de curado UV<\/strong><br \/>\nDe 5:00 a 7:00 pm<br \/>\nElaborar un llavero con resina UV, encapsulando decoraci\u00f3n variada por la t\u00e9cnica de vaciado.<\/p>\n<p style=\"background: #ffdde0; text-align: center;\"><strong style=\"color: #c00;\">CUPO LLENO<\/strong><\/p>\n<p><!--p style=\"text-align: center;\"><a class=\"btnEvento\" href=\"https:\/\/www.expomanualidades.info\/guadalajara\/event\/encapsulado-con-resinas-de-curado-uv\/\">Reserva tu lugar<\/a><\/p-->[\/vc_column_text][\/vc_column][\/vc_row]<\/p>\n<\/div>","protected":false},"excerpt":{"rendered":"<p>[vc_row equal_height=&#8221;yes&#8221; content_placement=&#8221;middle&#8221; css=&#8221;.vc_custom_1717195974309{padding-top: 0px !important;}&#8221;][vc_column][vc_row_inner][vc_column_inner width=&#8221;1\/2&#8243;][vc_column_text css=&#8221;.vc_custom_1750719242673{margin-top: 0px !important;margin-bottom: 0px !important;padding-top: 10px !important;padding-bottom: 10px !important;}&#8221; el_class=&#8221;whiteText&#8221;] TALLERES ABIERTOS (Incluidos en tu entrada a la Expo) [\/vc_column_text][vc_column_text css_animation=&#8221;fadeInLeft&#8221; css=&#8221;.vc_custom_1751487749486{padding-right: 30px [&hellip;]<\/p>\n","protected":false},"author":1,"featured_media":0,"parent":0,"menu_order":0,"comment_status":"closed","ping_status":"closed","template":"","meta":{"_monsterinsights_skip_tracking":false,"_monsterinsights_sitenote_active":false,"_monsterinsights_sitenote_note":"","_monsterinsights_sitenote_category":0,"site-sidebar-layout":"no-sidebar","site-content-layout":"plain-container","ast-site-content-layout":"normal-width-container","site-content-style":"unboxed","site-sidebar-style":"unboxed","ast-global-header-display":"","ast-banner-title-visibility":"","ast-main-header-display":"","ast-hfb-above-header-display":"","ast-hfb-below-header-display":"","ast-hfb-mobile-header-display":"","site-post-title":"disabled","ast-breadcrumbs-content":"","ast-featured-img":"disabled","footer-sml-layout":"","theme-transparent-header-meta":"default","adv-header-id-meta":"","stick-header-meta":"","header-above-stick-meta":"","header-main-stick-meta":"","header-below-stick-meta":"","astra-migrate-meta-layouts":"set","ast-page-background-enabled":"default","ast-page-background-meta":{"desktop":{"background-color":"var(--ast-global-color-4)","background-image":"","background-repeat":"repeat","background-position":"center center","background-size":"auto","background-attachment":"scroll","background-type":"","background-media":"","overlay-type":"","overlay-color":"","overlay-opacity":"","overlay-gradient":""},"tablet":{"background-color":"","background-image":"","background-repeat":"repeat","background-position":"center center","background-size":"auto","background-attachment":"scroll","background-type":"","background-media":"","overlay-type":"","overlay-color":"","overlay-opacity":"","overlay-gradient":""},"mobile":{"background-color":"","background-image":"","background-repeat":"repeat","background-position":"center center","background-size":"auto","background-attachment":"scroll","background-type":"","background-media":"","overlay-type":"","overlay-color":"","overlay-opacity":"","overlay-gradient":""}},"ast-content-background-meta":{"desktop":{"background-color":"var(--ast-global-color-5)","background-image":"","background-repeat":"repeat","background-position":"center center","background-size":"auto","background-attachment":"scroll","background-type":"","background-media":"","overlay-type":"","overlay-color":"","overlay-opacity":"","overlay-gradient":""},"tablet":{"background-color":"var(--ast-global-color-5)","background-image":"","background-repeat":"repeat","background-position":"center center","background-size":"auto","background-attachment":"scroll","background-type":"","background-media":"","overlay-type":"","overlay-color":"","overlay-opacity":"","overlay-gradient":""},"mobile":{"background-color":"var(--ast-global-color-5)","background-image":"","background-repeat":"repeat","background-position":"center center","background-size":"auto","background-attachment":"scroll","background-type":"","background-media":"","overlay-type":"","overlay-color":"","overlay-opacity":"","overlay-gradient":""}},"_price":"","_stock":"","_tribe_ticket_header":"","_tribe_default_ticket_provider":"","_tribe_ticket_capacity":"0","_ticket_start_date":"","_ticket_end_date":"","_tribe_ticket_show_description":"","_tribe_ticket_show_not_going":false,"_tribe_ticket_use_global_stock":"","_tribe_ticket_global_stock_level":"","_global_stock_mode":"","_global_stock_cap":"","_tribe_rsvp_for_event":"","_tribe_ticket_going_count":"","_tribe_ticket_not_going_count":"","_tribe_tickets_list":"[]","_tribe_ticket_has_attendee_info_fields":false,"footnotes":"","_tec_slr_enabled":"","_tec_slr_layout":""},"class_list":["post-26464","page","type-page","status-publish","hentry"],"ticketed":false,"_links":{"self":[{"href":"https:\/\/www.expomanualidades.info\/guadalajara\/wp-json\/wp\/v2\/pages\/26464","targetHints":{"allow":["GET"]}}],"collection":[{"href":"https:\/\/www.expomanualidades.info\/guadalajara\/wp-json\/wp\/v2\/pages"}],"about":[{"href":"https:\/\/www.expomanualidades.info\/guadalajara\/wp-json\/wp\/v2\/types\/page"}],"author":[{"embeddable":true,"href":"https:\/\/www.expomanualidades.info\/guadalajara\/wp-json\/wp\/v2\/users\/1"}],"replies":[{"embeddable":true,"href":"https:\/\/www.expomanualidades.info\/guadalajara\/wp-json\/wp\/v2\/comments?post=26464"}],"version-history":[{"count":0,"href":"https:\/\/www.expomanualidades.info\/guadalajara\/wp-json\/wp\/v2\/pages\/26464\/revisions"}],"wp:attachment":[{"href":"https:\/\/www.expomanualidades.info\/guadalajara\/wp-json\/wp\/v2\/media?parent=26464"}],"curies":[{"name":"wp","href":"https:\/\/api.w.org\/{rel}","templated":true}]}}