{"id":25947,"date":"2021-10-21T12:57:06","date_gmt":"2021-10-21T17:57:06","guid":{"rendered":"https:\/\/www.expomanualidades.info\/guadalajara\/?page_id=25947"},"modified":"2025-10-28T15:39:30","modified_gmt":"2025-10-28T21:39:30","slug":"preguntas-frecuentes","status":"publish","type":"page","link":"https:\/\/www.expomanualidades.info\/guadalajara\/preguntas-frecuentes\/","title":{"rendered":"Preguntas frecuentes"},"content":{"rendered":"<div class=\"wpb-content-wrapper\"><p>[vc_row full_width=&#8221;stretch_row&#8221; css=&#8221;.vc_custom_1595891534806{margin-top: -40px !important;}&#8221;][vc_column][vc_empty_space height=&#8221;47px&#8221;][vc_tta_accordion active_section=&#8221;1&#8243;][vc_tta_section title=&#8221;\u00bfD\u00f3nde y cu\u00e1ndo se llevar\u00e1 a cabo Expo Manualidades Guadalajara?&#8221; tab_id=&#8221;Realizacion&#8221;][vc_column_text css=&#8221;&#8221;]Expo Manualidades Guadalajara se realizar\u00e1 del <strong>27 al 29 de Agosto 2026<\/strong>\u00a0en Expo Guadalajara, Jalisco[\/vc_column_text][\/vc_tta_section][vc_tta_section title=&#8221;\u00bfQu\u00e9 horario tendr\u00e1 la Expo?&#8221; tab_id=&#8221;fechahora&#8221;][vc_column_text]Estaremos de 10:00 AM a 8:00 PM[\/vc_column_text][\/vc_tta_section][vc_tta_section title=&#8221;\u00bfCu\u00e1l es el costo de entrada?&#8221; tab_id=&#8221;costo&#8221;][vc_column_text css=&#8221;&#8221;]<b>M\u00e1s informaci\u00f3n pr\u00f3ximamente<\/b>[\/vc_column_text][\/vc_tta_section][vc_tta_section title=&#8221;\u00bfDebo registrarme antes de llegar al evento?&#8221; tab_id=&#8221;registro-prvio&#8221;][vc_column_text css=&#8221;&#8221;]<\/p>\n<ul>\n<li>Recomendamos realizar el registro en l\u00ednea previo a tu visita a Expo Manualidades Guadalajara. El registro es personal y todos deber\u00e1n realizarlo para accesar.<\/li>\n<\/ul>\n<p>[\/vc_column_text][\/vc_tta_section][vc_tta_section title=&#8221;\u00bfC\u00f3mo me registro?&#8221; tab_id=&#8221;registrarme&#8221;][vc_column_text]Ingresando al siguiente link <a href=\"https:\/\/manualidadesgdl.registrotradex.com\/\">https:\/\/manualidadesgdl.registrotradex.com\/<\/a>[\/vc_column_text][\/vc_tta_section][vc_tta_section title=&#8221;\u00bfCu\u00e1les son sus formas de pago?&#8221; tab_id=&#8221;formas_de_pago&#8221;][vc_column_text]Al registrarte en l\u00ednea puedes pagar con tarjeta de cr\u00e9dito\/d\u00e9bito, pago en OXXO o elegir pagar el d\u00eda que acudas al evento con pago directo en caja[\/vc_column_text][\/vc_tta_section][vc_tta_section title=&#8221;\u00bfQui\u00e9nes exponen en Expo Manualidades Guadalajara?&#8221; tab_id=&#8221;exponen&#8221;][vc_column_text]M\u00e1s informaci\u00f3n pr\u00f3ximamente [\/vc_column_text][\/vc_tta_section][vc_tta_section title=&#8221;\u00bfC\u00f3mo acreditarme como Visitante VIP?&#8221; tab_id=&#8221;vip&#8221;][vc_column_text]Env\u00eda un correo a <a href=\"http:\/\/manualidades@tradex.com.mx\">manualidades@tradex.com.mx<\/a> con el nombre, giro y RFC de tu empresa acompa\u00f1ado del nombre de m\u00e1ximo 2 personas relacionadas con el \u00e1rea de compras. Se solicitar\u00e1 identificaci\u00f3n de la empresa al momento de acudir al modulo VIP.[\/vc_column_text][\/vc_tta_section][vc_tta_section title=&#8221;\u00bfD\u00f3nde puedo hospedarme cerca del recinto?&#8221; tab_id=&#8221;hospedaje&#8221;][vc_row_inner][vc_column_inner width=&#8221;1\/4&#8243;][vc_single_image image=&#8221;26185&#8243; img_size=&#8221;full&#8221; alignment=&#8221;center&#8221;][\/vc_column_inner][vc_column_inner width=&#8221;3\/4&#8243;][vc_column_text css=&#8221;&#8221;]<strong>SENCILLA<\/strong>\u00a0$ 1300.00 m\u00e1s impuestos<br \/>\n<strong>DOBLE<\/strong>\u00a0$ 1400.00 m\u00e1s impuestos<br \/>\n<strong>PERSONA EXTRA<\/strong>\u00a0$ 450<\/p>\n<p><strong>INCLUYE<\/strong>\u00a0DESAYUNO BUFFET, INTERNET WI-FI<\/p>\n<p><strong>Reservaciones:<\/strong><br \/>\n<a href=\"mailto:reservas@hotelesgdlplaza.com.mx\" target=\"_blank\" rel=\"noopener\">reservas@hotelesgdlplaza.com.mx<\/a><br \/>\nAv. Mariano Otero No. 3261 44510 | Guadalajara, Jalisco<br \/>\nTel. 32.2226.2712[\/vc_column_text][\/vc_column_inner][\/vc_row_inner][vc_row_inner][vc_column_inner width=&#8221;1\/4&#8243;][vc_single_image image=&#8221;26190&#8243; img_size=&#8221;full&#8221; alignment=&#8221;center&#8221;][\/vc_column_inner][vc_column_inner width=&#8221;3\/4&#8243;][vc_column_text css=&#8221;&#8221;]<strong>Est\u00e1ndar 1 cama king<\/strong>\u00a0$ 1,470.00 (m\u00e1s impuestos)<br \/>\n<strong>Est\u00e1ndar 2 camas matrimoniales<\/strong>\u00a0$ 1,528.00 (m\u00e1s impuestos)<\/p>\n<p><strong>INCLUYE<\/strong>\u00a0DESAYUNO EXPRESS BUFFET Y WI-FI<\/p>\n<p><strong>Reservaciones:<\/strong><br \/>\n<a href=\"mailto:m.torresg@citelis.mx\" target=\"_blank\" rel=\"noopener\">m.torresg@citelis.mx<\/a><br \/>\nTel + 33 + 5000.8080 ext. 6007<br \/>\nAv. Mariano Otero 2397, Guadalajara, Jalisco[\/vc_column_text][\/vc_column_inner][\/vc_row_inner][\/vc_tta_section][\/vc_tta_accordion][\/vc_column][\/vc_row][vc_row full_width=&#8221;stretch_row&#8221; disable_element=&#8221;yes&#8221; css=&#8221;.vc_custom_1618440219897{margin-top: -40px !important;}&#8221;][vc_column][vc_empty_space][vc_tta_accordion active_section=&#8221;1&#8243;][vc_tta_section title=&#8221;\u00bfD\u00f3nde se realizar\u00e1 Expo Mercer\u00eda Manualidades?&#8221; tab_id=&#8221;1618440188365-44911aa5-4b30&#8243;][vc_column_text]En el WTC de la Ciudad de M\u00e9xico (Filadelfia s\/n, Col. N\u00e1poles, Benito Ju\u00e1rez).[\/vc_column_text][\/vc_tta_section][vc_tta_section title=&#8221;\u00bfCu\u00e1l es la fecha y hora de Expo Mercer\u00eda Manualidades?&#8221; tab_id=&#8221;1618440188399-ab8a8106-0ce3&#8243;][vc_column_text]Del 26 al 29 de Mayo 2021[\/vc_column_text][\/vc_tta_section][vc_tta_section title=&#8221;\u00bfCu\u00e1l es el costo de la entrada para visitar Expo Mercer\u00eda Manualidades?&#8221; tab_id=&#8221;1618440188431-a583a1e7-8efa&#8221;][vc_column_text]<\/p>\n<p style=\"text-align: left;\"><strong>$90 pesos<\/strong> por persona por d\u00eda<\/p>\n<p style=\"text-align: left;\"><strong>$60 pesos<\/strong> por persona, por d\u00eda con credencial INAPAM, Estudiantes<\/p>\n<p style=\"text-align: left;\"><!--<strong>Costo de Entrada:<\/strong><\/p>\n\n\n\n\n\n<ul>\n \t\n\n<li><strong>$90 pesos <\/strong>por persona x 1 d\u00eda<\/li>\n\n\n \t\n\n<li><strong>$270 pesos <\/strong>por persona x 4 d\u00edas<\/li>\n\n\n<\/ul>\n\n\n-->[\/vc_column_text][\/vc_tta_section][vc_tta_section title=&#8221;\u00bfCu\u00e1l es la mec\u00e1nica de la entrada para visitantes de Expo Mercer\u00eda Manualidades?&#8221; tab_id=&#8221;1618440188460-53e084fe-8fdd&#8221;][vc_column_text]<\/p>\n<p>Primero realizas tu pre-registro (es personal) en la p\u00e1g. Web\u00a0<a href=\"https:\/\/www.expomanualidades.info\/cdmx\/\">www.expomanualidades.info\/cdmx<\/a>\u00a0Imprimes tu gafete Lo presentas en caja para realizar el pago Tambi\u00e9n puedes realizar el pago en L\u00ednea cuando realizas el pre-registro.<\/p>\n<p>[\/vc_column_text][\/vc_tta_section][vc_tta_section title=&#8221;\u00bfC\u00f3mo realizo el pago de la entrada a Expo Mercer\u00eda Manualidades?&#8221; tab_id=&#8221;1618440188494-fe30a44d-492d&#8221;][vc_column_text]<\/p>\n<ul>\n<li>El pago se puede hacer en L\u00ednea\u00a0 una vez que se hace el pre-registro con tarjeta bancaria y\u00a0 Oxxo a trav\u00e9s de nuestro sitio <a href=\"https:\/\/www.expomanualidades.info\/cdmx\/\">www.expomanualidades.info\/cdmx<\/a>\u00a0Es indispensable presentar tu gafete impreso en el m\u00f3dulo de Caja.<\/li>\n<li>Tambi\u00e9n lo puedes hacer directamente en la expo en el \u00e1rea de CAJAS en efectivo o con tarjeta de cr\u00e9dito y d\u00e9bito de 10:30 a 19:30 hrs.<\/li>\n<\/ul>\n<p>[\/vc_column_text][\/vc_tta_section][vc_tta_section title=&#8221;\u00bfHay descuentos para personas de la tercera edad y estudiantes para visitar Expo Mercer\u00eda Manualidades?&#8221; tab_id=&#8221;1618440188524-57142f12-66a6&#8243;][vc_column_text]M\u00e1s informaci\u00f3n pr\u00f3ximamente<br \/>\n<!--<strong>Costo de entrada en caja :<\/strong>\n\n\n<ul>\n \t\n\n<li><strong>INAPAM y Universitarios <\/strong>$60 pesos<\/li>\n\n\n<\/ul>\n\n\n-->[\/vc_column_text][\/vc_tta_section][vc_tta_section title=&#8221;\u00bfLos menores de 18 a\u00f1os pueden entrar?&#8221; tab_id=&#8221;1618440188557-91686c18-fa6f&#8221;][vc_column_text]Por el perfil y caracter\u00edsticas del evento, la estatura m\u00ednima para acceder al evento es de 1:40 mts.[\/vc_column_text][\/vc_tta_section][vc_tta_section title=&#8221;\u00bfCu\u00e1l es el costo del estacionamiento?&#8221; tab_id=&#8221;1618440188589-89bde645-2efa&#8221;][vc_column_text]El precio del estacionamiento es de $35 por hora. Para m\u00e1s informaci\u00f3n consultar el siguiente link:\u00a0<a href=\"http:\/\/wtcmexico.mx\/estacionamiento-wtc\/\">http:\/\/wtcmexico.mx\/estacionamiento-wtc\/<\/a><\/p>\n<p>No contamos con promociones para el estacionamiento, ya que este es un servicio adicional al evento.[\/vc_column_text][\/vc_tta_section][vc_tta_section title=&#8221;\u00bfTengo que hacer el registro para Expo Mercer\u00eda Manualidades?&#8221; tab_id=&#8221;1618440188629-8d39598a-c095&#8243;][vc_column_text]S\u00ed, todos tienen que registrarse e imprimir su gafete y presentarlo el d\u00eda del evento. El registro es personal.[\/vc_column_text][\/vc_tta_section][vc_tta_section title=&#8221;\u00bfSi me va acompa\u00f1ar otra persona, cu\u00e1l es el procedimiento?&#8221; tab_id=&#8221;1618440188672-c29b7a9e-768f&#8221;][vc_column_text]Tambi\u00e9n tiene que pre-registrarse e imprimir su gafete y presentarlo en caja, es un registro por persona.[\/vc_column_text][\/vc_tta_section][vc_tta_section title=&#8221;\u00bfQuienes exponen en Expo Mercer\u00eda Manualidades?&#8221; tab_id=&#8221;1618440188708-e3ca7e8b-7e5d&#8221;][vc_column_text]<\/p>\n<p>Reunimos en un s\u00f3lo lugar a las principales empresas, fabricantes, importadoras, negocios y maestros de toda la Rep\u00fablica Mexicana. Es un espacio pensado para los grandes emprendedores, apasionados y creativos de las artes manuales. Conoce a los expositores que nos acompa\u00f1ar\u00e1n en esta edici\u00f3n en: <a href=\"https:\/\/www.expomanualidades.info\/cdmx\/quienes-exponen\/\">www.expomanualidades.info\/cdmx\/quienes-exponen<\/a><\/p>\n<p>[\/vc_column_text][\/vc_tta_section][vc_tta_section title=&#8221;\u00bfC\u00f3mo me acredito como visitante VIP?&#8221; tab_id=&#8221;1618440188742-9da2a47e-2e4a&#8221;][vc_column_text]Para acreditarse como visitante VIP es importante que compruebes ser comprador mayorista. Favor de enviar RFC, nombre y giro de tu empresa a <a href=\"mailto:moi@tradex.com.mx\">moi@tradex.com.mx<\/a> \u00a0S\u00f3lo se podr\u00e1n acreditar 2 personas por empresa relacionadas con el \u00e1rea de compras.[\/vc_column_text][\/vc_tta_section][vc_tta_section title=&#8221;\u00bfD\u00f3nde puedo hospedarme cerca del recinto?&#8221; tab_id=&#8221;1618440188786-2804fd98-7316&#8243;][vc_column_text]<strong>HOTEL HOLIDAY INN EXPRESS<\/strong><br \/>\nContacto: Tel. 52 + 55.1164.1164 ext. 3006, 3007 <a href=\"mailto:gciareservaciones@hoteldemexico.com\" target=\"_blank\" rel=\"noopener noreferrer\"><br \/>\ngciareservaciones@hoteldemexico.com<\/a><br \/>\n<a href=\"https:\/\/holidayexpresswtc.com\/\" target=\"_blank\" rel=\"noopener noreferrer\">www.holidayexpresswtc.com<\/a><\/p>\n<p><!--strong>HOTEL CROWNE PLAZA<\/strong>\nContacto: Tel. 52 + 55 + 1164.1164 ext. 3007, 3008 y 4008\n<span id=\"cloak455e189d13e54b4d81a52789c3ccd212\"><a href=\"mailto:gciareservaciones@hoteldemexico.com\">gciareservaciones@hoteldemexico.com<\/a><\/span>,\n<span id=\"cloake309211ce52cc6585f014b6392b55caa\"><a href=\"mailto:reservaciones2@hoteldemexico.com\">reservaciones2@hoteldemexico.com<\/a><\/span>,\n<span id=\"cloakdf0335287099da6a6b4cdd1a78c2feb8\"><a href=\"mailto:reservaciones1@hoteldemexico.com\">reservaciones1@hoteldemexico.com<\/a><\/span--><\/p>\n<p><strong>HOLIDAY INN TRADE CENTER<\/strong><br \/>\nContacto:<br \/>\nTel. (55) 5278 9950 o en la central de reservas lada sin costo 01800 00 999 00<br \/>\n<a href=\"mailto:revenuemanager@hinntradecenter.com.mx\">revenuemanager@hinntradecenter.com.mx<\/a><br \/>\n<a href=\"https:\/\/www.holidayinn.com\/hotels\/us\/es\/find-hotels\/hotel\/list?fromRedirect=true&amp;qSrt=sBR&amp;qIta=99612693&amp;icdv=99612693&amp;glat=SEAR&amp;qDest=Mexico%20City,%20Mexico&amp;setPMCookies=true&amp;dp=true&amp;gclid=EAIaIQobChMIpubb5Z-95gIVLv_jBx0vjQKFEAAYASAAEgJ_UPD_BwE&amp;cid=44386&amp;srb_u=1\" target=\"_blank\" rel=\"noopener noreferrer\">www.holidayinn.com<\/a>[\/vc_column_text][\/vc_tta_section][vc_tta_section title=&#8221;\u00bfEn qu\u00e9 l\u00ednea a\u00e9rea puedo viajar?&#8221; tab_id=&#8221;1618440188826-fc964a9a-69a1&#8243;][vc_column_text] M\u00e1s informaci\u00f3n pr\u00f3ximamente [\/vc_column_text][\/vc_tta_section][\/vc_tta_accordion][\/vc_column][\/vc_row]<\/p>\n<\/div>","protected":false},"excerpt":{"rendered":"<p>[vc_row full_width=&#8221;stretch_row&#8221; css=&#8221;.vc_custom_1595891534806{margin-top: -40px !important;}&#8221;][vc_column][vc_empty_space height=&#8221;47px&#8221;][vc_tta_accordion active_section=&#8221;1&#8243;][vc_tta_section title=&#8221;\u00bfD\u00f3nde y cu\u00e1ndo se llevar\u00e1 a cabo Expo Manualidades Guadalajara?&#8221; tab_id=&#8221;Realizacion&#8221;][vc_column_text css=&#8221;&#8221;]Expo Manualidades Guadalajara se realizar\u00e1 del 27 al 29 de Agosto 2026\u00a0en [&hellip;]<\/p>\n","protected":false},"author":1,"featured_media":0,"parent":0,"menu_order":0,"comment_status":"closed","ping_status":"closed","template":"","meta":{"_monsterinsights_skip_tracking":false,"_monsterinsights_sitenote_active":false,"_monsterinsights_sitenote_note":"","_monsterinsights_sitenote_category":0,"site-sidebar-layout":"no-sidebar","site-content-layout":"plain-container","ast-site-content-layout":"normal-width-container","site-content-style":"unboxed","site-sidebar-style":"unboxed","ast-global-header-display":"","ast-banner-title-visibility":"","ast-main-header-display":"","ast-hfb-above-header-display":"","ast-hfb-below-header-display":"","ast-hfb-mobile-header-display":"","site-post-title":"disabled","ast-breadcrumbs-content":"","ast-featured-img":"disabled","footer-sml-layout":"","theme-transparent-header-meta":"default","adv-header-id-meta":"","stick-header-meta":"","header-above-stick-meta":"","header-main-stick-meta":"","header-below-stick-meta":"","astra-migrate-meta-layouts":"set","ast-page-background-enabled":"default","ast-page-background-meta":{"desktop":{"background-color":"var(--ast-global-color-4)","background-image":"","background-repeat":"repeat","background-position":"center center","background-size":"auto","background-attachment":"scroll","background-type":"","background-media":"","overlay-type":"","overlay-color":"","overlay-opacity":"","overlay-gradient":""},"tablet":{"background-color":"","background-image":"","background-repeat":"repeat","background-position":"center center","background-size":"auto","background-attachment":"scroll","background-type":"","background-media":"","overlay-type":"","overlay-color":"","overlay-opacity":"","overlay-gradient":""},"mobile":{"background-color":"","background-image":"","background-repeat":"repeat","background-position":"center center","background-size":"auto","background-attachment":"scroll","background-type":"","background-media":"","overlay-type":"","overlay-color":"","overlay-opacity":"","overlay-gradient":""}},"ast-content-background-meta":{"desktop":{"background-color":"var(--ast-global-color-5)","background-image":"","background-repeat":"repeat","background-position":"center center","background-size":"auto","background-attachment":"scroll","background-type":"","background-media":"","overlay-type":"","overlay-color":"","overlay-opacity":"","overlay-gradient":""},"tablet":{"background-color":"var(--ast-global-color-5)","background-image":"","background-repeat":"repeat","background-position":"center center","background-size":"auto","background-attachment":"scroll","background-type":"","background-media":"","overlay-type":"","overlay-color":"","overlay-opacity":"","overlay-gradient":""},"mobile":{"background-color":"var(--ast-global-color-5)","background-image":"","background-repeat":"repeat","background-position":"center center","background-size":"auto","background-attachment":"scroll","background-type":"","background-media":"","overlay-type":"","overlay-color":"","overlay-opacity":"","overlay-gradient":""}},"_price":"","_stock":"","_tribe_ticket_header":"","_tribe_default_ticket_provider":"","_tribe_ticket_capacity":"0","_ticket_start_date":"","_ticket_end_date":"","_tribe_ticket_show_description":"","_tribe_ticket_show_not_going":false,"_tribe_ticket_use_global_stock":"","_tribe_ticket_global_stock_level":"","_global_stock_mode":"","_global_stock_cap":"","_tribe_rsvp_for_event":"","_tribe_ticket_going_count":"","_tribe_ticket_not_going_count":"","_tribe_tickets_list":"[]","_tribe_ticket_has_attendee_info_fields":false,"footnotes":"","_tec_slr_enabled":"","_tec_slr_layout":""},"class_list":["post-25947","page","type-page","status-publish","hentry"],"ticketed":false,"_links":{"self":[{"href":"https:\/\/www.expomanualidades.info\/guadalajara\/wp-json\/wp\/v2\/pages\/25947","targetHints":{"allow":["GET"]}}],"collection":[{"href":"https:\/\/www.expomanualidades.info\/guadalajara\/wp-json\/wp\/v2\/pages"}],"about":[{"href":"https:\/\/www.expomanualidades.info\/guadalajara\/wp-json\/wp\/v2\/types\/page"}],"author":[{"embeddable":true,"href":"https:\/\/www.expomanualidades.info\/guadalajara\/wp-json\/wp\/v2\/users\/1"}],"replies":[{"embeddable":true,"href":"https:\/\/www.expomanualidades.info\/guadalajara\/wp-json\/wp\/v2\/comments?post=25947"}],"version-history":[{"count":2,"href":"https:\/\/www.expomanualidades.info\/guadalajara\/wp-json\/wp\/v2\/pages\/25947\/revisions"}],"predecessor-version":[{"id":28065,"href":"https:\/\/www.expomanualidades.info\/guadalajara\/wp-json\/wp\/v2\/pages\/25947\/revisions\/28065"}],"wp:attachment":[{"href":"https:\/\/www.expomanualidades.info\/guadalajara\/wp-json\/wp\/v2\/media?parent=25947"}],"curies":[{"name":"wp","href":"https:\/\/api.w.org\/{rel}","templated":true}]}}