{"id":224,"date":"2017-12-06T16:06:34","date_gmt":"2017-12-06T22:06:34","guid":{"rendered":"http:\/\/tradex.mx\/manualidades\/veracruz\/2018\/?page_id=224"},"modified":"2026-02-26T14:18:39","modified_gmt":"2026-02-26T20:18:39","slug":"quienes-exponen","status":"publish","type":"page","link":"https:\/\/www.expomanualidades.info\/guadalajara\/quienes-exponen\/","title":{"rendered":"Lista de Expositores"},"content":{"rendered":"<div class=\"wpb-content-wrapper\"><p>[vc_row][vc_column][vc_column_text css=&#8221;&#8221;]<\/p>\n<table id=\"listaExpositor\" border=\"0\" width=\"100%\" cellspacing=\"0\" cellpadding=\"0\">\n<tbody>\n<tr style=\"text-align: center; background: #4292a5;\">\n<td style=\"text-align: center; back ground: #4292a5;\" colspan=\"2\"><strong style=\"color: #fff;\">ESTADO<\/strong><\/td>\n<td style=\"text-align: center; background: #4292a5;\"><strong style=\"color: #fff;\">EMPRESA<\/strong><\/td>\n<td style=\"text-align: center; background: #4292a5;\"><strong style=\"color: #fff;\">STAND<\/strong><\/td>\n<td style=\"text-align: center; background: #4292a5;\"><strong style=\"color: #fff;\">GIRO<\/strong><\/td>\n<\/tr>\n<tr>\n<td><\/td>\n<td>Edo.M\u00e9xico<\/td>\n<td>Manualidades Click<\/td>\n<td>101<\/td>\n<td>Directorios y revistas de manualidades, venta de material, cortadores y moldes para fondant, galletas y m\u00e1s<\/td>\n<\/tr>\n<tr>\n<td><\/td>\n<td>Cdmx<\/td>\n<td>Crystalia<\/td>\n<td>103<\/td>\n<td>Insumos para armado de bisuteria<\/td>\n<\/tr>\n<tr>\n<td><\/td>\n<td>Cdmx<\/td>\n<td>Pinceles Razziel<\/td>\n<td>107<\/td>\n<td>Fabricantes de pinceles para arte, manualidades, escolar, rotulismo, para \u00f3leo, acuarela y muchos usos m\u00e1s<\/td>\n<\/tr>\n<tr>\n<td><\/td>\n<td>Edo.M\u00e9xico<\/td>\n<td>La Mexicanita Store<\/td>\n<td>407<\/td>\n<td>Filigrana<\/td>\n<\/tr>\n<tr>\n<td><\/td>\n<td>Cdmx<\/td>\n<td>Peliculitas Bopp<\/td>\n<td>109<\/td>\n<td>Rollos para plastificado t\u00e9rmico, mate, brillante, soft touch y hologr\u00e1ficos<\/td>\n<\/tr>\n<tr>\n<td><\/td>\n<td>Cdmx<\/td>\n<td>Creaciones Moly Scrap<\/td>\n<td>110<\/td>\n<td>T\u00e9cnica de scrapbook, venta de herramientas y talleres para el manejo de creaciones en papel<\/td>\n<\/tr>\n<tr>\n<td><\/td>\n<td>Jalisco<\/td>\n<td>Alveolo<\/td>\n<td>115<\/td>\n<td>Bordado artesanal, talleres, venta de materiales y accesorios<\/td>\n<\/tr>\n<tr>\n<td><\/td>\n<td>Jalisco<\/td>\n<td>Sweetmagic paper<\/td>\n<td>200<\/td>\n<td>Venta de papeler\u00eda kawaii, Sketchbooks, guillotinas, plumones, libretas, washitapes, resaltadores, pegamento en cinta<\/td>\n<\/tr>\n<tr>\n<td><\/td>\n<td>Cdmx<\/td>\n<td>Mercer\u00eda Actualidad<\/td>\n<td>200A<\/td>\n<td>Revista internacional con tema de manualidades<\/td>\n<\/tr>\n<tr>\n<td><\/td>\n<td>Cdmx<\/td>\n<td>Janome<\/td>\n<td>202<\/td>\n<td>M\u00e1quinas de coser, accesorios y talleres<\/td>\n<\/tr>\n<tr>\n<td><\/td>\n<td>Jalisco<\/td>\n<td>Huitzil GR Filigrana<\/td>\n<td>204<\/td>\n<td>Filigrana en papel, venta de papel, herramientas y talleres<\/td>\n<\/tr>\n<tr>\n<td><\/td>\n<td>Monterrey<\/td>\n<td>Happy Hobby Scrap<\/td>\n<td>206<\/td>\n<td>Art\u00edculos para manualidades en general, papeler\u00eda y tarjeter\u00eda social<\/td>\n<\/tr>\n<tr>\n<td><\/td>\n<td>Cdmx<\/td>\n<td>Beth Bisuter\u00eda<\/td>\n<td>207<\/td>\n<td>Venta de insumos para el armado de joyer\u00eda Miyuki<\/td>\n<\/tr>\n<tr>\n<td><img loading=\"lazy\" decoding=\"async\" class=\"alignnone size-full wp-image-9891\" style=\"width: 100%;\" src=\"https:\/\/expomanualidades.info\/cdmx\/wp-content\/uploads\/2024\/05\/nuevo.png\" width=\"101\" height=\"101\" \/><\/td>\n<td>Cdmx<\/td>\n<td>Inovamarket<\/td>\n<td>208<\/td>\n<td>Soluciones en impresi\u00f3n 3D, escaneo 3D, corte y grabado l\u00e1ser<\/td>\n<\/tr>\n<tr>\n<td><img loading=\"lazy\" decoding=\"async\" class=\"alignnone size-full wp-image-9891\" style=\"width: 100%;\" src=\"https:\/\/expomanualidades.info\/cdmx\/wp-content\/uploads\/2024\/05\/nuevo.png\" width=\"101\" height=\"101\" \/><\/td>\n<td>Jalisco<\/td>\n<td>Rebepatch<\/td>\n<td>209<\/td>\n<td><\/td>\n<\/tr>\n<tr>\n<td><img loading=\"lazy\" decoding=\"async\" class=\"alignnone size-full wp-image-9891\" style=\"width: 100%;\" src=\"https:\/\/expomanualidades.info\/cdmx\/wp-content\/uploads\/2024\/05\/nuevo.png\" width=\"101\" height=\"101\" \/><\/td>\n<td>Jalisco<\/td>\n<td>Abreiko<\/td>\n<td>210<\/td>\n<td>Materias primas para la industria cosm\u00e9tica, velas y perfumer\u00eda<\/td>\n<\/tr>\n<tr>\n<td><\/td>\n<td>Tlaxcala<\/td>\n<td>Duren Colors Pinturas<\/td>\n<td>210<\/td>\n<td>F\u00e1brica de pintura y venta de materiales para manualidades<\/td>\n<\/tr>\n<tr>\n<td><img loading=\"lazy\" decoding=\"async\" class=\"alignnone size-full wp-image-9891\" style=\"width: 100%;\" src=\"https:\/\/expomanualidades.info\/cdmx\/wp-content\/uploads\/2024\/05\/nuevo.png\" width=\"101\" height=\"101\" \/><\/td>\n<td>Jalisco<\/td>\n<td>Atelier del Arte<\/td>\n<td>300<\/td>\n<td>Punto de cruz, quilt, mu\u00f1ecas, telas<\/td>\n<\/tr>\n<tr>\n<td><\/td>\n<td>Chihuahua<\/td>\n<td>Lideart<\/td>\n<td>302<\/td>\n<td>Equipos y materiales para manualidades, proyectos DIY, plotter de corte, planchas de calor, impresoras de sublimaci\u00f3n, encuadernado, resina y mucho m\u00e1s<\/td>\n<\/tr>\n<tr>\n<td><img loading=\"lazy\" decoding=\"async\" class=\"alignnone size-full wp-image-9891\" style=\"width: 100%;\" src=\"https:\/\/expomanualidades.info\/cdmx\/wp-content\/uploads\/2024\/05\/nuevo.png\" width=\"101\" height=\"101\" \/><\/td>\n<td>Cdmx<\/td>\n<td>Petrowax<\/td>\n<td>303<\/td>\n<td>Materias primas para elaboraraci\u00f3n de velas decorativas y religiosas<\/td>\n<\/tr>\n<tr>\n<td><\/td>\n<td>Cdmx<\/td>\n<td>Todos los productos<\/td>\n<td>304<\/td>\n<td>Venta de equipos de sublimaci\u00f3n y equipos laser<\/td>\n<\/tr>\n<tr>\n<td><\/td>\n<td>Toluca<\/td>\n<td>Algod\u00f3n Chick<\/td>\n<td>306<\/td>\n<td>Art\u00edculos de decoraci\u00f3n<\/td>\n<\/tr>\n<tr>\n<td><\/td>\n<td>Aguascalientes<\/td>\n<td>Lettering y Dibujo Ags<\/td>\n<td>308<\/td>\n<td>Todo para caligraf\u00eda, plumones para tela, colores y accesorios para tus manualidades<\/td>\n<\/tr>\n<tr>\n<td><img loading=\"lazy\" decoding=\"async\" class=\"alignnone size-full wp-image-9891\" style=\"width: 100%;\" src=\"https:\/\/expomanualidades.info\/cdmx\/wp-content\/uploads\/2024\/05\/nuevo.png\" width=\"101\" height=\"101\" \/><\/td>\n<td>Cdmx<\/td>\n<td>Puntadas de Amor La Duquesa<\/td>\n<td>309<\/td>\n<td>Mercer\u00eda en general parches y sublimado de tela<\/td>\n<\/tr>\n<tr>\n<td><\/td>\n<td>Cdmx<\/td>\n<td>ScrapFer<\/td>\n<td>314<\/td>\n<td>Suministros para elaboraci\u00f3n de libretas, cursos de agendas presenciales y online<\/td>\n<\/tr>\n<tr>\n<td><\/td>\n<td>Jalisco<\/td>\n<td>Entre Agujas y Tejido<\/td>\n<td>316<\/td>\n<td>Estambres y tejidos &#8211; cursos<\/td>\n<\/tr>\n<tr>\n<td><\/td>\n<td>Edo.M\u00e9xico<\/td>\n<td>Manualidades y Creaciones Sarita<\/td>\n<td>318<\/td>\n<td>T\u00e9cnica de cromos entelado, bordado en list\u00f3n y fieltro<\/td>\n<\/tr>\n<tr>\n<td><\/td>\n<td>Jalisco<\/td>\n<td>Aralya, Detalles para tu Hogar<\/td>\n<td>401<\/td>\n<td>Tienda de materiales para manualidades, venta de cromos, piedras, gliter, terciopelo, madera y mucho m\u00e1s<\/td>\n<\/tr>\n<tr>\n<td><\/td>\n<td>Cdmx<\/td>\n<td>My Creations Store<\/td>\n<td>402<\/td>\n<td>Venta de insumos para manualidades, troqueles, laminadoras &amp; party stationery<\/td>\n<\/tr>\n<tr>\n<td><\/td>\n<td>Cdmx<\/td>\n<td>Nube Lanosa<\/td>\n<td>404<\/td>\n<td>Materiales y herramientas para felting, tambi\u00e9n esculturas de lana ya terminadas. Cursos para aprender la t\u00e9cnica de felting<\/td>\n<\/tr>\n<tr>\n<td><\/td>\n<td>Toluca<\/td>\n<td>Dise\u00f1os D\u00b4 Karen<\/td>\n<td>406<\/td>\n<td>Patchwork, quilting y apliqu\u00e9, kits, producto terminado<\/td>\n<\/tr>\n<tr>\n<td><img loading=\"lazy\" decoding=\"async\" class=\"alignnone size-full wp-image-9891\" style=\"width: 100%;\" src=\"https:\/\/expomanualidades.info\/cdmx\/wp-content\/uploads\/2024\/05\/nuevo.png\" width=\"101\" height=\"101\" \/><\/td>\n<td>Edo.M\u00e9xico<\/td>\n<td>Pehuana<\/td>\n<td>407<\/td>\n<td>Salud y belleza<\/td>\n<\/tr>\n<tr>\n<td><\/td>\n<td>Cdmx<\/td>\n<td>Susana Carranco<\/td>\n<td>414<\/td>\n<td>Papeler\u00eda y Mercer\u00eda<\/td>\n<\/tr>\n<tr>\n<td><img loading=\"lazy\" decoding=\"async\" class=\"alignnone size-full wp-image-9891\" style=\"width: 100%;\" src=\"https:\/\/expomanualidades.info\/cdmx\/wp-content\/uploads\/2024\/05\/nuevo.png\" width=\"101\" height=\"101\" \/><\/td>\n<td>Edo.M\u00e9xico<\/td>\n<td>Mabby Kechuladas<\/td>\n<td>416<\/td>\n<td>Manualidades de Pasta flexible y resina ep\u00f3xica<\/td>\n<\/tr>\n<tr>\n<td><\/td>\n<td>Jalisco<\/td>\n<td>Civel<\/td>\n<td>506<\/td>\n<td>Ceras e insumos para velas<\/td>\n<\/tr>\n<tr>\n<td><\/td>\n<td>Cdmx<\/td>\n<td>Coco&amp;Leche<\/td>\n<td>507<\/td>\n<td>Tienda de art\u00edculos, herramientas y accesorios para scrapbook, vinil textil, DTF, DTF UV y mucho m\u00e1s. Cursos y talleres<\/td>\n<\/tr>\n<tr>\n<td><\/td>\n<td>Cdmx<\/td>\n<td>Dibuja y Colorea Tu Mundo<\/td>\n<td>513<\/td>\n<td>Amplia gama de materiales de dibujo y de arte<\/td>\n<\/tr>\n<tr>\n<td><\/td>\n<td>Jalisco<\/td>\n<td>Nadiola\u00b4s Gift\u00b4s &amp; Cake\u00b4s<\/td>\n<td>515<\/td>\n<td>Productos personalizados y cajas de cart\u00f3n para regalos<\/td>\n<\/tr>\n<tr>\n<td><\/td>\n<td>Edo.M\u00e9xico<\/td>\n<td>Alemi<\/td>\n<td>604<\/td>\n<td>Diamond paiting<\/td>\n<\/tr>\n<tr>\n<td><\/td>\n<td>Cdmx<\/td>\n<td>Suspiros en Papel<\/td>\n<td>608<\/td>\n<td>Papel de algod\u00f3n en pliego para todo tipo de manualidades, sellos para pasta, corte y dise\u00f1o l\u00e1ser, herrajes, madera, pegamentos y m\u00e1s<\/td>\n<\/tr>\n<tr>\n<td><img loading=\"lazy\" decoding=\"async\" class=\"alignnone size-full wp-image-9891\" style=\"width: 100%;\" src=\"https:\/\/expomanualidades.info\/cdmx\/wp-content\/uploads\/2024\/05\/nuevo.png\" width=\"101\" height=\"101\" \/><\/td>\n<td>Tlaxcala<\/td>\n<td>Pinturas Duren Colors<\/td>\n<td>609<\/td>\n<td>F\u00e1brica de pintura y venta de materiales para manualidades<\/td>\n<\/tr>\n<tr>\n<td><\/td>\n<td>Morelia<\/td>\n<td>Textiles Mexicanos<\/td>\n<td>610<\/td>\n<td>Textiles y mercer\u00eda<\/td>\n<\/tr>\n<tr>\n<td><\/td>\n<td>Jalisco<\/td>\n<td>Arte manual Rosy Amezcua<\/td>\n<td>611<\/td>\n<td>Pintura decorativa textil marca Arte Manual, pasta flexible, pegamento para pasta flexible, juegos de ba\u00f1o en manta bondeada<\/td>\n<\/tr>\n<tr>\n<td><img loading=\"lazy\" decoding=\"async\" class=\"alignnone size-full wp-image-9891\" style=\"width: 100%;\" src=\"https:\/\/expomanualidades.info\/cdmx\/wp-content\/uploads\/2024\/05\/nuevo.png\" width=\"101\" height=\"101\" \/><\/td>\n<td><\/td>\n<td>Estaci\u00f3n Turquesa<\/td>\n<td>618<\/td>\n<td><\/td>\n<\/tr>\n<tr style=\"text-align: center; background: #4292a5;\">\n<td style=\"text-align: center; background: #4292a5;\" colspan=\"5\"><strong style=\"color: #fff;\">MESAS PARA MAESTRAS<\/strong><\/td>\n<\/tr>\n<tr style=\"text-align: center; background: #4292a5;\">\n<td style=\"text-align: center; back ground: #4292a5;\" colspan=\"2\"><strong style=\"color: #fff;\">ESTADO<\/strong><\/td>\n<td style=\"text-align: center; background: #4292a5;\"><strong style=\"color: #fff;\">EMPRESA<\/strong><\/td>\n<td style=\"text-align: center; background: #4292a5;\"><strong style=\"color: #fff;\">STAND<\/strong><\/td>\n<td style=\"text-align: center; background: #4292a5;\"><strong style=\"color: #fff;\">GIRO<\/strong><\/td>\n<\/tr>\n<tr>\n<td><img loading=\"lazy\" decoding=\"async\" class=\"alignnone size-full wp-image-9891\" style=\"width: 100%;\" src=\"https:\/\/expomanualidades.info\/cdmx\/wp-content\/uploads\/2024\/05\/nuevo.png\" width=\"101\" height=\"101\" \/><\/td>\n<td>CDMX<\/td>\n<td>Hilana Textil<\/td>\n<td>13<\/td>\n<td>Materiales y herramientas para bordado, felting y tejido. Te\u00f1ido con tintes naturales<\/td>\n<\/tr>\n<\/tbody>\n<\/table>\n<p>[\/vc_column_text][\/vc_column][\/vc_row]<\/p>\n<\/div>","protected":false},"excerpt":{"rendered":"<p>[vc_row][vc_column][vc_column_text css=&#8221;&#8221;] ESTADO EMPRESA STAND GIRO Edo.M\u00e9xico Manualidades Click 101 Directorios y revistas de manualidades, venta de material, cortadores y moldes para fondant, galletas y m\u00e1s Cdmx Crystalia 103 Insumos [&hellip;]<\/p>\n","protected":false},"author":1,"featured_media":0,"parent":0,"menu_order":0,"comment_status":"closed","ping_status":"closed","template":"","meta":{"_monsterinsights_skip_tracking":false,"_monsterinsights_sitenote_active":false,"_monsterinsights_sitenote_note":"","_monsterinsights_sitenote_category":0,"site-sidebar-layout":"no-sidebar","site-content-layout":"plain-container","ast-site-content-layout":"normal-width-container","site-content-style":"unboxed","site-sidebar-style":"unboxed","ast-global-header-display":"","ast-banner-title-visibility":"","ast-main-header-display":"","ast-hfb-above-header-display":"","ast-hfb-below-header-display":"","ast-hfb-mobile-header-display":"","site-post-title":"disabled","ast-breadcrumbs-content":"","ast-featured-img":"disabled","footer-sml-layout":"","theme-transparent-header-meta":"default","adv-header-id-meta":"","stick-header-meta":"","header-above-stick-meta":"","header-main-stick-meta":"","header-below-stick-meta":"","astra-migrate-meta-layouts":"set","ast-page-background-enabled":"default","ast-page-background-meta":{"desktop":{"background-color":"var(--ast-global-color-4)","background-image":"","background-repeat":"repeat","background-position":"center center","background-size":"auto","background-attachment":"scroll","background-type":"","background-media":"","overlay-type":"","overlay-color":"","overlay-opacity":"","overlay-gradient":""},"tablet":{"background-color":"","background-image":"","background-repeat":"repeat","background-position":"center center","background-size":"auto","background-attachment":"scroll","background-type":"","background-media":"","overlay-type":"","overlay-color":"","overlay-opacity":"","overlay-gradient":""},"mobile":{"background-color":"","background-image":"","background-repeat":"repeat","background-position":"center center","background-size":"auto","background-attachment":"scroll","background-type":"","background-media":"","overlay-type":"","overlay-color":"","overlay-opacity":"","overlay-gradient":""}},"ast-content-background-meta":{"desktop":{"background-color":"var(--ast-global-color-5)","background-image":"","background-repeat":"repeat","background-position":"center center","background-size":"auto","background-attachment":"scroll","background-type":"","background-media":"","overlay-type":"","overlay-color":"","overlay-opacity":"","overlay-gradient":""},"tablet":{"background-color":"var(--ast-global-color-5)","background-image":"","background-repeat":"repeat","background-position":"center center","background-size":"auto","background-attachment":"scroll","background-type":"","background-media":"","overlay-type":"","overlay-color":"","overlay-opacity":"","overlay-gradient":""},"mobile":{"background-color":"var(--ast-global-color-5)","background-image":"","background-repeat":"repeat","background-position":"center center","background-size":"auto","background-attachment":"scroll","background-type":"","background-media":"","overlay-type":"","overlay-color":"","overlay-opacity":"","overlay-gradient":""}},"_price":"","_stock":"","_tribe_ticket_header":"","_tribe_default_ticket_provider":"","_tribe_ticket_capacity":"0","_ticket_start_date":"","_ticket_end_date":"","_tribe_ticket_show_description":"","_tribe_ticket_show_not_going":false,"_tribe_ticket_use_global_stock":"","_tribe_ticket_global_stock_level":"","_global_stock_mode":"","_global_stock_cap":"","_tribe_rsvp_for_event":"","_tribe_ticket_going_count":"","_tribe_ticket_not_going_count":"","_tribe_tickets_list":"[]","_tribe_ticket_has_attendee_info_fields":false,"footnotes":"","_tec_slr_enabled":"","_tec_slr_layout":""},"class_list":["post-224","page","type-page","status-publish","hentry"],"ticketed":false,"_links":{"self":[{"href":"https:\/\/www.expomanualidades.info\/guadalajara\/wp-json\/wp\/v2\/pages\/224","targetHints":{"allow":["GET"]}}],"collection":[{"href":"https:\/\/www.expomanualidades.info\/guadalajara\/wp-json\/wp\/v2\/pages"}],"about":[{"href":"https:\/\/www.expomanualidades.info\/guadalajara\/wp-json\/wp\/v2\/types\/page"}],"author":[{"embeddable":true,"href":"https:\/\/www.expomanualidades.info\/guadalajara\/wp-json\/wp\/v2\/users\/1"}],"replies":[{"embeddable":true,"href":"https:\/\/www.expomanualidades.info\/guadalajara\/wp-json\/wp\/v2\/comments?post=224"}],"version-history":[{"count":6,"href":"https:\/\/www.expomanualidades.info\/guadalajara\/wp-json\/wp\/v2\/pages\/224\/revisions"}],"predecessor-version":[{"id":28106,"href":"https:\/\/www.expomanualidades.info\/guadalajara\/wp-json\/wp\/v2\/pages\/224\/revisions\/28106"}],"wp:attachment":[{"href":"https:\/\/www.expomanualidades.info\/guadalajara\/wp-json\/wp\/v2\/media?parent=224"}],"curies":[{"name":"wp","href":"https:\/\/api.w.org\/{rel}","templated":true}]}}